{"id":474506,"date":"2023-07-02T09:10:43","date_gmt":"2023-07-02T07:10:43","guid":{"rendered":"https:\/\/lucacastelli.com\/prodotto\/fuel-akku-schlagschrauber-3-8-vierkant-m12fiw38-0\/"},"modified":"2023-07-02T09:10:43","modified_gmt":"2023-07-02T07:10:43","slug":"fuel-akku-schlagschrauber-3-8-vierkant-m12fiw38-0","status":"publish","type":"product","link":"https:\/\/lucacastelli.com\/de\/produkt\/fuel-akku-schlagschrauber-3-8-vierkant-m12fiw38-0\/","title":{"rendered":"FUEL\u2122 Akku-Schlagschrauber 3\/8 \u0301 \u0301 Vierkant M12FIW38-0"},"content":{"rendered":"<p>Kompakte Gr\u00f6\u00dfe und geringes Gewicht f\u00fcr bessere Kontrolle<br \/>\nMaximales Drehmoment von 339 Nm<br \/>\n3\/8&#8243; Vierkantantrieb mit Sprengring<br \/>\nPOWERSTATE\u2122 b\u00fcrstenloser Motor f\u00fcr mehr Leistung in einem kompakteren<br \/>\nDesign Die REDLINK PLUS-Elektronik\u2122 bietet einen fortschrittlichen digitalen \u00dcberlastschutz f\u00fcr Maschine und Batterie und h\u00e4lt die Leistung unter Last<br \/>\nkonstant REDLITHIUM-IONEN-Akku\u2122 bietet ein perfekt kalibriertes Design, fortschrittliche Elektronik und verlustfreie Leistungsentfaltung,  F\u00fcr eine l\u00e4ngere Lebensdauer und Zuverl\u00e4ssigkeit als bei fr\u00fcheren Modellen.<br \/>\nDie Einzelzellen\u00fcberwachung optimiert die Batterielebensdauer und sorgt f\u00fcr eine lange Batterielebensdauer<br \/>\n: Eine Gesamtl\u00e4nge von nur 121,9 mm erm\u00f6glicht einen besseren Zugang zu schwer zug\u00e4nglichen<br \/>\nStellen. Drive Control\u2122 mit 4 Schaltstufen<br \/>\nLED-Arbeitsplatzbeleuchtungssystem<br \/>\n100% kompatibel mit der Milwaukee\u00ae M12-Produktreihe\u2122.<\/p>\n<p>Technische Daten:<\/p>\n<p>Lithium-Ionen-Akku<br \/>\nGewicht mit Akku (kg) 1.1<br \/>\nLeerlaufdrehzahl (min-1) 1200\/1800\/2700\/2700<br \/>\nMaximales Drehmoment (Nm) 339 Drehmoment (Nm) 339<br \/>\nMaximales Drehmoment Drehmoment [Nm] 339<br \/>\nMaximales L\u00f6semoment [Nm] 339 L\u00f6semoment [Nm] 339<br \/>\nMaximaler Schraubendurchmesser Schraubendurchmesser M16<br \/>\nSchlagdrehzahl (min-1) 1100\/2100\/3200<br \/>\nSpannung [V] 12<\/p>\n<p>Lieferumfang:<br \/>\n ohne Akku, ohne Ladeger\u00e4t, ohne HD Box<\/p>\n","protected":false},"excerpt":{"rendered":"<p>Kompakte Gr\u00f6\u00dfe und geringes Gewicht f\u00fcr bessere Kontrolle Maximales Drehmoment von 339 Nm 3\/8&#8243; Vierkantantrieb mit Sprengring POWERSTATE\u2122 b\u00fcrstenloser Motor<\/p>\n","protected":false},"featured_media":56947,"template":"","meta":{"_seopress_robots_primary_cat":"","_seopress_titles_title":"","_seopress_titles_desc":"","_seopress_robots_index":""},"product_brand":[3407],"product_cat":[29,514,549],"product_tag":[],"class_list":{"0":"post-474506","1":"product","2":"type-product","3":"status-publish","4":"has-post-thumbnail","6":"product_brand-milwaukee","7":"product_cat-macchinari","8":"product_cat-altri-dispositivi","9":"product_cat-trapani-e-avvitatori","11":"first","12":"onbackorder","13":"shipping-taxable","14":"purchasable","15":"product-type-simple"},"_links":{"self":[{"href":"https:\/\/lucacastelli.com\/de\/wp-json\/wp\/v2\/product\/474506","targetHints":{"allow":["GET"]}}],"collection":[{"href":"https:\/\/lucacastelli.com\/de\/wp-json\/wp\/v2\/product"}],"about":[{"href":"https:\/\/lucacastelli.com\/de\/wp-json\/wp\/v2\/types\/product"}],"wp:featuredmedia":[{"embeddable":true,"href":"https:\/\/lucacastelli.com\/de\/wp-json\/wp\/v2\/media\/56947"}],"wp:attachment":[{"href":"https:\/\/lucacastelli.com\/de\/wp-json\/wp\/v2\/media?parent=474506"}],"wp:term":[{"taxonomy":"product_brand","embeddable":true,"href":"https:\/\/lucacastelli.com\/de\/wp-json\/wp\/v2\/product_brand?post=474506"},{"taxonomy":"product_cat","embeddable":true,"href":"https:\/\/lucacastelli.com\/de\/wp-json\/wp\/v2\/product_cat?post=474506"},{"taxonomy":"product_tag","embeddable":true,"href":"https:\/\/lucacastelli.com\/de\/wp-json\/wp\/v2\/product_tag?post=474506"}],"curies":[{"name":"wp","href":"https:\/\/api.w.org\/{rel}","templated":true}]}}