{"id":474501,"date":"2023-07-02T09:10:17","date_gmt":"2023-07-02T07:10:17","guid":{"rendered":"https:\/\/lucacastelli.com\/prodotto\/fuel-akku-schlagschrauber-1-4-vierkant-m12fiw14-0\/"},"modified":"2023-07-02T09:10:17","modified_gmt":"2023-07-02T07:10:17","slug":"fuel-akku-schlagschrauber-1-4-vierkant-m12fiw14-0","status":"publish","type":"product","link":"https:\/\/lucacastelli.com\/de\/produkt\/fuel-akku-schlagschrauber-1-4-vierkant-m12fiw14-0\/","title":{"rendered":"FUEL\u2122 Akku-Schlagschrauber 1\/4 \u0301 \u0301 Vierkant M12FIW14-0"},"content":{"rendered":"<p>Kompakte Abmessungen und geringes Gewicht f\u00fcr bessere Kontrolle<br \/>\nMax. Anzugsdrehmoment von 115 Nm<br \/>\nMaximales L\u00f6sedrehmoment von 136 Nm<br \/>\n1\/4&#8221; Vierkantantrieb mit Sprengring<br \/>\nPOWERSTATE\u2122 Brushless-Motor f\u00fcr h\u00e4rteste<br \/>\nEins\u00e4tze Die REDLINK PLUS-Elektronik\u2122 bietet einen fortschrittlichen digitalen \u00dcberlastschutz f\u00fcr Maschine und Akku und h\u00e4lt die Leistung unter Last<br \/>\nkonstant Der REDLITHIUM-ION-Akku\u2122 bietet ein perfekt kalibriertes Design,  Fortschrittliche Elektronik und verlustfreie Stromversorgung sorgen f\u00fcr eine h\u00f6here Haltbarkeit und Zuverl\u00e4ssigkeit als bei fr\u00fcheren Modellen.<br \/>\nEinzelzellen\u00fcberwachung optimiert die Lebensdauer und sorgt f\u00fcr eine lange Batterielebensdauer<br \/>\nEine Gesamtl\u00e4nge von 129,5 mm erm\u00f6glicht einen besseren Zugang zu schwer zug\u00e4nglichen<br \/>\nStellen DRIVE CONTROL\u2122 mit 4 Schaltstufen<br \/>\nLED-Beleuchtung des Arbeitsbereichs<br \/>\nSystem 100% kompatibel mit der Milwaukee\u00ae M12\u2122 Produktreihe.<\/p>\n<p>Technische Daten:<\/p>\n<p>Lithium-Ionen-Akku<br \/>\nBatteriekapazit\u00e4t (Ah) &#8211;<br \/>\nAnzahl der mitgelieferten Batterien 0<br \/>\nArtikelnummer 4933464611<br \/>\nLieferumfang: &#8211;<br \/>\nGewicht mit Akku (kg) 0,9<br \/>\nLadeger\u00e4t (Ladezeit) &#8211;<br \/>\nMindestdrehzahl (min-1) 1300\/1900\/3200\/3200<br \/>\nMaximales Drehmoment (Nm) 136 Drehmoment (Nm) 136<br \/>\nMaximales Drehmoment [Nm] 115<br \/>\nMaximales L\u00f6semoment L\u00f6semoment [Nm] 136<br \/>\nMaximaler Schraubendurchmesser Schraubendurchmesser M12<br \/>\nAufprallgeschwindigkeit (min-1) 1300\/2000\/4300<br \/>\nSpannung [V] 12<\/p>\n<p>Lieferumfang:<br \/>\n ohne Akku, ohne Ladeger\u00e4t, ohne Koffer<\/p>\n","protected":false},"excerpt":{"rendered":"<p>Kompakte Abmessungen und geringes Gewicht f\u00fcr bessere Kontrolle Max. Anzugsdrehmoment von 115 Nm Maximales L\u00f6sedrehmoment von 136 Nm 1\/4&#8221; Vierkantantrieb<\/p>\n","protected":false},"featured_media":56942,"template":"","meta":{"_seopress_robots_primary_cat":"","_seopress_titles_title":"","_seopress_titles_desc":"","_seopress_robots_index":""},"product_brand":[3407],"product_cat":[29,514,549],"product_tag":[],"class_list":{"0":"post-474501","1":"product","2":"type-product","3":"status-publish","4":"has-post-thumbnail","6":"product_brand-milwaukee","7":"product_cat-macchinari","8":"product_cat-altri-dispositivi","9":"product_cat-trapani-e-avvitatori","11":"first","12":"onbackorder","13":"shipping-taxable","14":"purchasable","15":"product-type-simple"},"_links":{"self":[{"href":"https:\/\/lucacastelli.com\/de\/wp-json\/wp\/v2\/product\/474501","targetHints":{"allow":["GET"]}}],"collection":[{"href":"https:\/\/lucacastelli.com\/de\/wp-json\/wp\/v2\/product"}],"about":[{"href":"https:\/\/lucacastelli.com\/de\/wp-json\/wp\/v2\/types\/product"}],"wp:featuredmedia":[{"embeddable":true,"href":"https:\/\/lucacastelli.com\/de\/wp-json\/wp\/v2\/media\/56942"}],"wp:attachment":[{"href":"https:\/\/lucacastelli.com\/de\/wp-json\/wp\/v2\/media?parent=474501"}],"wp:term":[{"taxonomy":"product_brand","embeddable":true,"href":"https:\/\/lucacastelli.com\/de\/wp-json\/wp\/v2\/product_brand?post=474501"},{"taxonomy":"product_cat","embeddable":true,"href":"https:\/\/lucacastelli.com\/de\/wp-json\/wp\/v2\/product_cat?post=474501"},{"taxonomy":"product_tag","embeddable":true,"href":"https:\/\/lucacastelli.com\/de\/wp-json\/wp\/v2\/product_tag?post=474501"}],"curies":[{"name":"wp","href":"https:\/\/api.w.org\/{rel}","templated":true}]}}