{"id":474500,"date":"2023-07-02T08:57:18","date_gmt":"2023-07-02T06:57:18","guid":{"rendered":"https:\/\/lucacastelli.com\/prodotto\/fuel-akku-schlagschrauber-1-2-vierkant-m12fiwf12-0\/"},"modified":"2023-07-02T08:57:18","modified_gmt":"2023-07-02T06:57:18","slug":"fuel-akku-schlagschrauber-1-2-vierkant-m12fiwf12-0","status":"publish","type":"product","link":"https:\/\/lucacastelli.com\/de\/produkt\/fuel-akku-schlagschrauber-1-2-vierkant-m12fiwf12-0\/","title":{"rendered":"FUEL\u2122 Akku-Schlagschrauber 1\/2 \u0301 \u0301 Vierkant M12FIWF12-0"},"content":{"rendered":"<p>Kompakte Gr\u00f6\u00dfe und geringes Gewicht f\u00fcr bessere Kontrolle.<br \/>\nLED-Arbeitsplatzbeleuchtung.<br \/>\n100% kompatibel mit Milwaukee\u00ae M12TM-Produktreihe.<br \/>\nDrehmoment bis zu 339 Nm.<br \/>\n1\u20442 \u030b Vierkantantrieb mit Sicherungsring.<br \/>\nPOWERSTATETM b\u00fcrstenloser Motor f\u00fcr die h\u00e4rtesten Anwendungen.<br \/>\nDie REDLINK PLUSTM-Elektronik bietet einen fortschrittlichen digitalen Schutz gegen \u00dcberlastung von Maschine und Batterie und h\u00e4lt die Leistung unter Last konstant.<\/p>\n<p>Technische Daten:<br \/>\nLithium-Ionen-Akku<br \/>\nGewicht mit Akku (kg) 1.1<br \/>\nLadeger\u00e4t (Ladezeit) 80 min<br \/>\nLeerlaufdrehzahl (min-1) 1200\/1800\/2700\/2700<br \/>\nMax. Drehmoment Drehmoment (Nm) 339<br \/>\nMax. Drehmoment Drehmoment [Nm] 339<br \/>\nMax. L\u00f6semoment [Nm] 339 Max. L\u00f6semoment [Nm] 339<br \/>\nMax. Schraubendurchmesser Schraubendurchmesser M16<br \/>\nSchlagdrehzahl (min-1) 1100\/2100\/3200<br \/>\nSpannung [V] 12 <\/p>\n<p>Lieferumfang:<br \/>\n G\u00fcrtelclip<br \/>\nOHNE BATTERIEN, OHNE LADEGER\u00c4T<\/p>\n","protected":false},"excerpt":{"rendered":"<p>Kompakte Gr\u00f6\u00dfe und geringes Gewicht f\u00fcr bessere Kontrolle. LED-Arbeitsplatzbeleuchtung. 100% kompatibel mit Milwaukee\u00ae M12TM-Produktreihe. Drehmoment bis zu 339 Nm. 1\u20442<\/p>\n","protected":false},"featured_media":56932,"template":"","meta":{"_seopress_robots_primary_cat":"","_seopress_titles_title":"","_seopress_titles_desc":"","_seopress_robots_index":""},"product_brand":[3656],"product_cat":[1454,1553,169],"product_tag":[],"class_list":{"0":"post-474500","1":"product","2":"type-product","3":"status-publish","4":"has-post-thumbnail","6":"product_brand-milwaukee-de","7":"product_cat-andere-gerate","8":"product_cat-bohrer-und-schraubendreher","9":"product_cat-maschinen","11":"first","12":"onbackorder","13":"shipping-taxable","14":"purchasable","15":"product-type-simple"},"_links":{"self":[{"href":"https:\/\/lucacastelli.com\/de\/wp-json\/wp\/v2\/product\/474500","targetHints":{"allow":["GET"]}}],"collection":[{"href":"https:\/\/lucacastelli.com\/de\/wp-json\/wp\/v2\/product"}],"about":[{"href":"https:\/\/lucacastelli.com\/de\/wp-json\/wp\/v2\/types\/product"}],"wp:featuredmedia":[{"embeddable":true,"href":"https:\/\/lucacastelli.com\/de\/wp-json\/wp\/v2\/media\/56932"}],"wp:attachment":[{"href":"https:\/\/lucacastelli.com\/de\/wp-json\/wp\/v2\/media?parent=474500"}],"wp:term":[{"taxonomy":"product_brand","embeddable":true,"href":"https:\/\/lucacastelli.com\/de\/wp-json\/wp\/v2\/product_brand?post=474500"},{"taxonomy":"product_cat","embeddable":true,"href":"https:\/\/lucacastelli.com\/de\/wp-json\/wp\/v2\/product_cat?post=474500"},{"taxonomy":"product_tag","embeddable":true,"href":"https:\/\/lucacastelli.com\/de\/wp-json\/wp\/v2\/product_tag?post=474500"}],"curies":[{"name":"wp","href":"https:\/\/api.w.org\/{rel}","templated":true}]}}