{"id":474495,"date":"2023-07-02T08:57:50","date_gmt":"2023-07-02T06:57:50","guid":{"rendered":"https:\/\/lucacastelli.com\/prodotto\/fuel-akku-schlagschrauber-1-2-vierkant-m12fiwf12-422x\/"},"modified":"2023-07-02T08:57:50","modified_gmt":"2023-07-02T06:57:50","slug":"fuel-akku-schlagschrauber-1-2-vierkant-m12fiwf12-422x","status":"publish","type":"product","link":"https:\/\/lucacastelli.com\/de\/produkt\/fuel-akku-schlagschrauber-1-2-vierkant-m12fiwf12-422x\/","title":{"rendered":"FUEL\u2122 Akku-Schlagschrauber 1\/2 \u0301 \u0301 Vierkant M12FIWF12-422X"},"content":{"rendered":"<p>Kompakte Gr\u00f6\u00dfe und geringes Gewicht f\u00fcr bessere Kontrolle<br \/>\nDrehmoment bis zu 339 Nm<br \/>\n1\/2&#8243; Vierkantmontage mit Sprengring<br \/>\nPOWERSTATE b\u00fcrstenloser POWERSTATE-Motor\u2122 f\u00fcr die h\u00e4rtesten<br \/>\nAnwendungen Die REDLINK PLUS-Elektronik\u2122 bietet einen fortschrittlichen digitalen \u00dcberlastschutz f\u00fcr Maschine und Batterie und h\u00e4lt die Leistung unter Last<br \/>\nkonstant REDLITHIUM-Lithium-Ionen-Akku\u2122 bietet ein perfekt kalibriertes Design, eine fortschrittliche Elektronik und eine verlustfreie Leistungsabgabe f\u00fcr eine l\u00e4ngere Lebensdauer als Vorg\u00e4ngermodelle.<br \/>\nEinzelzellen\u00fcberwachung optimiert die Lebensdauer und sorgt f\u00fcr eine lange Akkulaufzeit<br \/>\nBesserer Zugang auf engstem Raum dank der L\u00e4nge von nur 124,5 mm<br \/>\nDRIVE CONTROL\u2122 mit 4 Schichtstufen f\u00fcr pr\u00e4zises<br \/>\nArbeiten LED-Arbeitsplatzbeleuchtung<br \/>\n100% kompatibel mit der Produktfamilie MILWAUKEE-M12\u00ae\u2122.<\/p>\n<p>Technische Daten:<\/p>\n<p>Milwaukee FUEL M12 FIWF12 Akku-Schlagschrauber:<br \/>\nLeerlaufdrehzahl (min-1) 1200\/1800\/2700\/2700<br \/>\nMaximales Drehmoment [Nm] 339 Drehmoment [Nm] 339<br \/>\nMaximales L\u00f6semoment L\u00f6semoment [Nm] 339<br \/>\nMaximaler Schraubendurchmesser M16 Schraubendurchmesser<br \/>\nWerkzeughalter 1\/2&#8243; Vierkanthalter mit Sprengring<br \/>\nSchlaggeschwindigkeit (min-1) 1100\/2100\/3200<br \/>\nSpannung (V) 12<br \/>\nVibrationen Einwirkung von Spannbefestigungen mit maximaler Werkzeugkapazit\u00e4t [m|s\u00b2] 10,26<br \/>\nVibration Einwirkung von Spannbefestigungen bei maximaler Werkzeugkapazit\u00e4t Unsicherheit [m|s\u00b2] 1,5<br \/>\nSchall und Vibration<br \/>\nSchalldruckpegel (dB(A)) 96,69<br \/>\nUnsicherheit des Schalldruckpegels (dB(A)) 3<br \/>\nGemessener Schallleistungspegel Unsicherheit (dB(A)) 3<br \/>\nGemessener Schallleistungspegel (dB(A)) 107,82<\/p>\n<p>Lieferumfang:<\/p>\n<p>FUEL M12 FIWF12 Akku-Schlagschrauber (4933464615)<br \/>\n1 x 12V 2,0 Ah Li-Ion M12 B2<br \/>\nAkku 1 x 12V 4,0 Ah Li-Ion M12 B4<br \/>\nAkku 1 x C12 C<br \/>\nAkkuladeger\u00e4t HD Box<\/p>\n","protected":false},"excerpt":{"rendered":"<p>Kompakte Gr\u00f6\u00dfe und geringes Gewicht f\u00fcr bessere Kontrolle Drehmoment bis zu 339 Nm 1\/2&#8243; Vierkantmontage mit Sprengring POWERSTATE b\u00fcrstenloser POWERSTATE-Motor\u2122<\/p>\n","protected":false},"featured_media":56937,"template":"","meta":{"_seopress_robots_primary_cat":"","_seopress_titles_title":"","_seopress_titles_desc":"","_seopress_robots_index":""},"product_brand":[3656],"product_cat":[1454,1553,169],"product_tag":[],"class_list":{"0":"post-474495","1":"product","2":"type-product","3":"status-publish","4":"has-post-thumbnail","6":"product_brand-milwaukee-de","7":"product_cat-andere-gerate","8":"product_cat-bohrer-und-schraubendreher","9":"product_cat-maschinen","11":"first","12":"onbackorder","13":"shipping-taxable","14":"purchasable","15":"product-type-simple"},"_links":{"self":[{"href":"https:\/\/lucacastelli.com\/de\/wp-json\/wp\/v2\/product\/474495","targetHints":{"allow":["GET"]}}],"collection":[{"href":"https:\/\/lucacastelli.com\/de\/wp-json\/wp\/v2\/product"}],"about":[{"href":"https:\/\/lucacastelli.com\/de\/wp-json\/wp\/v2\/types\/product"}],"wp:featuredmedia":[{"embeddable":true,"href":"https:\/\/lucacastelli.com\/de\/wp-json\/wp\/v2\/media\/56937"}],"wp:attachment":[{"href":"https:\/\/lucacastelli.com\/de\/wp-json\/wp\/v2\/media?parent=474495"}],"wp:term":[{"taxonomy":"product_brand","embeddable":true,"href":"https:\/\/lucacastelli.com\/de\/wp-json\/wp\/v2\/product_brand?post=474495"},{"taxonomy":"product_cat","embeddable":true,"href":"https:\/\/lucacastelli.com\/de\/wp-json\/wp\/v2\/product_cat?post=474495"},{"taxonomy":"product_tag","embeddable":true,"href":"https:\/\/lucacastelli.com\/de\/wp-json\/wp\/v2\/product_tag?post=474495"}],"curies":[{"name":"wp","href":"https:\/\/api.w.org\/{rel}","templated":true}]}}