{"id":474493,"date":"2023-07-02T08:45:19","date_gmt":"2023-07-02T06:45:19","guid":{"rendered":"https:\/\/lucacastelli.com\/prodotto\/fuel-akku-impulsschrauber-m12fqid-202x\/"},"modified":"2023-07-02T08:45:19","modified_gmt":"2023-07-02T06:45:19","slug":"fuel-akku-impulsschrauber-m12fqid-202x","status":"publish","type":"product","link":"https:\/\/lucacastelli.com\/de\/produkt\/fuel-akku-impulsschrauber-m12fqid-202x\/","title":{"rendered":"FUEL\u2122 Akku-Impulsschrauber M12FQID-202X"},"content":{"rendered":"<p>Der Akku-Schlagschrauber M12 FUEL\u2122 SURGE\u2122 ist der leiseste Akku-Schlagschrauber der M12-Serie\u2122 in Milwaukee\u00ae, mit einem Ger\u00e4uschpegel von nur 76 dB(A) bei Holzbefestigungsanwendungen &#8211; mit 2 x 2Ah Batterien.<\/p>\n<p>Der Akku-Schlagschrauber M12 FUEL\u2122 SURGE\u2122 ist mit einem Ger\u00e4uschpegel von nur 76 dB(A) bei Holzbefestigungsanwendungen der Milwaukee-Akku-Schlagschrauber der M12-Reihe\u2122 der leiseste Akku-Schlagschrauber aus Milwaukee\u00ae.<br \/>\nDie FLUID-DRIVE-Technologie\u2122 reduziert den Metall-Metall-Kontakt innerhalb des Schlagmechanismus, was zu weniger Ger\u00e4uschentwicklung, einem ruhigeren Betrieb und einer l\u00e4ngeren Lebensdauer f\u00fchrt (im Vergleich zu einem Standard-Schlagschrauber).<br \/>\nMit DRIVE CONTROL\u2122 k\u00f6nnen Sie schnell zwischen 4 Geschwindigkeits- und Drehmomenteinstellungen umschalten, um maximale Flexibilit\u00e4t zu gew\u00e4hrleisten<br \/>\nPOWERSTATE\u2122 Brushless-Motor bis zu 3.200 U\/min mit konstanter Leistung f\u00fcr effizienteres<br \/>\nAnziehen Die REDLINK PLUS-Elektronik\u2122 bietet einen fortschrittlichen digitalen \u00dcberlastungsschutz f\u00fcr Maschine und Akku und h\u00e4lt die Leistung unter Last<br \/>\n konstantDer REDLITHIUM-ION-Akku\u2122 bietet ein perfekt kalibriertes Design, eine fortschrittliche Elektronik und eine verlustfreie Stromversorgung f\u00fcr eine l\u00e4ngere Lebensdauer als die Vorg\u00e4ngermodelle.<br \/>\n1\/4&#8243;-Sechskant-Tonabnehmer f\u00fcr schnellen und einfachen<br \/>\nBitwechsel, 100% kompatibel mit Milwaukee\u00ae M12-Produktreihe\u2122.<br \/>\nTechnische Daten: <\/p>\n<p>Lithium-Ionen-Akku<br \/>\nAnzahl der mitgelieferten Batterien 2<br \/>\nGewicht [ohne Batterie] [kg] 0,9<br \/>\nLeerlaufdrehzahl (min-1) 1100\/2200\/3200\/3200<br \/>\nMaximales Drehmoment Drehmoment (Nm) 50 Max.<br \/>\nSchraubendurchmesser M14<br \/>\nSchlaggeschwindigkeit (min-1) 950\/2200\/3400\/3400<br \/>\nSchallleistung [dB Lwa] 95,7<br \/>\nSchalldruck [dB Lpa] 84,7<br \/>\nSpannung [V] 12<br \/>\nVibrationen beim Bohren von Beton (m\/s\u00b2) 12,79<br \/>\nLieferumfang:<\/p>\n<p>Maschine (M12FQID)<br \/>\n2 x 2Ah Batterien<\/p>\n","protected":false},"excerpt":{"rendered":"<p>Der Akku-Schlagschrauber M12 FUEL\u2122 SURGE\u2122 ist der leiseste Akku-Schlagschrauber der M12-Serie\u2122 in Milwaukee\u00ae, mit einem Ger\u00e4uschpegel von nur 76 dB(A)<\/p>\n","protected":false},"featured_media":56927,"template":"","meta":{"_seopress_robots_primary_cat":"","_seopress_titles_title":"","_seopress_titles_desc":"","_seopress_robots_index":""},"product_brand":[3656],"product_cat":[1454,1553,169],"product_tag":[],"class_list":{"0":"post-474493","1":"product","2":"type-product","3":"status-publish","4":"has-post-thumbnail","6":"product_brand-milwaukee-de","7":"product_cat-andere-gerate","8":"product_cat-bohrer-und-schraubendreher","9":"product_cat-maschinen","11":"first","12":"onbackorder","13":"shipping-taxable","14":"purchasable","15":"product-type-simple"},"_links":{"self":[{"href":"https:\/\/lucacastelli.com\/de\/wp-json\/wp\/v2\/product\/474493","targetHints":{"allow":["GET"]}}],"collection":[{"href":"https:\/\/lucacastelli.com\/de\/wp-json\/wp\/v2\/product"}],"about":[{"href":"https:\/\/lucacastelli.com\/de\/wp-json\/wp\/v2\/types\/product"}],"wp:featuredmedia":[{"embeddable":true,"href":"https:\/\/lucacastelli.com\/de\/wp-json\/wp\/v2\/media\/56927"}],"wp:attachment":[{"href":"https:\/\/lucacastelli.com\/de\/wp-json\/wp\/v2\/media?parent=474493"}],"wp:term":[{"taxonomy":"product_brand","embeddable":true,"href":"https:\/\/lucacastelli.com\/de\/wp-json\/wp\/v2\/product_brand?post=474493"},{"taxonomy":"product_cat","embeddable":true,"href":"https:\/\/lucacastelli.com\/de\/wp-json\/wp\/v2\/product_cat?post=474493"},{"taxonomy":"product_tag","embeddable":true,"href":"https:\/\/lucacastelli.com\/de\/wp-json\/wp\/v2\/product_tag?post=474493"}],"curies":[{"name":"wp","href":"https:\/\/api.w.org\/{rel}","templated":true}]}}