{"id":473531,"date":"2023-11-24T15:45:07","date_gmt":"2023-11-24T14:45:07","guid":{"rendered":"https:\/\/lucacastelli.com\/prodotto\/pfanner-merino-modal-hemd\/"},"modified":"2026-04-17T23:37:03","modified_gmt":"2026-04-17T21:37:03","slug":"pfanner-merino-modal-hemd","status":"publish","type":"product","link":"https:\/\/lucacastelli.com\/de\/produkt\/pfanner-merino-modal-hemd\/","title":{"rendered":"PFANNER Merino Modal Shirt"},"content":{"rendered":"<p>Optimal f\u00fcr niedrigere Aktivit\u00e4tsstufen oder k\u00e4ltere Temperaturen. Die exklusive Merinowolle ist viel feiner als normale Wolle und kratzt daher nicht auf der Haut. Sie h\u00e4lt Sie auch warm, wenn es kalt ist, und k\u00fchl, wenn es warm ist. Geruchsbildende Bakterien werden neutralisiert und zusammen mit der Feuchtigkeit vom K\u00f6rper wegtransportiert.   <\/p>\n<p>&#8211; h\u00e4lt warm bei K\u00e4lte und k\u00fchl bei W\u00e4rme<br \/>\n&#8211; h\u00e4lt trocken<br \/>\n&#8211; kratzt nicht dank weicher Merinowolle<br \/>\n&#8211; geruchshemmend<br \/>\n&#8211; pflegeleicht<\/p>\n","protected":false},"excerpt":{"rendered":"<p>Optimal f\u00fcr niedrigere Aktivit\u00e4tsstufen oder k\u00e4ltere Temperaturen. Die exklusive Merinowolle ist viel feiner als normale Wolle und kratzt daher nicht<\/p>\n","protected":false},"featured_media":47676,"template":"","meta":{"_seopress_robots_primary_cat":"","_seopress_titles_title":"","_seopress_titles_desc":"","_seopress_robots_index":""},"product_brand":[3670],"product_cat":[82,1382],"product_tag":[],"class_list":{"0":"post-473531","1":"product","2":"type-product","3":"status-publish","4":"has-post-thumbnail","6":"product_brand-pfanner-de","7":"product_cat-kleidung","8":"product_cat-arbeitskleidung","9":"sws-gruppo-no-gruppo-de","10":"sws-categoria-sito-de","11":"sws-sottocategoria-altro-de","12":"sws-conto-ricavi-merci-rivendita-abbigliamento-de","13":"sws-gruppo-iva-iva81-de","15":"first","16":"instock","17":"shipping-taxable","18":"purchasable","19":"product-type-variable"},"_links":{"self":[{"href":"https:\/\/lucacastelli.com\/de\/wp-json\/wp\/v2\/product\/473531","targetHints":{"allow":["GET"]}}],"collection":[{"href":"https:\/\/lucacastelli.com\/de\/wp-json\/wp\/v2\/product"}],"about":[{"href":"https:\/\/lucacastelli.com\/de\/wp-json\/wp\/v2\/types\/product"}],"wp:featuredmedia":[{"embeddable":true,"href":"https:\/\/lucacastelli.com\/de\/wp-json\/wp\/v2\/media\/47676"}],"wp:attachment":[{"href":"https:\/\/lucacastelli.com\/de\/wp-json\/wp\/v2\/media?parent=473531"}],"wp:term":[{"taxonomy":"product_brand","embeddable":true,"href":"https:\/\/lucacastelli.com\/de\/wp-json\/wp\/v2\/product_brand?post=473531"},{"taxonomy":"product_cat","embeddable":true,"href":"https:\/\/lucacastelli.com\/de\/wp-json\/wp\/v2\/product_cat?post=473531"},{"taxonomy":"product_tag","embeddable":true,"href":"https:\/\/lucacastelli.com\/de\/wp-json\/wp\/v2\/product_tag?post=473531"}],"curies":[{"name":"wp","href":"https:\/\/api.w.org\/{rel}","templated":true}]}}