{"id":473338,"date":"2023-11-24T13:19:08","date_gmt":"2023-11-24T12:19:08","guid":{"rendered":"https:\/\/lucacastelli.com\/prodotto\/pfanner-stretchflex-cancool-schlauch\/"},"modified":"2026-04-17T23:36:55","modified_gmt":"2026-04-17T21:36:55","slug":"pfanner-stretchflex-cancool-schlauch","status":"publish","type":"product","link":"https:\/\/lucacastelli.com\/de\/produkt\/pfanner-stretchflex-cancool-schlauch\/","title":{"rendered":"PFANNER StretchFlex Cancool Hose"},"content":{"rendered":"<p>Die Cancool Arbeitshose \u00fcberzeugt durch den sportlichen und funktionalen Schnitt sowie zahlreiche praktische Details.<\/p>\n<p>Die Zollstocktasche ist beispielsweise nicht aussen befestigt, sondern in die bereits bekannte Zipp2Zipp-Tasche integriert. <\/p>\n<p>Der verl\u00e4ngerte R\u00fccken bietet deutlich mehr Komfort und Schutz bei der t\u00e4glichen Arbeit.<\/p>\n<p>Die Cancool Hose ist der perfekte Begleiter f\u00fcr Land- und Forstwirtschaft, Jagd (Arbeiten in Jagdrevieren), Garten- und Landschaftsbau sowie damit verbundene Werkstattarbeiten.<\/p>\n<p>Beschreibung<br \/>\nStretchFlex-Technologie<br \/>\nVorgeformte Knie<br \/>\nZipp2Zipp-Funktionstaschen auf beiden Seiten<br \/>\nZollstockeinschub<br \/>\nHosentr\u00e4gerschlaufen<br \/>\nReflektierende Rospol-Streifen<br \/>\nVerst\u00e4rkte Innentaschen<br \/>\n3Con-Reflex<br \/>\nHoher Tragekomfort<br \/>\nMaterial: 58% Baumwolle, 39% Polyester, 3% Elasthan<\/p>\n","protected":false},"excerpt":{"rendered":"<p>Die Cancool Arbeitshose \u00fcberzeugt durch den sportlichen und funktionalen Schnitt sowie zahlreiche praktische Details. Die Zollstocktasche ist beispielsweise nicht aussen<\/p>\n","protected":false},"featured_media":47533,"template":"","meta":{"_seopress_robots_primary_cat":"","_seopress_titles_title":"","_seopress_titles_desc":"","_seopress_robots_index":""},"product_brand":[3670],"product_cat":[82,1382],"product_tag":[],"class_list":{"0":"post-473338","1":"product","2":"type-product","3":"status-publish","4":"has-post-thumbnail","6":"product_brand-pfanner-de","7":"product_cat-kleidung","8":"product_cat-arbeitskleidung","9":"sws-gruppo-no-gruppo-de","10":"sws-categoria-sito-de","11":"sws-sottocategoria-altro-de","12":"sws-conto-ricavi-merci-rivendita-abbigliamento-de","13":"sws-gruppo-iva-iva81-de","15":"first","16":"instock","17":"shipping-taxable","18":"purchasable","19":"product-type-variable"},"_links":{"self":[{"href":"https:\/\/lucacastelli.com\/de\/wp-json\/wp\/v2\/product\/473338","targetHints":{"allow":["GET"]}}],"collection":[{"href":"https:\/\/lucacastelli.com\/de\/wp-json\/wp\/v2\/product"}],"about":[{"href":"https:\/\/lucacastelli.com\/de\/wp-json\/wp\/v2\/types\/product"}],"wp:featuredmedia":[{"embeddable":true,"href":"https:\/\/lucacastelli.com\/de\/wp-json\/wp\/v2\/media\/47533"}],"wp:attachment":[{"href":"https:\/\/lucacastelli.com\/de\/wp-json\/wp\/v2\/media?parent=473338"}],"wp:term":[{"taxonomy":"product_brand","embeddable":true,"href":"https:\/\/lucacastelli.com\/de\/wp-json\/wp\/v2\/product_brand?post=473338"},{"taxonomy":"product_cat","embeddable":true,"href":"https:\/\/lucacastelli.com\/de\/wp-json\/wp\/v2\/product_cat?post=473338"},{"taxonomy":"product_tag","embeddable":true,"href":"https:\/\/lucacastelli.com\/de\/wp-json\/wp\/v2\/product_tag?post=473338"}],"curies":[{"name":"wp","href":"https:\/\/api.w.org\/{rel}","templated":true}]}}