{"id":473304,"date":"2023-11-17T15:43:46","date_gmt":"2023-11-17T14:43:46","guid":{"rendered":"https:\/\/lucacastelli.com\/prodotto\/pfanner-schnittschutzbeinlinge-typ-a\/"},"modified":"2026-04-17T23:48:51","modified_gmt":"2026-04-17T21:48:51","slug":"pfanner-schnittschutzbeinlinge-typ-a","status":"publish","type":"product","link":"https:\/\/lucacastelli.com\/de\/produkt\/pfanner-schnittschutzbeinlinge-typ-a\/","title":{"rendered":"PFANNER Schnittschutzbeinlinge Typ A"},"content":{"rendered":"<p>&#8211; Kann angezogen werden, ohne die Schuhe auszuziehen<br \/>\n&#8211; Schnittschutzklasse 1<br \/>\n&#8211; G\u00fcrtel in der Taille und Beinweite mit Klettverschluss verstellbar<br \/>\n&#8211; Reflektierende Streifen<\/p>\n<p>Unsere Schnittschutzl\u00f6sung f\u00fcr den schnellen Einsatz. In nur 20 Sekunden angezogen und dank G\u00fcrtel und Klettverschluss verstellbar. Die Beinlinge sind mit Schnittschutz der Klasse 1 ausgestattet.<br \/>\nErh\u00e4ltlich als Typ A mit Klettverschluss und Typ C mit Rei\u00dfverschluss. Bei Typ C \u00fcberlappt der Schnittschutz den Rei\u00dfverschluss und gew\u00e4hrleistet so maximalen Schutz.   <\/p>\n<p>Material<br \/>\nAu\u00dfenmaterial: 65% Polyester, 35% Baumwolle<br \/>\nFutter: 100% Polyester<br \/>\nSchnittschutz: Dyneema<\/p>\n","protected":false},"excerpt":{"rendered":"<p>&#8211; Kann angezogen werden, ohne die Schuhe auszuziehen &#8211; Schnittschutzklasse 1 &#8211; G\u00fcrtel in der Taille und Beinweite mit Klettverschluss<\/p>\n","protected":false},"featured_media":47459,"template":"","meta":{"_seopress_robots_primary_cat":"","_seopress_titles_title":"","_seopress_titles_desc":"","_seopress_robots_index":""},"product_brand":[3670],"product_cat":[1382,82],"product_tag":[],"class_list":{"0":"post-473304","1":"product","2":"type-product","3":"status-publish","4":"has-post-thumbnail","6":"product_brand-pfanner-de","7":"product_cat-arbeitskleidung","8":"product_cat-kleidung","9":"sws-gruppo-no-gruppo-de","10":"sws-categoria-sito-de","11":"sws-sottocategoria-altro-de","12":"sws-conto-ricavi-merci-rivendita-abbigliamento-de","13":"sws-gruppo-iva-iva81-de","15":"first","16":"instock","17":"shipping-taxable","18":"purchasable","19":"product-type-simple"},"_links":{"self":[{"href":"https:\/\/lucacastelli.com\/de\/wp-json\/wp\/v2\/product\/473304","targetHints":{"allow":["GET"]}}],"collection":[{"href":"https:\/\/lucacastelli.com\/de\/wp-json\/wp\/v2\/product"}],"about":[{"href":"https:\/\/lucacastelli.com\/de\/wp-json\/wp\/v2\/types\/product"}],"wp:featuredmedia":[{"embeddable":true,"href":"https:\/\/lucacastelli.com\/de\/wp-json\/wp\/v2\/media\/47459"}],"wp:attachment":[{"href":"https:\/\/lucacastelli.com\/de\/wp-json\/wp\/v2\/media?parent=473304"}],"wp:term":[{"taxonomy":"product_brand","embeddable":true,"href":"https:\/\/lucacastelli.com\/de\/wp-json\/wp\/v2\/product_brand?post=473304"},{"taxonomy":"product_cat","embeddable":true,"href":"https:\/\/lucacastelli.com\/de\/wp-json\/wp\/v2\/product_cat?post=473304"},{"taxonomy":"product_tag","embeddable":true,"href":"https:\/\/lucacastelli.com\/de\/wp-json\/wp\/v2\/product_tag?post=473304"}],"curies":[{"name":"wp","href":"https:\/\/api.w.org\/{rel}","templated":true}]}}