{"id":473283,"date":"2023-11-13T14:32:31","date_gmt":"2023-11-13T13:32:31","guid":{"rendered":"https:\/\/lucacastelli.com\/prodotto\/pfanner-wollfilzhandschuhe\/"},"modified":"2026-04-17T23:49:18","modified_gmt":"2026-04-17T21:49:18","slug":"pfanner-wollfilzhandschuhe","status":"publish","type":"product","link":"https:\/\/lucacastelli.com\/de\/produkt\/pfanner-wollfilzhandschuhe\/","title":{"rendered":"PFANNER Wollfilzhandschuhe"},"content":{"rendered":"<p>Die Wollfilzhandschuhe sind perfekt f\u00fcr kalte Tage, an denen Sie freie Finger ben\u00f6tigen. Sie k\u00f6nnen als Fausthandschuhe oder als fingerlose Handschuhe getragen werden. Ein Druckknopfverschluss erm\u00f6glicht es, die Fingerabdeckung auf dem Handr\u00fccken zu fixieren. Zudem sind diese gestrickten Handschuhe angenehm zu tragen und verf\u00fcgen \u00fcber eine rutschfeste Handfl\u00e4che.<br \/>\n-Extra dicke gestrickte Filzhandschuhe<br \/>\n-Als Fausthandschuhe oder mit freien Fingern tragbar<br \/>\n-W\u00e4rmen bei extremer K\u00e4lte<br \/>\n-Verst\u00e4rkte und rutschfeste Handfl\u00e4che<br \/>\n-Innenfutter aus PrimaLoft\u00ae Gold<\/p>\n<p>Material: 85% Polyester 15% Polyamid<\/p>\n","protected":false},"excerpt":{"rendered":"<p>Die Wollfilzhandschuhe sind perfekt f\u00fcr kalte Tage, an denen Sie freie Finger ben\u00f6tigen. Sie k\u00f6nnen als Fausthandschuhe oder als fingerlose<\/p>\n","protected":false},"featured_media":97036,"template":"","meta":{"_seopress_robots_primary_cat":"none","_seopress_titles_title":"","_seopress_titles_desc":"","_seopress_robots_index":""},"product_brand":[3670],"product_cat":[1391,82],"product_tag":[],"class_list":{"0":"post-473283","1":"product","2":"type-product","3":"status-publish","4":"has-post-thumbnail","6":"product_brand-pfanner-de","7":"product_cat-bekleidungs-accessoires","8":"product_cat-kleidung","9":"sws-gruppo-no-gruppo-de","10":"sws-categoria-sito-de","11":"sws-sottocategoria-altro-de","12":"sws-conto-ricavi-merci-rivendita-abbigliamento-de","13":"sws-gruppo-iva-iva81-de","15":"first","16":"instock","17":"shipping-taxable","18":"purchasable","19":"product-type-variable"},"_links":{"self":[{"href":"https:\/\/lucacastelli.com\/de\/wp-json\/wp\/v2\/product\/473283","targetHints":{"allow":["GET"]}}],"collection":[{"href":"https:\/\/lucacastelli.com\/de\/wp-json\/wp\/v2\/product"}],"about":[{"href":"https:\/\/lucacastelli.com\/de\/wp-json\/wp\/v2\/types\/product"}],"wp:featuredmedia":[{"embeddable":true,"href":"https:\/\/lucacastelli.com\/de\/wp-json\/wp\/v2\/media\/97036"}],"wp:attachment":[{"href":"https:\/\/lucacastelli.com\/de\/wp-json\/wp\/v2\/media?parent=473283"}],"wp:term":[{"taxonomy":"product_brand","embeddable":true,"href":"https:\/\/lucacastelli.com\/de\/wp-json\/wp\/v2\/product_brand?post=473283"},{"taxonomy":"product_cat","embeddable":true,"href":"https:\/\/lucacastelli.com\/de\/wp-json\/wp\/v2\/product_cat?post=473283"},{"taxonomy":"product_tag","embeddable":true,"href":"https:\/\/lucacastelli.com\/de\/wp-json\/wp\/v2\/product_tag?post=473283"}],"curies":[{"name":"wp","href":"https:\/\/api.w.org\/{rel}","templated":true}]}}