{"id":473256,"date":"2023-11-10T09:16:23","date_gmt":"2023-11-10T08:16:23","guid":{"rendered":"https:\/\/lucacastelli.com\/prodotto\/pfanner-stretchzone-canvas-latzhose\/"},"modified":"2026-04-17T23:38:42","modified_gmt":"2026-04-17T21:38:42","slug":"pfanner-stretchzone-canvas-latzhose","status":"publish","type":"product","link":"https:\/\/lucacastelli.com\/de\/produkt\/pfanner-stretchzone-canvas-latzhose\/","title":{"rendered":"PFANNER StretchZone Canvas Latzhose"},"content":{"rendered":"<p>Die &#8220;StretchZone\u00ae&#8221; Latzhose von Pfanner\u00ae ist ein universeller Begleiter f\u00fcr nahezu alle Arbeitsbereiche. Die Arbeitshose besteht aus einem klassischen Mischgewebe mit ca. 35% Baumwolle, das dank der Canvas-Bindung hochgradig abriebfest ist. Gleichzeitig befinden sich hochflexible Stretcheins\u00e4tze an den Oberschenkelr\u00fcckseiten, im Schritt und im hinteren Bereich. Durch die Platzierung in diesen besonders beanspruchten Bereichen folgt die Latzhose jeder Ihrer Bewegungen, ohne auf ein hohes Ma\u00df an Haltbarkeit verzichten zu m\u00fcssen. Dies wird durch die beiden rei\u00dffesten Kniepolstertaschen aus Kevlar\u00ae verst\u00e4rkt, die \u00fcber Eins\u00e4tze an der Unterseite einfach montiert werden k\u00f6nnen.    <\/p>\n<p>Der Schnitt der Latzhose ist relativ klassisch und die ergonomisch vorgeformten Knie bieten auch bei langem Tragen ein hohes Ma\u00df an Komfort. Die beiden Tr\u00e4ger sind breit geschnitten, um das Gewicht der Hose gleichm\u00e4\u00dfig auf den Schultern zu verteilen. Die L\u00e4nge der Tr\u00e4ger kann \u00fcber Kunststoffschnallen verstellt werden und der Stretcheinsatz auf der R\u00fcckseite macht sie f\u00fcr Arbeiten in geb\u00fcckter Haltung geeignet. Gleichzeitig kann die Bundweite \u00fcber seitliche Jeans-Metallkn\u00f6pfe individuell angepasst werden. Im Hosenschlitz ist ein praktischer Rei\u00dfverschluss eingearbeitet.    <\/p>\n<p>Besondere Merkmale<\/p>\n<p>Strapazierf\u00e4higes Canvas-Mischgewebe<\/p>\n<p>Stretchpaneele an R\u00fccken, Ges\u00e4\u00df und Schritt<\/p>\n<p>Robuste Kniepolstertaschen aus Kevlar<\/p>\n<p>Breite, stufenlos verstellbare Tr\u00e4ger<\/p>\n<p>Komfortabler Schnitt mit vorgeformten Beinen<\/p>\n<p>Technische Daten<\/p>\n<p>Obermaterial: 65% Polyester, 35% Baumwolle, Canvas<\/p>\n<p>Stretcheinsatz: 90% Polyamid, 10% Elastan<\/p>\n<p>Verst\u00e4rkung: Kevlar\u00ae<\/p>\n<p>Taschen:<\/p>\n<p>2 seitliche Einschubtaschen<\/p>\n<p>2 Ges\u00e4\u00dftaschen<\/p>\n<p>1 Oberschenkeltasche mit Patte, links<\/p>\n<p>1 Doppel-Zollstocktasche mit Stifttasche, rechts<\/p>\n<p>1 Handytasche mit Patte, rechts<\/p>\n<p>1 Hammerschlaufe, links<\/p>\n<p>1 Brusttasche mit Patte, Druckkn\u00f6pfen, Fach f\u00fcr Stifte und Werkzeug<\/p>\n","protected":false},"excerpt":{"rendered":"<p>Die &#8220;StretchZone\u00ae&#8221; Latzhose von Pfanner\u00ae ist ein universeller Begleiter f\u00fcr nahezu alle Arbeitsbereiche. Die Arbeitshose besteht aus einem klassischen Mischgewebe<\/p>\n","protected":false},"featured_media":47308,"template":"","meta":{"_seopress_robots_primary_cat":"","_seopress_titles_title":"","_seopress_titles_desc":"","_seopress_robots_index":""},"product_brand":[3670],"product_cat":[82,1382],"product_tag":[],"class_list":{"0":"post-473256","1":"product","2":"type-product","3":"status-publish","4":"has-post-thumbnail","6":"product_brand-pfanner-de","7":"product_cat-kleidung","8":"product_cat-arbeitskleidung","9":"sws-gruppo-no-gruppo-de","10":"sws-categoria-sito-de","11":"sws-sottocategoria-altro-de","12":"sws-conto-ricavi-merci-rivendita-abbigliamento-de","13":"sws-gruppo-iva-iva81-de","15":"first","16":"onbackorder","17":"shipping-taxable","18":"purchasable","19":"product-type-variable"},"_links":{"self":[{"href":"https:\/\/lucacastelli.com\/de\/wp-json\/wp\/v2\/product\/473256","targetHints":{"allow":["GET"]}}],"collection":[{"href":"https:\/\/lucacastelli.com\/de\/wp-json\/wp\/v2\/product"}],"about":[{"href":"https:\/\/lucacastelli.com\/de\/wp-json\/wp\/v2\/types\/product"}],"wp:featuredmedia":[{"embeddable":true,"href":"https:\/\/lucacastelli.com\/de\/wp-json\/wp\/v2\/media\/47308"}],"wp:attachment":[{"href":"https:\/\/lucacastelli.com\/de\/wp-json\/wp\/v2\/media?parent=473256"}],"wp:term":[{"taxonomy":"product_brand","embeddable":true,"href":"https:\/\/lucacastelli.com\/de\/wp-json\/wp\/v2\/product_brand?post=473256"},{"taxonomy":"product_cat","embeddable":true,"href":"https:\/\/lucacastelli.com\/de\/wp-json\/wp\/v2\/product_cat?post=473256"},{"taxonomy":"product_tag","embeddable":true,"href":"https:\/\/lucacastelli.com\/de\/wp-json\/wp\/v2\/product_tag?post=473256"}],"curies":[{"name":"wp","href":"https:\/\/api.w.org\/{rel}","templated":true}]}}