{"id":473169,"date":"2023-11-10T07:52:51","date_gmt":"2023-11-10T06:52:51","guid":{"rendered":"https:\/\/lucacastelli.com\/prodotto\/pfanner-merino-airsoft-hemd\/"},"modified":"2026-04-17T23:38:48","modified_gmt":"2026-04-17T21:38:48","slug":"pfanner-merino-airsoft-hemd","status":"publish","type":"product","link":"https:\/\/lucacastelli.com\/de\/produkt\/pfanner-merino-airsoft-hemd\/","title":{"rendered":"PFANNER Merino AirSoft Shirt"},"content":{"rendered":"<p>Das Merino AirSoft Shirt ist die perfekte L\u00f6sung f\u00fcr jeden Hauttyp. Dank der Perforation der Polsterung hat dieses Shirt au\u00dfergew\u00f6hnliche Isolationseigenschaften. Dank der Merinowolle ist es absolut geruchsresistent und selbstreinigend.  <\/p>\n<p>Die Flachn\u00e4hte garantieren ein druckfreies Tragen unter jeder Kleidung. Das nat\u00fcrliche Feuchtigkeitsmanagement sorgt f\u00fcr ein angenehmes Hautgef\u00fchl. <\/p>\n","protected":false},"excerpt":{"rendered":"<p>Das Merino AirSoft Shirt ist die perfekte L\u00f6sung f\u00fcr jeden Hauttyp. Dank der Perforation der Polsterung hat dieses Shirt au\u00dfergew\u00f6hnliche<\/p>\n","protected":false},"featured_media":47169,"template":"","meta":{"_seopress_robots_primary_cat":"","_seopress_titles_title":"","_seopress_titles_desc":"","_seopress_robots_index":""},"product_brand":[3670],"product_cat":[82,1382,974,975],"product_tag":[],"class_list":{"0":"post-473169","1":"product","2":"type-product","3":"status-publish","4":"has-post-thumbnail","6":"product_brand-pfanner-de","7":"product_cat-kleidung","8":"product_cat-arbeitskleidung","9":"product_cat-freizeitkleidung","10":"product_cat-herrenbekleidung","11":"sws-gruppo-no-gruppo-de","12":"sws-categoria-sito-de","13":"sws-sottocategoria-altro-de","14":"sws-conto-ricavi-merci-rivendita-abbigliamento-de","15":"sws-gruppo-iva-iva81-de","17":"first","18":"instock","19":"shipping-taxable","20":"purchasable","21":"product-type-variable"},"_links":{"self":[{"href":"https:\/\/lucacastelli.com\/de\/wp-json\/wp\/v2\/product\/473169","targetHints":{"allow":["GET"]}}],"collection":[{"href":"https:\/\/lucacastelli.com\/de\/wp-json\/wp\/v2\/product"}],"about":[{"href":"https:\/\/lucacastelli.com\/de\/wp-json\/wp\/v2\/types\/product"}],"wp:featuredmedia":[{"embeddable":true,"href":"https:\/\/lucacastelli.com\/de\/wp-json\/wp\/v2\/media\/47169"}],"wp:attachment":[{"href":"https:\/\/lucacastelli.com\/de\/wp-json\/wp\/v2\/media?parent=473169"}],"wp:term":[{"taxonomy":"product_brand","embeddable":true,"href":"https:\/\/lucacastelli.com\/de\/wp-json\/wp\/v2\/product_brand?post=473169"},{"taxonomy":"product_cat","embeddable":true,"href":"https:\/\/lucacastelli.com\/de\/wp-json\/wp\/v2\/product_cat?post=473169"},{"taxonomy":"product_tag","embeddable":true,"href":"https:\/\/lucacastelli.com\/de\/wp-json\/wp\/v2\/product_tag?post=473169"}],"curies":[{"name":"wp","href":"https:\/\/api.w.org\/{rel}","templated":true}]}}