{"id":472787,"date":"2023-11-09T14:51:56","date_gmt":"2023-11-09T13:51:56","guid":{"rendered":"https:\/\/lucacastelli.com\/prodotto\/pfanner-gladiator-keprotec-schnittschutzschlauch\/"},"modified":"2026-04-17T23:38:08","modified_gmt":"2026-04-17T21:38:08","slug":"pfanner-gladiator-keprotec-schnittschutzschlauch","status":"publish","type":"product","link":"https:\/\/lucacastelli.com\/de\/produkt\/pfanner-gladiator-keprotec-schnittschutzschlauch\/","title":{"rendered":"PFANNER Gladiator Keprotec Schnittschutzhosen"},"content":{"rendered":"<p>Der Gladiator\u00ae Keprotec vereint verschiedene Merkmale unserer Schnittschutzhosen. Ziel der Entwicklung war es, eine praktische Schnittschutzhose in gewohnter Pfanner-Qualit\u00e4t in einem attraktiven Preissegment anzubieten. <\/p>\n<p>Diese Schnittschutzhose richtet sich nicht nur an Auszubildende, Ausbilder, Maschinenf\u00fchrer und Forstarbeiter, sondern auch an Privatkunden.<\/p>\n<p>Die Gladiator\u00ae Keprotec verf\u00fcgt \u00fcber sportliche Knieverst\u00e4rkungen, eine Ges\u00e4\u00dftasche, Seitentaschen, Meterstabtaschen und zwei Vordertaschen. Bel\u00fcftungsschlitze sorgen f\u00fcr angenehmen Tragekomfort auch an hei\u00dfen Tagen. <\/p>\n<p>&#8211; Schnittschutzklasse 1<br \/>\n&#8211; Bel\u00fcftungsschlitze auf der R\u00fcckseite<br \/>\n&#8211; 10 % leichter als die Gladiator Extreme Schnittschutzhose<br \/>\n&#8211; Keprotec\u00ae-Gewebe an Ober- und Unterschenkel<br \/>\n&#8211; Erh\u00f6hter Nierenschutz<br \/>\n&#8211; StretchAIR-Technologie<br \/>\n&#8211; Pfanner-Logo auf der linken Hosenr\u00fcckseite<br \/>\nMaterial:<br \/>\nKeprotec Kevlar (Vorderseite): 62 % Polyamid, 38 % Keprotec Kevlar.<br \/>\nGladiator\u00ae Extreme (Kniebereich): 60 % Polyamid, 20 % VE-Garn, 20 % Polyurethan<br \/>\nStretchgewebe: 90 % Polyamid, 10 % Elasthan<br \/>\nSchnittschutz: Avertic Engtex Pro<\/p>\n","protected":false},"excerpt":{"rendered":"<p>Der Gladiator\u00ae Keprotec vereint verschiedene Merkmale unserer Schnittschutzhosen. Ziel der Entwicklung war es, eine praktische Schnittschutzhose in gewohnter Pfanner-Qualit\u00e4t in<\/p>\n","protected":false},"featured_media":46286,"template":"","meta":{"_seopress_robots_primary_cat":"none","_seopress_titles_title":"","_seopress_titles_desc":"","_seopress_robots_index":""},"product_brand":[3670],"product_cat":[82,1382],"product_tag":[],"class_list":{"0":"post-472787","1":"product","2":"type-product","3":"status-publish","4":"has-post-thumbnail","6":"product_brand-pfanner-de","7":"product_cat-kleidung","8":"product_cat-arbeitskleidung","9":"sws-gruppo-no-gruppo-de","10":"sws-categoria-sito-de","11":"sws-sottocategoria-altro-de","12":"sws-conto-ricavi-merci-rivendita-abbigliamento-de","13":"sws-gruppo-iva-iva81-de","15":"first","16":"instock","17":"shipping-taxable","18":"purchasable","19":"product-type-variable"},"_links":{"self":[{"href":"https:\/\/lucacastelli.com\/de\/wp-json\/wp\/v2\/product\/472787","targetHints":{"allow":["GET"]}}],"collection":[{"href":"https:\/\/lucacastelli.com\/de\/wp-json\/wp\/v2\/product"}],"about":[{"href":"https:\/\/lucacastelli.com\/de\/wp-json\/wp\/v2\/types\/product"}],"wp:featuredmedia":[{"embeddable":true,"href":"https:\/\/lucacastelli.com\/de\/wp-json\/wp\/v2\/media\/46286"}],"wp:attachment":[{"href":"https:\/\/lucacastelli.com\/de\/wp-json\/wp\/v2\/media?parent=472787"}],"wp:term":[{"taxonomy":"product_brand","embeddable":true,"href":"https:\/\/lucacastelli.com\/de\/wp-json\/wp\/v2\/product_brand?post=472787"},{"taxonomy":"product_cat","embeddable":true,"href":"https:\/\/lucacastelli.com\/de\/wp-json\/wp\/v2\/product_cat?post=472787"},{"taxonomy":"product_tag","embeddable":true,"href":"https:\/\/lucacastelli.com\/de\/wp-json\/wp\/v2\/product_tag?post=472787"}],"curies":[{"name":"wp","href":"https:\/\/api.w.org\/{rel}","templated":true}]}}