{"id":472699,"date":"2023-11-09T14:50:00","date_gmt":"2023-11-09T13:50:00","guid":{"rendered":"https:\/\/lucacastelli.com\/prodotto\/pfanner-stretch-guertel\/"},"modified":"2026-04-17T23:38:02","modified_gmt":"2026-04-17T21:38:02","slug":"pfanner-stretch-guertel","status":"publish","type":"product","link":"https:\/\/lucacastelli.com\/de\/produkt\/pfanner-stretch-guertel\/","title":{"rendered":"PFANNER Stretch-G\u00fcrtel"},"content":{"rendered":"<p>Produktinformationen &#8220;PFANNER Stretch-G\u00fcrtel&#8221;<br \/>\nDer Stretch-G\u00fcrtel von Pfanner mit gepr\u00e4gtem Logo im Verschluss.<br \/>\nBeim Anziehen gibt er nach und ist daher besonders komfortabel.<\/p>\n<p>Robustes Material<br \/>\nPasst sich perfekt der Taille an<br \/>\nPraktischer Schnellverschluss<br \/>\nL\u00e4nge individuell k\u00fcrzbar<br \/>\nKein Einf\u00e4deln n\u00f6tig<br \/>\nStufenlos verstellbare Klemme<\/p>\n<p>Material:<br \/>\n65 % PES, 35 % Elastan, Schnalle 100 % Metall nickelfrei<\/p>\n<p>Abmessungen:<br \/>\n(G\u00fcrtel kann einfach gek\u00fcrzt werden) 120 cm L\u00e4nge, 4 cm Breite<\/p>\n","protected":false},"excerpt":{"rendered":"<p>Produktinformationen &#8220;PFANNER Stretch-G\u00fcrtel&#8221; Der Stretch-G\u00fcrtel von Pfanner mit gepr\u00e4gtem Logo im Verschluss. Beim Anziehen gibt er nach und ist daher<\/p>\n","protected":false},"featured_media":97022,"template":"","meta":{"_seopress_robots_primary_cat":"","_seopress_titles_title":"","_seopress_titles_desc":"","_seopress_robots_index":""},"product_brand":[3670],"product_cat":[82,1391],"product_tag":[],"class_list":{"0":"post-472699","1":"product","2":"type-product","3":"status-publish","4":"has-post-thumbnail","6":"product_brand-pfanner-de","7":"product_cat-kleidung","8":"product_cat-bekleidungs-accessoires","9":"sws-gruppo-no-gruppo-de","10":"sws-categoria-sito-de","11":"sws-sottocategoria-altro-de","12":"sws-conto-ricavi-merci-rivendita-abbigliamento-de","13":"sws-gruppo-iva-iva81-de","15":"first","16":"onbackorder","17":"shipping-taxable","18":"purchasable","19":"product-type-variable"},"_links":{"self":[{"href":"https:\/\/lucacastelli.com\/de\/wp-json\/wp\/v2\/product\/472699","targetHints":{"allow":["GET"]}}],"collection":[{"href":"https:\/\/lucacastelli.com\/de\/wp-json\/wp\/v2\/product"}],"about":[{"href":"https:\/\/lucacastelli.com\/de\/wp-json\/wp\/v2\/types\/product"}],"wp:featuredmedia":[{"embeddable":true,"href":"https:\/\/lucacastelli.com\/de\/wp-json\/wp\/v2\/media\/97022"}],"wp:attachment":[{"href":"https:\/\/lucacastelli.com\/de\/wp-json\/wp\/v2\/media?parent=472699"}],"wp:term":[{"taxonomy":"product_brand","embeddable":true,"href":"https:\/\/lucacastelli.com\/de\/wp-json\/wp\/v2\/product_brand?post=472699"},{"taxonomy":"product_cat","embeddable":true,"href":"https:\/\/lucacastelli.com\/de\/wp-json\/wp\/v2\/product_cat?post=472699"},{"taxonomy":"product_tag","embeddable":true,"href":"https:\/\/lucacastelli.com\/de\/wp-json\/wp\/v2\/product_tag?post=472699"}],"curies":[{"name":"wp","href":"https:\/\/api.w.org\/{rel}","templated":true}]}}