{"id":472683,"date":"2023-11-09T13:10:29","date_gmt":"2023-11-09T12:10:29","guid":{"rendered":"https:\/\/lucacastelli.com\/prodotto\/pfanner-grizzly-jacke\/"},"modified":"2026-04-17T23:38:10","modified_gmt":"2026-04-17T21:38:10","slug":"pfanner-grizzly-jacke","status":"publish","type":"product","link":"https:\/\/lucacastelli.com\/de\/produkt\/pfanner-grizzly-jacke\/","title":{"rendered":"PFANNER Grizzly Jacke"},"content":{"rendered":"<p>Die wasserabweisenden Verst\u00e4rkungen an den Schultern und die praktische Tasche am \u00c4rmel runden dieses Produkt perfekt ab. Dieser Artikel ist sowohl als Jacke als auch als Pullover erh\u00e4ltlich. <\/p>\n<p>&#8211; Hoher Tragekomfort dank angenehmem gestricktem Fleece<br \/>\n&#8211; Gute Isolationseigenschaften<br \/>\n&#8211; Wasserabweisende Verst\u00e4rkungen an den Schultern<br \/>\n&#8211; Erh\u00e4ltlich als Jacke oder Pullover<br \/>\n&#8211; Praktische Tasche am \u00c4rmel<\/p>\n<p>Aussenmaterial: 66% Polyester; 34% Polyacryl<\/p>\n","protected":false},"excerpt":{"rendered":"<p>Die wasserabweisenden Verst\u00e4rkungen an den Schultern und die praktische Tasche am \u00c4rmel runden dieses Produkt perfekt ab. Dieser Artikel ist<\/p>\n","protected":false},"featured_media":617612,"template":"","meta":{"_seopress_robots_primary_cat":"none","_seopress_titles_title":"","_seopress_titles_desc":"","_seopress_robots_index":""},"product_brand":[3670],"product_cat":[1382,82],"product_tag":[],"class_list":{"0":"post-472683","1":"product","2":"type-product","3":"status-publish","4":"has-post-thumbnail","6":"product_brand-pfanner-de","7":"product_cat-arbeitskleidung","8":"product_cat-kleidung","9":"sws-gruppo-no-gruppo-de","10":"sws-categoria-sito-de","11":"sws-sottocategoria-altro-de","12":"sws-conto-ricavi-merci-rivendita-abbigliamento-de","13":"sws-gruppo-iva-iva81-de","15":"first","16":"instock","17":"shipping-taxable","18":"purchasable","19":"product-type-variable","20":"has-default-attributes"},"_links":{"self":[{"href":"https:\/\/lucacastelli.com\/de\/wp-json\/wp\/v2\/product\/472683","targetHints":{"allow":["GET"]}}],"collection":[{"href":"https:\/\/lucacastelli.com\/de\/wp-json\/wp\/v2\/product"}],"about":[{"href":"https:\/\/lucacastelli.com\/de\/wp-json\/wp\/v2\/types\/product"}],"wp:featuredmedia":[{"embeddable":true,"href":"https:\/\/lucacastelli.com\/de\/wp-json\/wp\/v2\/media\/617612"}],"wp:attachment":[{"href":"https:\/\/lucacastelli.com\/de\/wp-json\/wp\/v2\/media?parent=472683"}],"wp:term":[{"taxonomy":"product_brand","embeddable":true,"href":"https:\/\/lucacastelli.com\/de\/wp-json\/wp\/v2\/product_brand?post=472683"},{"taxonomy":"product_cat","embeddable":true,"href":"https:\/\/lucacastelli.com\/de\/wp-json\/wp\/v2\/product_cat?post=472683"},{"taxonomy":"product_tag","embeddable":true,"href":"https:\/\/lucacastelli.com\/de\/wp-json\/wp\/v2\/product_tag?post=472683"}],"curies":[{"name":"wp","href":"https:\/\/api.w.org\/{rel}","templated":true}]}}