{"id":472456,"date":"2022-07-13T14:38:59","date_gmt":"2022-07-13T12:38:59","guid":{"rendered":"https:\/\/lucacastelli.com\/?post_type=product&#038;p=472456"},"modified":"2025-09-03T08:17:50","modified_gmt":"2025-09-03T06:17:50","slug":"pfanner-impact-freischneiderhoseeder","status":"publish","type":"product","link":"https:\/\/lucacastelli.com\/de\/produkt\/pfanner-impact-freischneiderhoseeder\/","title":{"rendered":"Pfanner Impact Freischneiderhose EN 20471"},"content":{"rendered":"<p>&#8211; StretchAIR-Technologie<br \/>\n&#8211; Gladiator-Gewebe auf der Vorderseite<br \/>\n&#8211; Aufprallschutz auf der Vorderseite<br \/>\n&#8211; Bel\u00fcftungseinsatz in der Taille<br \/>\n&#8211; Bel\u00fcftungsschlitze auf der R\u00fcckseite des Beins<br \/>\n&#8211; Vorgeformte Knieverst\u00e4rkung<br \/>\n&#8211; EN 20471 Klasse 1<\/p>\n<p>Unsere Erfahrung in der Forstwirtschaft und bei der Arbeit im Freien flie\u00dft in diese Hose ein. Das Stretchgewebe sorgt f\u00fcr maximalen Komfort und StretchAIR\u00ae f\u00fcr maximale Funktionalit\u00e4t. Die Hose ist mit einem speziellen Rammschutz im vorderen Bereich ausgestattet, der die Beine zus\u00e4tzlich sch\u00fctzt. Der Bel\u00fcftungseinsatz im Bund und die Bel\u00fcftungsschlitze an der R\u00fcckseite der Beine sorgen f\u00fcr zus\u00e4tzliche Atmungsaktivit\u00e4t.   <\/p>\n<p>Material<br \/>\nVorderseite: 70% Polyester, 30% Polyamid<br \/>\nStretchgewebe: 90% Polyamid, 10% Elasthan<\/p>\n","protected":false},"excerpt":{"rendered":"<p>&#8211; StretchAIR-Technologie &#8211; Gladiator-Gewebe auf der Vorderseite &#8211; Aufprallschutz auf der Vorderseite &#8211; Bel\u00fcftungseinsatz in der Taille &#8211; Bel\u00fcftungsschlitze auf<\/p>\n","protected":false},"featured_media":42955,"template":"","meta":{"_seopress_robots_primary_cat":"none","_seopress_titles_title":"","_seopress_titles_desc":"","_seopress_robots_index":""},"product_brand":[3458],"product_cat":[21,284],"product_tag":[],"class_list":{"0":"post-472456","1":"product","2":"type-product","3":"status-publish","4":"has-post-thumbnail","6":"product_brand-pfanner","7":"product_cat-abbigliamento","8":"product_cat-abbigliamento-da-lavoro","9":"sws-gruppo-no-gruppo-de","10":"sws-categoria-sito-de","11":"sws-sottocategoria-altro-de","12":"sws-conto-ricavi-merci-rivendita-abbigliamento-de","13":"sws-gruppo-iva-iva81-de","15":"first","16":"instock","17":"shipping-taxable","18":"purchasable","19":"product-type-variable"},"_links":{"self":[{"href":"https:\/\/lucacastelli.com\/de\/wp-json\/wp\/v2\/product\/472456","targetHints":{"allow":["GET"]}}],"collection":[{"href":"https:\/\/lucacastelli.com\/de\/wp-json\/wp\/v2\/product"}],"about":[{"href":"https:\/\/lucacastelli.com\/de\/wp-json\/wp\/v2\/types\/product"}],"wp:featuredmedia":[{"embeddable":true,"href":"https:\/\/lucacastelli.com\/de\/wp-json\/wp\/v2\/media\/42955"}],"wp:attachment":[{"href":"https:\/\/lucacastelli.com\/de\/wp-json\/wp\/v2\/media?parent=472456"}],"wp:term":[{"taxonomy":"product_brand","embeddable":true,"href":"https:\/\/lucacastelli.com\/de\/wp-json\/wp\/v2\/product_brand?post=472456"},{"taxonomy":"product_cat","embeddable":true,"href":"https:\/\/lucacastelli.com\/de\/wp-json\/wp\/v2\/product_cat?post=472456"},{"taxonomy":"product_tag","embeddable":true,"href":"https:\/\/lucacastelli.com\/de\/wp-json\/wp\/v2\/product_tag?post=472456"}],"curies":[{"name":"wp","href":"https:\/\/api.w.org\/{rel}","templated":true}]}}