{"id":472406,"date":"2022-07-13T09:08:38","date_gmt":"2022-07-13T07:08:38","guid":{"rendered":"https:\/\/lucacastelli.com\/?post_type=product&#038;p=472406"},"modified":"2025-07-27T08:20:47","modified_gmt":"2025-07-27T06:20:47","slug":"pfanner-merino-kurzarm-shirt","status":"publish","type":"product","link":"https:\/\/lucacastelli.com\/de\/produkt\/pfanner-merino-kurzarm-shirt\/","title":{"rendered":"PFANNER Merino kurzarm Shirt"},"content":{"rendered":"<p>Die kurz\u00e4rmelige Variante des Merino-Trikots trocknet schnell und nimmt keine Ger\u00fcche an. Bei anspruchsvollen T\u00e4tigkeiten leitet sie Feuchtigkeit schnell vom K\u00f6rper ab, ohne sie in Ruhephasen auszuk\u00fchlen. Zudem ist es extrem pflegeleicht. Der eng anliegende und sportliche Schnitt schr\u00e4nkt die Bewegungsfreiheit nicht ein.   <\/p>\n","protected":false},"excerpt":{"rendered":"<p>Die kurz\u00e4rmelige Variante des Merino-Trikots trocknet schnell und nimmt keine Ger\u00fcche an. Bei anspruchsvollen T\u00e4tigkeiten leitet sie Feuchtigkeit schnell vom<\/p>\n","protected":false},"featured_media":42612,"template":"","meta":{"_seopress_robots_primary_cat":"","_seopress_titles_title":"","_seopress_titles_desc":"","_seopress_robots_index":""},"product_brand":[3670],"product_cat":[1382,82],"product_tag":[],"class_list":{"0":"post-472406","1":"product","2":"type-product","3":"status-publish","4":"has-post-thumbnail","6":"product_brand-pfanner-de","7":"product_cat-arbeitskleidung","8":"product_cat-kleidung","9":"sws-gruppo-no-gruppo","10":"sws-categoria-sito","11":"sws-sottocategoria-altro","12":"sws-conto-ricavi-merci-rivendita-abbigliamento","13":"sws-gruppo-iva-iva81","15":"first","16":"instock","17":"shipping-taxable","18":"purchasable","19":"product-type-variable"},"_links":{"self":[{"href":"https:\/\/lucacastelli.com\/de\/wp-json\/wp\/v2\/product\/472406","targetHints":{"allow":["GET"]}}],"collection":[{"href":"https:\/\/lucacastelli.com\/de\/wp-json\/wp\/v2\/product"}],"about":[{"href":"https:\/\/lucacastelli.com\/de\/wp-json\/wp\/v2\/types\/product"}],"wp:featuredmedia":[{"embeddable":true,"href":"https:\/\/lucacastelli.com\/de\/wp-json\/wp\/v2\/media\/42612"}],"wp:attachment":[{"href":"https:\/\/lucacastelli.com\/de\/wp-json\/wp\/v2\/media?parent=472406"}],"wp:term":[{"taxonomy":"product_brand","embeddable":true,"href":"https:\/\/lucacastelli.com\/de\/wp-json\/wp\/v2\/product_brand?post=472406"},{"taxonomy":"product_cat","embeddable":true,"href":"https:\/\/lucacastelli.com\/de\/wp-json\/wp\/v2\/product_cat?post=472406"},{"taxonomy":"product_tag","embeddable":true,"href":"https:\/\/lucacastelli.com\/de\/wp-json\/wp\/v2\/product_tag?post=472406"}],"curies":[{"name":"wp","href":"https:\/\/api.w.org\/{rel}","templated":true}]}}