{"id":472326,"date":"2022-07-10T18:24:04","date_gmt":"2022-07-10T16:24:04","guid":{"rendered":"https:\/\/lucacastelli.com\/?post_type=product&#038;p=472326"},"modified":"2025-11-26T09:30:14","modified_gmt":"2025-11-26T08:30:14","slug":"pfanner-stretchzone-warnschlauch-1304-sbb","status":"publish","type":"product","link":"https:\/\/lucacastelli.com\/de\/produkt\/pfanner-stretchzone-warnschlauch-1304-sbb\/","title":{"rendered":"PFANNER StretchZone Warnschlauch 1304 SBB"},"content":{"rendered":"<p>Robuste SBB Schutzhose in Orange aus unterschiedlichen Funktionsmaterialien. Perfekt sichtbar mit 3CON-Reflexstreifen und fluoreszierenden Farben, auch bei schlechten Lichtverh\u00e4ltnissen. Mit dem abriebfesten Oberstoff und der Cordura-Knieverst\u00e4rkung\u00ae ist sie f\u00fcr alle Arbeitseins\u00e4tze ger\u00fcstet. Ges\u00e4\u00df- und Fronttaschen. Produkte k\u00f6nnen nur in unserem Gesch\u00e4ft in Castione (CH) und in unserem Online-Shop gekauft werden.    <\/p>\n","protected":false},"excerpt":{"rendered":"<p>Robuste SBB Schutzhose in Orange aus unterschiedlichen Funktionsmaterialien. Perfekt sichtbar mit 3CON-Reflexstreifen und fluoreszierenden Farben, auch bei schlechten Lichtverh\u00e4ltnissen. Mit<\/p>\n","protected":false},"featured_media":75403,"template":"","meta":{"_seopress_robots_primary_cat":"none","_seopress_titles_title":"","_seopress_titles_desc":"","_seopress_robots_index":""},"product_brand":[3670],"product_cat":[1382,82],"product_tag":[],"class_list":{"0":"post-472326","1":"product","2":"type-product","3":"status-publish","4":"has-post-thumbnail","6":"product_brand-pfanner-de","7":"product_cat-arbeitskleidung","8":"product_cat-kleidung","9":"sws-gruppo-no-gruppo","10":"sws-categoria-sito","11":"sws-sottocategoria-altro","12":"sws-conto-ricavi-merci-rivendita-abbigliamento","13":"sws-gruppo-iva-iva81","15":"first","16":"instock","17":"shipping-taxable","18":"purchasable","19":"product-type-variable","20":"has-default-attributes"},"_links":{"self":[{"href":"https:\/\/lucacastelli.com\/de\/wp-json\/wp\/v2\/product\/472326","targetHints":{"allow":["GET"]}}],"collection":[{"href":"https:\/\/lucacastelli.com\/de\/wp-json\/wp\/v2\/product"}],"about":[{"href":"https:\/\/lucacastelli.com\/de\/wp-json\/wp\/v2\/types\/product"}],"wp:featuredmedia":[{"embeddable":true,"href":"https:\/\/lucacastelli.com\/de\/wp-json\/wp\/v2\/media\/75403"}],"wp:attachment":[{"href":"https:\/\/lucacastelli.com\/de\/wp-json\/wp\/v2\/media?parent=472326"}],"wp:term":[{"taxonomy":"product_brand","embeddable":true,"href":"https:\/\/lucacastelli.com\/de\/wp-json\/wp\/v2\/product_brand?post=472326"},{"taxonomy":"product_cat","embeddable":true,"href":"https:\/\/lucacastelli.com\/de\/wp-json\/wp\/v2\/product_cat?post=472326"},{"taxonomy":"product_tag","embeddable":true,"href":"https:\/\/lucacastelli.com\/de\/wp-json\/wp\/v2\/product_tag?post=472326"}],"curies":[{"name":"wp","href":"https:\/\/api.w.org\/{rel}","templated":true}]}}