{"id":472307,"date":"2022-07-05T06:02:16","date_gmt":"2022-07-05T04:02:16","guid":{"rendered":"https:\/\/lucacastelli.com\/?post_type=product&#038;p=472307"},"modified":"2025-08-18T13:52:30","modified_gmt":"2025-08-18T11:52:30","slug":"pfanner-ventura-regenjacke","status":"publish","type":"product","link":"https:\/\/lucacastelli.com\/de\/produkt\/pfanner-ventura-regenjacke\/","title":{"rendered":"PFANNER Ventura Wasserdichte Jacke"},"content":{"rendered":"<p>Die Ventura Regenjacke ist mit einer SympaTex-Membran ausgestattet, die f\u00fcr zuverl\u00e4ssigen Feuchtigkeitsschutz und maximalen Komfort sorgt. Diese Membran garantiert Wasserdichtigkeit und maximale Atmungsaktivit\u00e4t. Der Rei\u00dfverschluss im Achselbereich l\u00e4sst sich f\u00fcr zus\u00e4tzliche Bel\u00fcftung \u00f6ffnen. Die Velcro-B\u00fcndchen lassen sich individuell anpassen und verhindern das Eindringen von Schmutz und Wasser. Die neuen reflektierenden Streifen und 3CON\u00ae reflektierenden Icons verleihen der Ventura Regenjacke noch mehr Sichtbarkeit und damit mehr Sicherheit. Die Ventura Regenjacke ist auch in einem sportlichen Schnitt f\u00fcr Damen erh\u00e4ltlich.   <\/p>\n<p>Material<br \/>\nStretchgewebe: 90 % Polyester, 10 % Elasthan<br \/>\nFutter: 100 % Polyester<\/p>\n","protected":false},"excerpt":{"rendered":"<p>Die Ventura Regenjacke ist mit einer SympaTex-Membran ausgestattet, die f\u00fcr zuverl\u00e4ssigen Feuchtigkeitsschutz und maximalen Komfort sorgt. Diese Membran garantiert Wasserdichtigkeit<\/p>\n","protected":false},"featured_media":41090,"template":"","meta":{"_seopress_robots_primary_cat":"","_seopress_titles_title":"","_seopress_titles_desc":"","_seopress_robots_index":""},"product_brand":[3670],"product_cat":[1382,82],"product_tag":[],"class_list":{"0":"post-472307","1":"product","2":"type-product","3":"status-publish","4":"has-post-thumbnail","6":"product_brand-pfanner-de","7":"product_cat-arbeitskleidung","8":"product_cat-kleidung","9":"sws-gruppo-no-gruppo-de","10":"sws-categoria-sito-de","11":"sws-sottocategoria-altro-de","12":"sws-conto-ricavi-merci-rivendita-abbigliamento-de","13":"sws-gruppo-iva-iva81-de","15":"first","16":"onbackorder","17":"shipping-taxable","18":"purchasable","19":"product-type-variable"},"_links":{"self":[{"href":"https:\/\/lucacastelli.com\/de\/wp-json\/wp\/v2\/product\/472307","targetHints":{"allow":["GET"]}}],"collection":[{"href":"https:\/\/lucacastelli.com\/de\/wp-json\/wp\/v2\/product"}],"about":[{"href":"https:\/\/lucacastelli.com\/de\/wp-json\/wp\/v2\/types\/product"}],"wp:featuredmedia":[{"embeddable":true,"href":"https:\/\/lucacastelli.com\/de\/wp-json\/wp\/v2\/media\/41090"}],"wp:attachment":[{"href":"https:\/\/lucacastelli.com\/de\/wp-json\/wp\/v2\/media?parent=472307"}],"wp:term":[{"taxonomy":"product_brand","embeddable":true,"href":"https:\/\/lucacastelli.com\/de\/wp-json\/wp\/v2\/product_brand?post=472307"},{"taxonomy":"product_cat","embeddable":true,"href":"https:\/\/lucacastelli.com\/de\/wp-json\/wp\/v2\/product_cat?post=472307"},{"taxonomy":"product_tag","embeddable":true,"href":"https:\/\/lucacastelli.com\/de\/wp-json\/wp\/v2\/product_tag?post=472307"}],"curies":[{"name":"wp","href":"https:\/\/api.w.org\/{rel}","templated":true}]}}