{"id":472223,"date":"2022-07-04T12:11:08","date_gmt":"2022-07-04T10:11:08","guid":{"rendered":"https:\/\/lucacastelli.com\/?post_type=product&#038;p=472223"},"modified":"2026-04-14T03:28:54","modified_gmt":"2026-04-14T01:28:54","slug":"pfanner-boa-seguro-high-s3","status":"publish","type":"product","link":"https:\/\/lucacastelli.com\/de\/produkt\/pfanner-boa-seguro-high-s3\/","title":{"rendered":"PFANNER BOA Seguro High S3"},"content":{"rendered":"<p>Der hohe Schaft des BOA\u00ae Seguro high S3 bietet Kn\u00f6chelschutz und dient als Kn\u00f6chelst\u00fctze. Schutz vor Sp\u00e4nen und Funken bietet die verst\u00e4rkte Lederzunge. Schnellere Sichtbarkeit dank verarbeiteter 3CON\u00ae-Technologie. Verschlei\u00dffreie \u00d6sen garantieren die Langlebigkeit der Schuhe. Das Bel\u00fcftungsgewebe steht f\u00fcr komfortable Trageeigenschaften. Maximale Haftung und Abriebfestigkeit wird durch die ru\u00dffreien VIBRAM TPU-Sohlen garantiert. S3<\/p>\n<p>&#8211; VSS (VarioSupportSystem) im Fersenbereich<br \/>\n&#8211; SympaTex-Socke f\u00fcr maximale Wasserdichtigkeit<br \/>\n&#8211; TPU-Sto\u00dfkappe<br \/>\n&#8211; Kn\u00f6chelschutz<br \/>\n&#8211; Selbstreinigendes Profil<br \/>\n&#8211; Patentiertes BOA\u00ae-Verschlusssystem<br \/>\n&#8211; Komfortabel und schnell an- und auszuziehen<br \/>\n&#8211; 3CON\u00ae Reflex f\u00fcr bessere Sichtbarkeit<\/p>\n<p>Sohle: VIBRAM TPU-Gummisohle<br \/>\nObermaterial: Leder<br \/>\nFutter: Netzgewebe<\/p>\n","protected":false},"excerpt":{"rendered":"<p>Der hohe Schaft des BOA\u00ae Seguro high S3 bietet Kn\u00f6chelschutz und dient als Kn\u00f6chelst\u00fctze. Schutz vor Sp\u00e4nen und Funken bietet<\/p>\n","protected":false},"featured_media":73778,"template":"","meta":{"_seopress_robots_primary_cat":"","_seopress_titles_title":"","_seopress_titles_desc":"","_seopress_robots_index":""},"product_brand":[3670],"product_cat":[1424,175],"product_tag":[],"class_list":{"0":"post-472223","1":"product","2":"type-product","3":"status-publish","4":"has-post-thumbnail","6":"product_brand-pfanner-de","7":"product_cat-arbeitsschuhe","8":"product_cat-schuhe","9":"sws-gruppo-no-gruppo-de","10":"sws-categoria-sito-de","11":"sws-sottocategoria-altro-de","12":"sws-conto-ricavi-merci-rivendita-abbigliamento-de","13":"sws-gruppo-iva-iva81-de","15":"first","16":"instock","17":"shipping-taxable","18":"purchasable","19":"product-type-variable"},"_links":{"self":[{"href":"https:\/\/lucacastelli.com\/de\/wp-json\/wp\/v2\/product\/472223","targetHints":{"allow":["GET"]}}],"collection":[{"href":"https:\/\/lucacastelli.com\/de\/wp-json\/wp\/v2\/product"}],"about":[{"href":"https:\/\/lucacastelli.com\/de\/wp-json\/wp\/v2\/types\/product"}],"wp:featuredmedia":[{"embeddable":true,"href":"https:\/\/lucacastelli.com\/de\/wp-json\/wp\/v2\/media\/73778"}],"wp:attachment":[{"href":"https:\/\/lucacastelli.com\/de\/wp-json\/wp\/v2\/media?parent=472223"}],"wp:term":[{"taxonomy":"product_brand","embeddable":true,"href":"https:\/\/lucacastelli.com\/de\/wp-json\/wp\/v2\/product_brand?post=472223"},{"taxonomy":"product_cat","embeddable":true,"href":"https:\/\/lucacastelli.com\/de\/wp-json\/wp\/v2\/product_cat?post=472223"},{"taxonomy":"product_tag","embeddable":true,"href":"https:\/\/lucacastelli.com\/de\/wp-json\/wp\/v2\/product_tag?post=472223"}],"curies":[{"name":"wp","href":"https:\/\/api.w.org\/{rel}","templated":true}]}}