{"id":472154,"date":"2022-07-04T09:43:33","date_gmt":"2022-07-04T07:43:33","guid":{"rendered":"https:\/\/lucacastelli.com\/?post_type=product&#038;p=472154"},"modified":"2026-04-14T03:33:28","modified_gmt":"2026-04-14T01:33:28","slug":"pfanner-boa-seguro-low-s3","status":"publish","type":"product","link":"https:\/\/lucacastelli.com\/de\/produkt\/pfanner-boa-seguro-low-s3\/","title":{"rendered":"PFANNER BOA Seguro Low S3"},"content":{"rendered":"<p>Die verst\u00e4rkte Ferse bietet maximale Formstabilit\u00e4t. Der BOA\u00ae-Verschluss erm\u00f6glicht schnelles und einfaches An- und Ausziehen sowie eine Feineinstellung der Schuhe. Schnellere Sichtbarkeit wird durch die verarbeitete 3CON\u00ae-Technologie gew\u00e4hrleistet. Die verst\u00e4rkte Lederzunge bietet Schutz vor Splittern und heissen Funken. Die verschleissfreien \u00d6sen garantieren die Langlebigkeit der Schuhe. Das Bel\u00fcftungsgewebe steht f\u00fcr komfortable Trageeigenschaften. Maximale Haftung und Abriebfestigkeit wird durch die russfreien VIBRAM TPU-Sohlen gew\u00e4hrleistet. S3       <\/p>\n<p>&#8211; Perfekte Einhandbedienung<br \/>\n&#8211; Zehenkappe aus Verbundmaterial<br \/>\n&#8211; Torsionsschutz-Sohle<br \/>\n&#8211; Fersenverst\u00e4rkung<br \/>\n&#8211; Kevlar statt Metalleins\u00e4tzen in der Sohle<br \/>\n&#8211; Selbstreinigende Lauffl\u00e4che<br \/>\n&#8211; 3CON\u00ae Reflex f\u00fcr bessere Sichtbarkeit<\/p>\n<p>Obermaterial: Perforiertes Leder<br \/>\nFutter: Netzgewebe<br \/>\nSohle: VIBRAM TPU-Gummisohle<\/p>\n","protected":false},"excerpt":{"rendered":"<p>Die verst\u00e4rkte Ferse bietet maximale Formstabilit\u00e4t. Der BOA\u00ae-Verschluss erm\u00f6glicht schnelles und einfaches An- und Ausziehen sowie eine Feineinstellung der Schuhe.<\/p>\n","protected":false},"featured_media":73503,"template":"","meta":{"_seopress_robots_primary_cat":"","_seopress_titles_title":"","_seopress_titles_desc":"","_seopress_robots_index":""},"product_brand":[3670],"product_cat":[1424,175],"product_tag":[],"class_list":{"0":"post-472154","1":"product","2":"type-product","3":"status-publish","4":"has-post-thumbnail","6":"product_brand-pfanner-de","7":"product_cat-arbeitsschuhe","8":"product_cat-schuhe","9":"sws-gruppo-no-gruppo-de","10":"sws-categoria-sito-de","11":"sws-sottocategoria-altro-de","12":"sws-conto-ricavi-merci-rivendita-abbigliamento-de","13":"sws-gruppo-iva-iva81-de","15":"first","16":"instock","17":"shipping-taxable","18":"purchasable","19":"product-type-variable"},"_links":{"self":[{"href":"https:\/\/lucacastelli.com\/de\/wp-json\/wp\/v2\/product\/472154","targetHints":{"allow":["GET"]}}],"collection":[{"href":"https:\/\/lucacastelli.com\/de\/wp-json\/wp\/v2\/product"}],"about":[{"href":"https:\/\/lucacastelli.com\/de\/wp-json\/wp\/v2\/types\/product"}],"wp:featuredmedia":[{"embeddable":true,"href":"https:\/\/lucacastelli.com\/de\/wp-json\/wp\/v2\/media\/73503"}],"wp:attachment":[{"href":"https:\/\/lucacastelli.com\/de\/wp-json\/wp\/v2\/media?parent=472154"}],"wp:term":[{"taxonomy":"product_brand","embeddable":true,"href":"https:\/\/lucacastelli.com\/de\/wp-json\/wp\/v2\/product_brand?post=472154"},{"taxonomy":"product_cat","embeddable":true,"href":"https:\/\/lucacastelli.com\/de\/wp-json\/wp\/v2\/product_cat?post=472154"},{"taxonomy":"product_tag","embeddable":true,"href":"https:\/\/lucacastelli.com\/de\/wp-json\/wp\/v2\/product_tag?post=472154"}],"curies":[{"name":"wp","href":"https:\/\/api.w.org\/{rel}","templated":true}]}}