{"id":472137,"date":"2023-11-28T10:17:12","date_gmt":"2023-11-28T09:17:12","guid":{"rendered":"https:\/\/lucacastelli.com\/prodotto\/petzl-schicht\/"},"modified":"2023-11-28T10:17:12","modified_gmt":"2023-11-28T09:17:12","slug":"petzl-schicht","status":"publish","type":"product","link":"https:\/\/lucacastelli.com\/de\/produkt\/petzl-schicht\/","title":{"rendered":"PETZL-SCHICHT"},"content":{"rendered":"<p>Leichter und bel\u00fcfteter Helm<\/p>\n<p>Der sehr leichte STRATO VENT Helm garantiert eine komfortable Nutzung, dank der CENTERFIT- und FLIP&amp;FIT-Systeme, die eine hervorragende Abdichtung des Geh\u00e4uses auf dem Kopf erm\u00f6glichen. Mit einem austauschbaren Widerstands-Kinnriemen ist er f\u00fcr Arbeiten in der H\u00f6he und am Boden geeignet. Er verf\u00fcgt \u00fcber Bel\u00fcftungsl\u00f6cher, um den Helm zu bel\u00fcften. Die optimale Integration einer Petzl-Stirnlampe, eines Schutzvisiers, eines L\u00e4rmschutzes und zahlreicher Zubeh\u00f6rteile macht ihn zu einem vollst\u00e4ndig modularen Helm, der den zus\u00e4tzlichen Bed\u00fcrfnissen von Profis gerecht wird.   <\/p>\n<p>Beschreibung<br \/>\nLeichte Konstruktion und komfortable Handhabung:<br \/>\n&#8211; zweiteilige Innenschale, EPP (expandiertes Polypropylen) und EPS (expandiertes Polystyrol) f\u00fcr mehr Leichtigkeit,<br \/>\n&#8211; CENTERFIT-Einstellung, die den Helm dank der beiden seitlichen Einstellr\u00e4der perfekt auf dem Kopf zentriert h\u00e4lt,<br \/>\n&#8211; FLIP&amp;FIT-System, das eine niedrige Position des Kopfbandes erm\u00f6glicht, um einen hervorragenden Halt des Helms zu gew\u00e4hrleisten. Das System l\u00e4sst sich f\u00fcr eine einfache Lagerung und einen einfachen Transport in den Helm einziehen &#8211; geliefert mit austauschbaren saugf\u00e4higen Komfortsch\u00e4umen.<\/p>\n<p>Schutz f\u00fcr Arbeiten in der H\u00f6he und am Boden:<br \/>\n &#8211; DUAL-Kinnriemen, der es dem Arbeiter erm\u00f6glicht, den Widerstand des Kinnriemens zu \u00e4ndern, um den Helm an verschiedene Umgebungen anzupassen: Arbeiten in der H\u00f6he (EN 12492) und Arbeiten am Boden (EN 397). Der Clip verf\u00fcgt \u00fcber zwei Positionen f\u00fcr zwei Verwendungsmodi: hoher Widerstand, um das Risiko zu verringern, den Helm bei einem Sturz zu verlieren, und niedriger Widerstand, um das Strangulationsrisiko beim Anbringen des Helms zu verringern, wenn der Benutzer auf dem Boden liegt,<br \/>\n &#8211; Sto\u00dfd\u00e4mpfung aufgrund der Verformung der Innenschale,<br \/>\n &#8211; Bel\u00fcftungsl\u00f6cher zur Bel\u00fcftung des Helms.<br \/>\nModularit\u00e4t des Zubeh\u00f6rs:<br \/>\n&#8211; Schutzvisier mit seitlichem EASYCLIP-Befestigungssystem, das die Installation erleichtert<br \/>\n&#8211; Petzl-Stirnlampe mit Befestigungen oder Stirnlampe mit elastischem Stirnband,<br \/>\n&#8211; Helmschutz, mit dem Sie die Schale vor Schmutz und Farbspritzern sch\u00fctzen k\u00f6nnen,<br \/>\n&#8211; Nackenschutz zum Schutz des Halses vor Regen und Sonneneinstrahlung,<br \/>\n&#8211; Ausweishalter zur schnellen Identifizierung des Benutzers,<br \/>\n&#8211; austauschbarer Kinnriemen und Polsterung,<br \/>\n&#8211; L\u00e4rmschutz,<br \/>\n&#8211; Erh\u00e4ltlich in vier Farben: Wei\u00df, Gelb, Rot und Schwarz,<br \/>\n&#8211; Sie sind auch in zwei gut sichtbaren Versionen erh\u00e4ltlich: Gelb und Orange.<br \/>\nSpezifisch<br \/>\nKopfumfang: 53-63 cm<br \/>\nGewicht: 415 g<br \/>\nMaterialien: ABS (Acrylonit-Butadien-Styrol), EPP (expandiertes Polypropylen), EPS (expandiertes Polystyrol), Polyamid, Polycarbonat, hochfestes Polyester, Polyethylen<br \/>\nZertifizierung(en): CE, EN 12492, ANSI Z89.1 Typ I Klasse C, UKCA<\/p>\n<table>\n<tbody>\n<tr>\n<th class=\"rowTitle\">Referenzen<\/th>\n<th>\n A020BA00<\/th>\n<th>\n A020BA01<\/th>\n<th>\n A020BA02<\/th>\n<th>A020BA03<\/th>\n<\/tr>\n<tr>\n<td class=\"rowTitle\">Farbe(n)<\/td>\n<td>wei\u00df <\/td>\n<td>gelb <\/td>\n<td>rot <\/td>\n<td>schwarz <\/td>\n<\/tr>\n<tr>\n<td class=\"rowTitle\">Garantie<\/td>\n<td>3 Jahre<\/td>\n<td>3 Jahre<\/td>\n<td>3 Jahre<\/td>\n<td>3 Jahre<\/td>\n<\/tr>\n<tr>\n<td class=\"rowTitle\">Verpackung<\/td>\n<td> <\/td>\n<p> 1<\/p>\n<td> <\/td>\n<p> 1<\/p>\n<td> <\/td>\n<p> 1<\/p>\n<td>1 <\/td>\n<\/tr>\n<\/tbody>\n<\/table>\n","protected":false},"excerpt":{"rendered":"<p>Leichter und bel\u00fcfteter Helm Der sehr leichte STRATO VENT Helm garantiert eine komfortable Nutzung, dank der CENTERFIT- und FLIP&amp;FIT-Systeme, die<\/p>\n","protected":false},"featured_media":94873,"template":"","meta":{"_seopress_robots_primary_cat":"","_seopress_titles_title":"","_seopress_titles_desc":"","_seopress_robots_index":""},"product_brand":[3666],"product_cat":[1396,150,1404,1411],"product_tag":[],"class_list":{"0":"post-472137","1":"product","2":"type-product","3":"status-publish","4":"has-post-thumbnail","6":"product_brand-petzl-de","7":"product_cat-arbeitsausrustung","8":"product_cat-ausrustung","9":"product_cat-helme","10":"product_cat-visiere-und-schutzbrillen","12":"first","13":"onbackorder","14":"shipping-taxable","15":"purchasable","16":"product-type-variable"},"_links":{"self":[{"href":"https:\/\/lucacastelli.com\/de\/wp-json\/wp\/v2\/product\/472137","targetHints":{"allow":["GET"]}}],"collection":[{"href":"https:\/\/lucacastelli.com\/de\/wp-json\/wp\/v2\/product"}],"about":[{"href":"https:\/\/lucacastelli.com\/de\/wp-json\/wp\/v2\/types\/product"}],"wp:featuredmedia":[{"embeddable":true,"href":"https:\/\/lucacastelli.com\/de\/wp-json\/wp\/v2\/media\/94873"}],"wp:attachment":[{"href":"https:\/\/lucacastelli.com\/de\/wp-json\/wp\/v2\/media?parent=472137"}],"wp:term":[{"taxonomy":"product_brand","embeddable":true,"href":"https:\/\/lucacastelli.com\/de\/wp-json\/wp\/v2\/product_brand?post=472137"},{"taxonomy":"product_cat","embeddable":true,"href":"https:\/\/lucacastelli.com\/de\/wp-json\/wp\/v2\/product_cat?post=472137"},{"taxonomy":"product_tag","embeddable":true,"href":"https:\/\/lucacastelli.com\/de\/wp-json\/wp\/v2\/product_tag?post=472137"}],"curies":[{"name":"wp","href":"https:\/\/api.w.org\/{rel}","templated":true}]}}