{"id":472130,"date":"2023-11-22T08:37:40","date_gmt":"2023-11-22T07:37:40","guid":{"rendered":"https:\/\/lucacastelli.com\/prodotto\/petzl-lampe-aria-2-rgb\/"},"modified":"2023-11-22T08:37:40","modified_gmt":"2023-11-22T07:37:40","slug":"petzl-lampe-aria-2-rgb","status":"publish","type":"product","link":"https:\/\/lucacastelli.com\/de\/produkt\/petzl-lampe-aria-2-rgb\/","title":{"rendered":"PETZL LAMPE ARIA 2 RGB"},"content":{"rendered":"<p>Kompakte, langlebige und wasserdichte Stirnlampe, die f\u00fcr Nahsicht und Bewegung konzipiert und mit wei\u00dfer oder roter\/gr\u00fcner\/blauer Beleuchtung ausgestattet ist, um Nachtsicht und Geheimhaltung zu wahren. 450 Lumen <\/p>\n<p>Mit einer Leistung von 450 Lumen ist die kompakte Stirnlampe ARIA\u00ae 2 RGB f\u00fcr den Einsatz durch Wartungsprofis, Handwerker und Theaterarbeiter konzipiert. Es ist langlebig und widerstandsf\u00e4hig gegen St\u00fcrze und St\u00f6\u00dfe. Es ist auch wasser- und staubdicht, so dass es f\u00fcr verschiedene Arbeitsbedingungen geeignet ist. Einfach zu bedienen, mit einer einzigen Taste zur Steuerung aller Lampenfunktionen. Der breite, gleichm\u00e4\u00dfige Lichtkegel sorgt f\u00fcr eine komfortable Beleuchtung im Nahbereich, w\u00e4hrend der gemischte Lichtkegel das Bewegen erleichtert. Die Rot\/Gr\u00fcn\/Blau-Funktion bewahrt die Nachtsicht und erm\u00f6glicht es Ihnen, bei Bedarf unauff\u00e4llig zu sein. Es ist bequem und kann auf dem Kopf, um den Hals und an verschiedenen Arten von Helmen getragen werden, wobei die als Zubeh\u00f6r erh\u00e4ltlichen Montageplatten verwendet werden. Der ARIA\u00ae 2 RGB wird mit drei Standard-Akkus geliefert und ist dank seines HYBRID CONCEPT-Designs auch mit dem CORE-Akku kompatibel.       <\/p>\n<p>Beschreibung<br \/>\nStirnlampe f\u00fcr den gelegentlichen professionellen Einsatz:<br \/>\n&#8211; Langlebige Konstruktion: Die Lampe ist widerstandsf\u00e4hig gegen St\u00f6\u00dfe (IK07) und St\u00fcrze (bis zu 2 Meter).<br \/>\n&#8211; Staub- und wasserdicht (IP67)<br \/>\n&#8211; Breiter und gleichm\u00e4\u00dfiger Lichtstrahl f\u00fcr eine komfortable Ausleuchtung bei Arbeiten im Nahbereich<br \/>\n&#8211; Gemischter Strahl f\u00fcr einfache Bewegung<br \/>\n&#8211; Drei wei\u00dfe Beleuchtungsstufen: MAX BURN TIME, STANDARD (besseres Verh\u00e4ltnis zwischen Leistung und Leuchtdauer) und MAX POWER<br \/>\n&#8211; Rote, gr\u00fcne oder blaue Beleuchtung (kontinuierlich oder stroboskopisch) kombiniert Sehkomfort und Unsichtbarkeit<br \/>\nEinfach zu bedienen:<br \/>\n&#8211; Eine einzige Taste zur schnellen und einfachen Auswahl der Beleuchtungsst\u00e4rke<br \/>\n&#8211; Mit der Platte kann die Lampe leicht nach oben oder unten gekippt werden<br \/>\n&#8211; Die Akkuladeanzeige zeigt bei jedem Ein- oder Ausschalten<br \/>\n der Lampe den Akkustand an- Die LOCK-Funktion verhindert, dass sich die Lampe w\u00e4hrend des Transports oder der Lagerung<br \/>\neinschaltet Praktisch:<br \/>\n&#8211; Das verstellbare Kopfband ist symmetrisch f\u00fcr eine einfachere Anpassung der Passform sowie abnehmbar und waschbar<br \/>\n&#8211; Die Platte ist kompatibel mit Zubeh\u00f6r, mit dem Sie die Stirnlampe an einem Helm anbringen k\u00f6nnen (HELMET ADAPT-Klebeplatte f\u00fcr verschiedene Helmtypen oder SLOT ADAPT f\u00fcr Helme mit kompatiblem Schlitz).<br \/>\n&#8211; ARIA\u00ae 2 RGB wird mit drei AAA\/LR03-Batterien geliefert und ist dank seines HYBRID CONCEPT-Designs auch mit dem CORE-Akku (nicht im Lieferumfang enthalten) kompatibel.<br \/>\n&#8211; Die Lampe erkennt die Energiequelle und optimiert die Lichtleistung: Mit einem CORE-Akku bietet die Lampe im eingeschalteten Zustand (600 lm im MAX POWER-Modus) und \u00fcber die gesamte Nutzungsdauer eine h\u00f6here Helligkeit.<\/p>\n<p>Technische Eigenschaften<br \/>\nHelligkeit: 450 Lumen (ANSI\/PLATO FL 1)<br \/>\nLichtstrahl: Flood, gemischt<br \/>\nGewicht: 106 g<br \/>\nWasserdicht: IP67<br \/>\nSchlagfestigkeit: IK07 (EN\/IEC 62262)<br \/>\nFallfestigkeit: 2 Meter (ANSI\/PLATO FL 1)<br \/>\nStromversorgung: Drei AAA\/LR03-Batterien (im Lieferumfang enthalten) oder CORE-Akku (als Zubeh\u00f6r erh\u00e4ltlich)<br \/>\nBatteriekompatibilit\u00e4t: Alkaline, Lithium oder wiederaufladbares Ni-MH<br \/>\nZertifizierungen:  CE, UKCA<\/p>\n","protected":false},"excerpt":{"rendered":"<p>Kompakte, langlebige und wasserdichte Stirnlampe, die f\u00fcr Nahsicht und Bewegung konzipiert und mit wei\u00dfer oder roter\/gr\u00fcner\/blauer Beleuchtung ausgestattet ist, um<\/p>\n","protected":false},"featured_media":94739,"template":"","meta":{"_seopress_robots_primary_cat":"","_seopress_titles_title":"","_seopress_titles_desc":"","_seopress_robots_index":""},"product_brand":[3666],"product_cat":[150,1396,1494],"product_tag":[],"class_list":{"0":"post-472130","1":"product","2":"type-product","3":"status-publish","4":"has-post-thumbnail","6":"product_brand-petzl-de","7":"product_cat-ausrustung","8":"product_cat-arbeitsausrustung","9":"product_cat-sonstige-arbeitsausrustung","11":"first","12":"onbackorder","13":"shipping-taxable","14":"purchasable","15":"product-type-variable"},"_links":{"self":[{"href":"https:\/\/lucacastelli.com\/de\/wp-json\/wp\/v2\/product\/472130","targetHints":{"allow":["GET"]}}],"collection":[{"href":"https:\/\/lucacastelli.com\/de\/wp-json\/wp\/v2\/product"}],"about":[{"href":"https:\/\/lucacastelli.com\/de\/wp-json\/wp\/v2\/types\/product"}],"wp:featuredmedia":[{"embeddable":true,"href":"https:\/\/lucacastelli.com\/de\/wp-json\/wp\/v2\/media\/94739"}],"wp:attachment":[{"href":"https:\/\/lucacastelli.com\/de\/wp-json\/wp\/v2\/media?parent=472130"}],"wp:term":[{"taxonomy":"product_brand","embeddable":true,"href":"https:\/\/lucacastelli.com\/de\/wp-json\/wp\/v2\/product_brand?post=472130"},{"taxonomy":"product_cat","embeddable":true,"href":"https:\/\/lucacastelli.com\/de\/wp-json\/wp\/v2\/product_cat?post=472130"},{"taxonomy":"product_tag","embeddable":true,"href":"https:\/\/lucacastelli.com\/de\/wp-json\/wp\/v2\/product_tag?post=472130"}],"curies":[{"name":"wp","href":"https:\/\/api.w.org\/{rel}","templated":true}]}}