{"id":472121,"date":"2023-11-22T09:09:53","date_gmt":"2023-11-22T08:09:53","guid":{"rendered":"https:\/\/lucacastelli.com\/prodotto\/petzl-ersatzseil-fuer-zillon\/"},"modified":"2023-11-22T09:09:53","modified_gmt":"2023-11-22T08:09:53","slug":"petzl-ersatzseil-fuer-zillon","status":"publish","type":"product","link":"https:\/\/lucacastelli.com\/de\/produkt\/petzl-ersatzseil-fuer-zillon\/","title":{"rendered":"PETZL Ersatzseil f\u00fcr ZILLON"},"content":{"rendered":"<p>Ersatzkordel f\u00fcr ZILLON verstellbares Schl\u00fcsselband<\/p>\n<p>Ersatzseil f\u00fcr das verstellbare Verbindungsmittel ZILLON in drei L\u00e4ngen erh\u00e4ltlich: 2,5, 4 und 5,5 m.<\/p>\n<p>Beschreibung<br \/>\nDuktiles Seil f\u00fcr eine gute Flie\u00dff\u00e4higkeit und gelbe Farbe f\u00fcr hervorragende Sichtbarkeit.<br \/>\nErh\u00e4ltlich in drei L\u00e4ngen: 2,5, 4 und 5,5 m.<\/p>\n<p>Spezifikationen<br \/>\nMaterialien: Kunststoff, Polyester<\/p>\n<table>\n<tbody>\n<tr>\n<th class=\"rowTitle\">Referenzen<\/th>\n<th>Nr. L22AR 025<\/th>\n<th>Nr. L22AR 040<\/th>\n<th>Nr. L22AR 055<\/th>\n<\/tr>\n<tr>\n<td class=\"rowTitle\">L\u00e4nge<\/td>\n<td>ca. 2,5 m<\/td>\n<td>ca. 4 m<\/td>\n<td>5,5 m<\/td>\n<\/tr>\n<tr>\n<td class=\"rowTitle\">Gewicht<\/td>\n<td>350 g<\/td>\n<td>520 Gramm<\/td>\n<td>675 Gramm<\/td>\n<\/tr>\n<tr>\n<td class=\"rowTitle\">Garantie<\/td>\n<td> <\/td>\n<p> 3<\/p>\n<td> <\/td>\n<p> 3<\/p>\n<td>3 <\/td>\n<\/tr>\n<tr>\n<td class=\"rowTitle\">Verpackung<\/td>\n<td> <\/td>\n<p> 1<\/p>\n<td> <\/td>\n<p> 1<\/p>\n<td>1 <\/td>\n<\/tr>\n<\/tbody>\n<\/table>\n","protected":false},"excerpt":{"rendered":"<p>Ersatzkordel f\u00fcr ZILLON verstellbares Schl\u00fcsselband Ersatzseil f\u00fcr das verstellbare Verbindungsmittel ZILLON in drei L\u00e4ngen erh\u00e4ltlich: 2,5, 4 und 5,5 m.<\/p>\n","protected":false},"featured_media":94758,"template":"","meta":{"_seopress_robots_primary_cat":"","_seopress_titles_title":"","_seopress_titles_desc":"","_seopress_robots_index":""},"product_brand":[3666],"product_cat":[150,1396,1403],"product_tag":[],"class_list":{"0":"post-472121","1":"product","2":"type-product","3":"status-publish","4":"has-post-thumbnail","6":"product_brand-petzl-de","7":"product_cat-ausrustung","8":"product_cat-arbeitsausrustung","9":"product_cat-auffanggurte-und-sicherheitsausrustung","11":"first","12":"instock","13":"shipping-taxable","14":"purchasable","15":"product-type-variable"},"_links":{"self":[{"href":"https:\/\/lucacastelli.com\/de\/wp-json\/wp\/v2\/product\/472121","targetHints":{"allow":["GET"]}}],"collection":[{"href":"https:\/\/lucacastelli.com\/de\/wp-json\/wp\/v2\/product"}],"about":[{"href":"https:\/\/lucacastelli.com\/de\/wp-json\/wp\/v2\/types\/product"}],"wp:featuredmedia":[{"embeddable":true,"href":"https:\/\/lucacastelli.com\/de\/wp-json\/wp\/v2\/media\/94758"}],"wp:attachment":[{"href":"https:\/\/lucacastelli.com\/de\/wp-json\/wp\/v2\/media?parent=472121"}],"wp:term":[{"taxonomy":"product_brand","embeddable":true,"href":"https:\/\/lucacastelli.com\/de\/wp-json\/wp\/v2\/product_brand?post=472121"},{"taxonomy":"product_cat","embeddable":true,"href":"https:\/\/lucacastelli.com\/de\/wp-json\/wp\/v2\/product_cat?post=472121"},{"taxonomy":"product_tag","embeddable":true,"href":"https:\/\/lucacastelli.com\/de\/wp-json\/wp\/v2\/product_tag?post=472121"}],"curies":[{"name":"wp","href":"https:\/\/api.w.org\/{rel}","templated":true}]}}