{"id":472116,"date":"2023-11-22T08:23:40","date_gmt":"2023-11-22T07:23:40","guid":{"rendered":"https:\/\/lucacastelli.com\/prodotto\/petzl-kern\/"},"modified":"2023-11-22T08:23:40","modified_gmt":"2023-11-22T07:23:40","slug":"petzl-kern","status":"publish","type":"product","link":"https:\/\/lucacastelli.com\/de\/produkt\/petzl-kern\/","title":{"rendered":"PETZL KERN"},"content":{"rendered":"<p>Wiederaufladbarer Akku, der mit Petzl-Stirnlampen im Design HYBRID CONCEPT kompatibel ist.1250 mAh<\/p>\n<p>Wiederaufladbarer Lithium-Ionen-Akku mit hoher Kapazit\u00e4t (1250 mAh) (3,6 V \/ 4,5 Wh) f\u00fcr Petzl-Stirnlampen im HYBRID CONCEPT-Design: ARIA 1, ARIA 1 RGB, ARIA 1R, ARIA 2, ARIA 2 RGB und ARIA 2R. Er bietet eine hervorragende Lichtleistung, auch bei niedrigen Temperaturen. Es wird direkt \u00fcber den eingebauten USB-Anschluss aufgeladen. Der CORE-Akku bietet eine kosteng\u00fcnstige L\u00f6sung als Hauptstromversorgung oder als Backup-Batterie.   <\/p>\n<p>Beschreibung<br \/>\nEinfaches universelles Aufladen \u00fcber den USB-Anschluss<br \/>\nLadeanzeige am Akku (rot = Laden; gr\u00fcn = voller Akku)<br \/>\nFunktioniert gut bei kalten Temperaturen<br \/>\nWirtschaftliche und nachhaltige L\u00f6sung als Hauptstromversorgung oder Ersatzakku<br \/>\nKompatibel mit den Stirnlampen ARIA 1, ARIA 1 RGB, ARIA 1R, ARIA 2, ARIA 2 RGB und ARIA 2R<br \/>\nLieferung mit Ladekabel<br \/>\nTechnische<br \/>\nDaten Gewicht:  23g<br \/>\nZertifizierungen: CE, UKCA<br \/>\nTyp: 1250mAh wiederaufladbarer Li-Ionen-Akku (3,6 V \/ 4,5 Wh)<br \/>\n Ladezeit: 3h30<\/p>\n<p>Garantie: 2 Jahre oder 300 Ladezyklen<\/p>\n","protected":false},"excerpt":{"rendered":"<p>Wiederaufladbarer Akku, der mit Petzl-Stirnlampen im Design HYBRID CONCEPT kompatibel ist.1250 mAh Wiederaufladbarer Lithium-Ionen-Akku mit hoher Kapazit\u00e4t (1250 mAh) (3,6<\/p>\n","protected":false},"featured_media":94734,"template":"","meta":{"_seopress_robots_primary_cat":"","_seopress_titles_title":"","_seopress_titles_desc":"","_seopress_robots_index":""},"product_brand":[3446],"product_cat":[33,537,822],"product_tag":[],"class_list":{"0":"post-472116","1":"product","2":"type-product","3":"status-publish","4":"has-post-thumbnail","6":"product_brand-petzl","7":"product_cat-attrezzature","8":"product_cat-attrezzatura-da-lavoro","9":"product_cat-altro-attrezzatura-da-lavoro","11":"first","12":"onbackorder","13":"shipping-taxable","14":"purchasable","15":"product-type-simple"},"_links":{"self":[{"href":"https:\/\/lucacastelli.com\/de\/wp-json\/wp\/v2\/product\/472116","targetHints":{"allow":["GET"]}}],"collection":[{"href":"https:\/\/lucacastelli.com\/de\/wp-json\/wp\/v2\/product"}],"about":[{"href":"https:\/\/lucacastelli.com\/de\/wp-json\/wp\/v2\/types\/product"}],"wp:featuredmedia":[{"embeddable":true,"href":"https:\/\/lucacastelli.com\/de\/wp-json\/wp\/v2\/media\/94734"}],"wp:attachment":[{"href":"https:\/\/lucacastelli.com\/de\/wp-json\/wp\/v2\/media?parent=472116"}],"wp:term":[{"taxonomy":"product_brand","embeddable":true,"href":"https:\/\/lucacastelli.com\/de\/wp-json\/wp\/v2\/product_brand?post=472116"},{"taxonomy":"product_cat","embeddable":true,"href":"https:\/\/lucacastelli.com\/de\/wp-json\/wp\/v2\/product_cat?post=472116"},{"taxonomy":"product_tag","embeddable":true,"href":"https:\/\/lucacastelli.com\/de\/wp-json\/wp\/v2\/product_tag?post=472116"}],"curies":[{"name":"wp","href":"https:\/\/api.w.org\/{rel}","templated":true}]}}