{"id":472102,"date":"2023-10-27T08:26:50","date_gmt":"2023-10-27T06:26:50","guid":{"rendered":"https:\/\/lucacastelli.com\/prodotto\/petzl-tooleash\/"},"modified":"2023-10-27T08:26:50","modified_gmt":"2023-10-27T06:26:50","slug":"petzl-tooleash","status":"publish","type":"product","link":"https:\/\/lucacastelli.com\/de\/produkt\/petzl-tooleash\/","title":{"rendered":"PETZL TOOLEASH"},"content":{"rendered":"<p>Ausziehbares Gurtband gegen ein herabfallendes Werkzeug bis zu 5 kg<\/p>\n<p>Mit dem ausziehbaren TOOLEASH-Gurtband k\u00f6nnen Sie ein Werkzeug befestigen und verhindern, dass es bei Arbeiten in der H\u00f6he versehentlich herunterf\u00e4llt. Das hochfeste elastische Gurtband reduziert die Masse am Gurtzeug. Sein vielseitiges Verbindungssystem erm\u00f6glicht den dauerhaften Anschluss an das Werkzeug oder den Austausch bei Bedarf. TOOLEASH ist Teil einer Komplettl\u00f6sung gegen versehentliches Herunterfallen eines Werkzeugs.   <\/p>\n<p>Beschreibung<br \/>\nPraktisches und leichtes elastisches Gurtband:<br \/>\n&#8211; hochfestes elastisches Gurtband, das eine geringe Stellfl\u00e4che erm\u00f6glicht,<br \/>\n&#8211; Systeml\u00e4nge bis zu 120 cm f\u00fcr eine einfache Verwendung bei der Arbeit.<br \/>\nVielseitiger Anschluss an das Werkzeug:<br \/>\n&#8211; dauerhafte Verbindung mit einem Aufbewahrungsknoten,<br \/>\n&#8211; TWIST-LOCK-Anschluss f\u00fcr den einfachen Anschluss an TOOLINK-Schnittstellen (S, M oder L).<br \/>\nOptimale Verbindung zum Gurtzeug mit INTERFAST oder direkt an der Materialschlaufe, je nach Gewicht des Werkzeugs.<br \/>\nSpezifikationen<br \/>\nMaximale zul\u00e4ssige Belastung: 5 kg<br \/>\nGesamtl\u00e4nge unter Spannung: 105 cm.<br \/>\nMaximale L\u00e4nge der Widerstandskette: 120 cm (TOOLEASH ausziehbares Gurtband + TOOLINK-Schnittstellen)<br \/>\nZertifizierungen: ANSI\/ISEA 121-2018 (Norm zur Vermeidung herabfallender Gegenst\u00e4nde)<br \/>\nMaterialien: Polyester, Aluminium<br \/>\nGewicht: 56 g<\/p>\n<table>\n<tbody>\n<tr>\n<th class=\"rowTitle\">Referenzen<\/th>\n<th>S049AA00<\/th>\n<\/tr>\n<tr>\n<td class=\"rowTitle\">Garantie<\/td>\n<td>3 Jahre<\/td>\n<\/tr>\n<tr>\n<td class=\"rowTitle\">Verpackung<\/td>\n<td>1 <\/td>\n<\/tr>\n<\/tbody>\n<\/table>\n","protected":false},"excerpt":{"rendered":"<p>Ausziehbares Gurtband gegen ein herabfallendes Werkzeug bis zu 5 kg Mit dem ausziehbaren TOOLEASH-Gurtband k\u00f6nnen Sie ein Werkzeug befestigen und<\/p>\n","protected":false},"featured_media":94686,"template":"","meta":{"_seopress_robots_primary_cat":"","_seopress_titles_title":"","_seopress_titles_desc":"","_seopress_robots_index":""},"product_brand":[3446],"product_cat":[33,537,814],"product_tag":[],"class_list":{"0":"post-472102","1":"product","2":"type-product","3":"status-publish","4":"has-post-thumbnail","6":"product_brand-petzl","7":"product_cat-attrezzature","8":"product_cat-attrezzatura-da-lavoro","9":"product_cat-imbraghi-e-materiale-di-sicurezza","11":"first","12":"onbackorder","13":"shipping-taxable","14":"purchasable","15":"product-type-simple"},"_links":{"self":[{"href":"https:\/\/lucacastelli.com\/de\/wp-json\/wp\/v2\/product\/472102","targetHints":{"allow":["GET"]}}],"collection":[{"href":"https:\/\/lucacastelli.com\/de\/wp-json\/wp\/v2\/product"}],"about":[{"href":"https:\/\/lucacastelli.com\/de\/wp-json\/wp\/v2\/types\/product"}],"wp:featuredmedia":[{"embeddable":true,"href":"https:\/\/lucacastelli.com\/de\/wp-json\/wp\/v2\/media\/94686"}],"wp:attachment":[{"href":"https:\/\/lucacastelli.com\/de\/wp-json\/wp\/v2\/media?parent=472102"}],"wp:term":[{"taxonomy":"product_brand","embeddable":true,"href":"https:\/\/lucacastelli.com\/de\/wp-json\/wp\/v2\/product_brand?post=472102"},{"taxonomy":"product_cat","embeddable":true,"href":"https:\/\/lucacastelli.com\/de\/wp-json\/wp\/v2\/product_cat?post=472102"},{"taxonomy":"product_tag","embeddable":true,"href":"https:\/\/lucacastelli.com\/de\/wp-json\/wp\/v2\/product_tag?post=472102"}],"curies":[{"name":"wp","href":"https:\/\/api.w.org\/{rel}","templated":true}]}}