{"id":472093,"date":"2023-11-17T10:07:52","date_gmt":"2023-11-17T09:07:52","guid":{"rendered":"https:\/\/lucacastelli.com\/prodotto\/petzl-flow-seil\/"},"modified":"2026-01-07T17:59:00","modified_gmt":"2026-01-07T16:59:00","slug":"petzl-flow-seil","status":"publish","type":"product","link":"https:\/\/lucacastelli.com\/de\/produkt\/petzl-flow-seil\/","title":{"rendered":"PETZL FLOW Seil"},"content":{"rendered":"<p>Das halbstatische Seil FLOW 11,6 mm ist f\u00fcr die Baumarbeit bestimmt. Der d\u00fcnne Durchmesser garantiert eine hervorragende Leistung wie Flexibilit\u00e4t und Leichtigkeit. Es garantiert eine schwache Dehnung der Spannung, wodurch Sie die Wirksamkeit der Bewegungen auf der Welle erh\u00f6hen k\u00f6nnen. Die EverFlex-Technologie garantiert gro\u00dfe Flexibilit\u00e4t und Handhabbarkeit im Laufe der Zeit. Er wird mit einem Splei\u00df an einem Ende geliefert, um einen optimalen Seildurchgang in Gabel- oder Flaschenzugvorrichtungen und Wellengabeln zu gew\u00e4hrleisten. Die Kompaktheit dieses Splei\u00dfes erm\u00f6glicht es, ihn durch die Verriegelungskette der mechanischen Prusik ZIGZAG und ZIGZAG PLUS zu f\u00fchren. Das Seil ist in zwei Farben und drei L\u00e4ngen erh\u00e4ltlich.        <\/p>\n<p>Detaillierte Beschreibung<\/p>\n<p>Entwickelt f\u00fcr die Baumarbeit:<br \/>\n &#8211; Patentiertes Splei\u00dfen an einem Ende f\u00fcr optimalen Seildurchgang in Klauenvorrichtungen oder Umlenkrollen und Wellengabeln. Die Kompaktheit dieses Splei\u00dfes erm\u00f6glicht es, ihn durch die Verriegelungskette der mechanischen Prusik ZIGZAG und ZIGZAG PLUS zu f\u00fchren &#8211; schwache Dehnung beim Spannen des Seils,<br \/>\n um die Wirksamkeit bei der Bewegung auf dem Baum zu erh\u00f6hen.<br \/>\nD\u00fcnner Durchmesser, der hervorragende Leistungen wie Flexibilit\u00e4t und Leichtigkeit garantiert.<br \/>\nKonstante Leistung im Laufe der Zeit:<br \/>\n&#8211; Konstruktion aus 100% Polyester und doppeltes Geflecht,<br \/>\n&#8211; EverFlex-Technologie, die eine gro\u00dfe Flexibilit\u00e4t im Laufe der Zeit garantiert, unabh\u00e4ngig von den Bedingungen (Wasser, Staub, Schlamm&#8230;), um eine hervorragende Handhabung und einen optimalen Betrieb mit den Ger\u00e4ten zu gew\u00e4hrleisten.<br \/>\nErh\u00e4ltlich in zwei Farben (gr\u00fcn und orange), damit Sie die verschiedenen Arbeitsseile leicht erkennen k\u00f6nnen.<br \/>\nStandardl\u00e4ngen: 35, 45 und 60 m.<br \/>\nSpezifisch<\/p>\n<p>Durchmesser: 11,6 mm<br \/>\nMaterialien: Polyester<br \/>\nZertifizierung(en): CE EN 1891 Typ A, ANSI Z133<br \/>\nGewicht pro Meter: 102 g<br \/>\nFestigkeit mit Achterknoten: 15 kN<br \/>\nFestigkeit mit Splei\u00dfen: 15 kN<br \/>\nSchlagkraft (Faktor 0,3): 5,2 kN<br \/>\nAnzahl der St\u00fcrze Faktor 1: 8<br \/>\nKonstruktion: 24 Spindeln<br \/>\nProzentsatz des Mantels: 55 %<br \/>\nStatische Dehnung: 2,8 %<br \/>\nArtikelnummern<\/p>\n<table>\n<tbody>\n<tr>\n<th class=\"rowTitle\">Referenzen<\/th>\n<th>R079AA00<\/th>\n<th>R079AA01<\/th>\n<th>R079AA02<\/th>\n<th>R079AA03<\/th>\n<th>R079AA04<\/th>\n<th>R079AA05<\/th>\n<\/tr>\n<tr>\n<td class=\"rowTitle\">L\u00e4nge<\/td>\n<td>35 Meter<\/td>\n<td>35 Meter<\/td>\n<td>ca. 45 m<\/td>\n<td>ca. 45 m<\/td>\n<td>ca. 60 m<\/td>\n<td>ca. 60 m<\/td>\n<\/tr>\n<tr>\n<td class=\"rowTitle\">Farbe(n)<\/td>\n<td>gr\u00fcn  <\/td>\n<td>Orange  <\/td>\n<td>gr\u00fcn  <\/td>\n<td>Orange  <\/td>\n<td>gr\u00fcn  <\/td>\n<td>Orange  <\/td>\n<\/tr>\n<tr>\n<td class=\"rowTitle\">Garantie<\/td>\n<td>3 Jahre<\/td>\n<td>3 Jahre<\/td>\n<td>3 Jahre<\/td>\n<td>3 Jahre<\/td>\n<td>3 Jahre<\/td>\n<td>3 Jahre<\/td>\n<\/tr>\n<tr>\n<td class=\"rowTitle\">Verpackung<\/td>\n<td>1  <\/td>\n<td>1  <\/td>\n<td>1  <\/td>\n<td>1  <\/td>\n<td>1  <\/td>\n<td>1  <\/td>\n<\/tr>\n<\/tbody>\n<\/table>\n","protected":false},"excerpt":{"rendered":"<p>Das halbstatische Seil FLOW 11,6 mm ist f\u00fcr die Baumarbeit bestimmt. Der d\u00fcnne Durchmesser garantiert eine hervorragende Leistung wie Flexibilit\u00e4t<\/p>\n","protected":false},"featured_media":94691,"template":"","meta":{"_seopress_robots_primary_cat":"","_seopress_titles_title":"","_seopress_titles_desc":"","_seopress_robots_index":""},"product_brand":[3666],"product_cat":[1396,1403,1410,150,1409],"product_tag":[],"class_list":{"0":"post-472093","1":"product","2":"type-product","3":"status-publish","4":"has-post-thumbnail","6":"product_brand-petzl-de","7":"product_cat-arbeitsausrustung","8":"product_cat-auffanggurte-und-sicherheitsausrustung","9":"product_cat-auffanggurte-und-sicherheitsausrustung-de","10":"product_cat-ausrustung","11":"product_cat-freizeitausrustung","13":"first","14":"instock","15":"shipping-taxable","16":"purchasable","17":"product-type-variable"},"_links":{"self":[{"href":"https:\/\/lucacastelli.com\/de\/wp-json\/wp\/v2\/product\/472093","targetHints":{"allow":["GET"]}}],"collection":[{"href":"https:\/\/lucacastelli.com\/de\/wp-json\/wp\/v2\/product"}],"about":[{"href":"https:\/\/lucacastelli.com\/de\/wp-json\/wp\/v2\/types\/product"}],"wp:featuredmedia":[{"embeddable":true,"href":"https:\/\/lucacastelli.com\/de\/wp-json\/wp\/v2\/media\/94691"}],"wp:attachment":[{"href":"https:\/\/lucacastelli.com\/de\/wp-json\/wp\/v2\/media?parent=472093"}],"wp:term":[{"taxonomy":"product_brand","embeddable":true,"href":"https:\/\/lucacastelli.com\/de\/wp-json\/wp\/v2\/product_brand?post=472093"},{"taxonomy":"product_cat","embeddable":true,"href":"https:\/\/lucacastelli.com\/de\/wp-json\/wp\/v2\/product_cat?post=472093"},{"taxonomy":"product_tag","embeddable":true,"href":"https:\/\/lucacastelli.com\/de\/wp-json\/wp\/v2\/product_tag?post=472093"}],"curies":[{"name":"wp","href":"https:\/\/api.w.org\/{rel}","templated":true}]}}