{"id":472090,"date":"2023-10-27T08:09:53","date_gmt":"2023-10-27T06:09:53","guid":{"rendered":"https:\/\/lucacastelli.com\/prodotto\/petzl-werkzeugtasche-6\/"},"modified":"2023-10-27T08:09:53","modified_gmt":"2023-10-27T06:09:53","slug":"petzl-werkzeugtasche-6","status":"publish","type":"product","link":"https:\/\/lucacastelli.com\/de\/produkt\/petzl-werkzeugtasche-6\/","title":{"rendered":"PETZL WERKZEUGTASCHE 6"},"content":{"rendered":"<p>Gro\u00dfvolumiger Werkzeugkoffer<\/p>\n<p>Der TOOLBAG 6 Koffer erm\u00f6glicht es Ihnen, viele Werkzeuge zu verstauen. Das \u00d6ffnungs- und Schlie\u00dfsystem ist einfach und kann mit einer Hand bedient werden. Der Gurt kann mit dem INTERFAST-Zubeh\u00f6r verbunden werden, was den Platzbedarf am Gurt reduziert und die Zug\u00e4nglichkeit zum Koffer verbessert. Die robuste Konstruktion macht es zu einem Koffer, der t\u00e4glich verwendet werden kann, ohne Angst vor Verschlei\u00df haben zu m\u00fcssen.   <\/p>\n<p>Beschreibung<br \/>\nAufbewahrungskoffer f\u00fcr Werkzeuge bei Arbeiten am Boden und in der H\u00f6he:- gro\u00dfes Volumen,<br \/>\n ideal f\u00fcr die Aufbewahrung aller Werkzeuge, die f\u00fcr die Arbeit eines Tages ben\u00f6tigt werden,<br \/>\n&#8211; zwei Hammerhalter au\u00dfen f\u00fcr eine optimale Lagerung,<br \/>\n&#8211; schnelles und einfaches \u00d6ffnungs- und Schlie\u00dfsystem mit einer Hand,<br \/>\n&#8211; Schlie\u00dfen durch Tanka zur sicheren Aufbewahrung von Werkzeugen bei Arbeiten in der H\u00f6he.<br \/>\nRobuste Konstruktion f\u00fcr regelm\u00e4\u00dfigen bis intensiven Gebrauch:<br \/>\n &#8211; TPU-Tech-Gewebe mit hoher Best\u00e4ndigkeit gegen UV-Strahlen, Fett sowie hohe und niedrige Temperaturen,<br \/>\n &#8211; wasserdichtes Gewebe und wasserabweisendes Gewebe.<br \/>\nVerschiedene Kabelbaumverbindungen:<br \/>\n&#8211; INTERFAST-Zubeh\u00f6r f\u00fcr schnellen, einfachen Kabelbaumanschluss und geringen Platzbedarf f\u00fcr optimalen Komfort beim Bewegen,<br \/>\n&#8211; Anschluss \u00fcber einen klassischen Konnektor m\u00f6glich.<br \/>\nSpezifisch<br \/>\nZertifizierungen: ANSI\/ISEA 121-2018 (Norm zur Vermeidung herabfallender Gegenst\u00e4nde)<br \/>\nFassungsverm\u00f6gen: 6 Liter<br \/>\nMaximal zul\u00e4ssige Belastung: 6 kg<br \/>\nGewicht: 245 g<br \/>\nMaterialien: TPU (PVC-frei), Polypropylen, Polyester, Edelstahl<\/p>\n<table>\n<tbody>\n<tr>\n<th class=\"rowTitle\">Referenzen<\/th>\n<th>S047BA02<\/th>\n<\/tr>\n<tr>\n<td class=\"rowTitle\">Fassungsverm\u00f6gen<\/td>\n<td>6 Liter <\/td>\n<\/tr>\n<tr>\n<td class=\"rowTitle\">Garantie<\/td>\n<td>3 Jahre<\/td>\n<\/tr>\n<tr>\n<td class=\"rowTitle\">Verpackung<\/td>\n<td>1 <\/td>\n<\/tr>\n<\/tbody>\n<\/table>\n","protected":false},"excerpt":{"rendered":"<p>Gro\u00dfvolumiger Werkzeugkoffer Der TOOLBAG 6 Koffer erm\u00f6glicht es Ihnen, viele Werkzeuge zu verstauen. Das \u00d6ffnungs- und Schlie\u00dfsystem ist einfach und<\/p>\n","protected":false},"featured_media":94681,"template":"","meta":{"_seopress_robots_primary_cat":"","_seopress_titles_title":"","_seopress_titles_desc":"","_seopress_robots_index":""},"product_brand":[3446],"product_cat":[33,537,814],"product_tag":[],"class_list":{"0":"post-472090","1":"product","2":"type-product","3":"status-publish","4":"has-post-thumbnail","6":"product_brand-petzl","7":"product_cat-attrezzature","8":"product_cat-attrezzatura-da-lavoro","9":"product_cat-imbraghi-e-materiale-di-sicurezza","11":"first","12":"onbackorder","13":"shipping-taxable","14":"purchasable","15":"product-type-simple"},"_links":{"self":[{"href":"https:\/\/lucacastelli.com\/de\/wp-json\/wp\/v2\/product\/472090","targetHints":{"allow":["GET"]}}],"collection":[{"href":"https:\/\/lucacastelli.com\/de\/wp-json\/wp\/v2\/product"}],"about":[{"href":"https:\/\/lucacastelli.com\/de\/wp-json\/wp\/v2\/types\/product"}],"wp:featuredmedia":[{"embeddable":true,"href":"https:\/\/lucacastelli.com\/de\/wp-json\/wp\/v2\/media\/94681"}],"wp:attachment":[{"href":"https:\/\/lucacastelli.com\/de\/wp-json\/wp\/v2\/media?parent=472090"}],"wp:term":[{"taxonomy":"product_brand","embeddable":true,"href":"https:\/\/lucacastelli.com\/de\/wp-json\/wp\/v2\/product_brand?post=472090"},{"taxonomy":"product_cat","embeddable":true,"href":"https:\/\/lucacastelli.com\/de\/wp-json\/wp\/v2\/product_cat?post=472090"},{"taxonomy":"product_tag","embeddable":true,"href":"https:\/\/lucacastelli.com\/de\/wp-json\/wp\/v2\/product_tag?post=472090"}],"curies":[{"name":"wp","href":"https:\/\/api.w.org\/{rel}","templated":true}]}}