{"id":472085,"date":"2023-10-27T08:06:27","date_gmt":"2023-10-27T06:06:27","guid":{"rendered":"https:\/\/lucacastelli.com\/prodotto\/petzl-interfast\/"},"modified":"2023-10-27T08:06:27","modified_gmt":"2023-10-27T06:06:27","slug":"petzl-interfast","status":"publish","type":"product","link":"https:\/\/lucacastelli.com\/de\/produkt\/petzl-interfast\/","title":{"rendered":"PETZL INTERFAST"},"content":{"rendered":"<p>Schnellverbindungszubeh\u00f6r f\u00fcr TOOLBAG und TOOLEASH<\/p>\n<p>INTERFAST ist ein Zubeh\u00f6r, mit dem Sie einen TOOLBAG Werkzeugkoffer und das TOOLEASH Werkzeug-Drop-Band befestigen k\u00f6nnen. Er ist vielseitig einsetzbar und mit allen Gurten kompatibel, die mit Werkzeugschlaufen ausgestattet sind. Das kompakte und robuste Design erm\u00f6glicht es Ihnen, den Platzbedarf am Gurt zu reduzieren und alle verbundenen Elemente bei Arbeiten in der H\u00f6he zu sichern.  <\/p>\n<p>Beschreibung<br \/>\nSchnelles und kompaktes Verbindungszubeh\u00f6r:<br \/>\n&#8211; oberer Verbindungspunkt, der ein schnelles Anschlie\u00dfen der TOOLBAG-Werkzeugkoffer erm\u00f6glicht,<br \/>\n&#8211; FAST-Knopf zum einfachen und schnellen Trennen,<br \/>\n&#8211; unterer Verbindungspunkt zum Verbinden eines Gurtbandes gegen herabfallende TOOLEASH-Gegenst\u00e4nde,<br \/>\n&#8211; kompaktes Design f\u00fcr einen geringen Platzbedarf der verbundenen Elemente am Gurtzeug.<br \/>\nKompatibel mit allen Gurten, die mit Werkzeugschlaufen ausgestattet sind.<br \/>\nSpezifisch<br \/>\nZertifizierungen: ANSI\/ISEA 121-2018 (Norm zur Vermeidung herabfallender Gegenst\u00e4nde)<br \/>\nMaximale Belastung des oberen Verbindungspunktes: 6 kg<br \/>\nMaximale Belastung des unteren Verbindungspunktes: 5 kg<br \/>\nMaximale L\u00e4nge der Widerstandskette f\u00fcr den Unterlenker: 120 cm<br \/>\nMaterialien: verst\u00e4rktes Polyamid<br \/>\nGewicht: 55 g<\/p>\n<table>\n<tbody>\n<tr>\n<th class=\"rowTitle\">Referenzen<\/th>\n<th>S051AA00<\/th>\n<\/tr>\n<tr>\n<td class=\"rowTitle\">Garantie<\/td>\n<td>3 Jahre<\/td>\n<\/tr>\n<tr>\n<td class=\"rowTitle\">Verpackung<\/td>\n<td>1 <\/td>\n<\/tr>\n<\/tbody>\n<\/table>\n","protected":false},"excerpt":{"rendered":"<p>Schnellverbindungszubeh\u00f6r f\u00fcr TOOLBAG und TOOLEASH INTERFAST ist ein Zubeh\u00f6r, mit dem Sie einen TOOLBAG Werkzeugkoffer und das TOOLEASH Werkzeug-Drop-Band befestigen<\/p>\n","protected":false},"featured_media":94676,"template":"","meta":{"_seopress_robots_primary_cat":"","_seopress_titles_title":"","_seopress_titles_desc":"","_seopress_robots_index":""},"product_brand":[3446],"product_cat":[33,537,814],"product_tag":[],"class_list":{"0":"post-472085","1":"product","2":"type-product","3":"status-publish","4":"has-post-thumbnail","6":"product_brand-petzl","7":"product_cat-attrezzature","8":"product_cat-attrezzatura-da-lavoro","9":"product_cat-imbraghi-e-materiale-di-sicurezza","11":"first","12":"onbackorder","13":"shipping-taxable","14":"purchasable","15":"product-type-simple"},"_links":{"self":[{"href":"https:\/\/lucacastelli.com\/de\/wp-json\/wp\/v2\/product\/472085","targetHints":{"allow":["GET"]}}],"collection":[{"href":"https:\/\/lucacastelli.com\/de\/wp-json\/wp\/v2\/product"}],"about":[{"href":"https:\/\/lucacastelli.com\/de\/wp-json\/wp\/v2\/types\/product"}],"wp:featuredmedia":[{"embeddable":true,"href":"https:\/\/lucacastelli.com\/de\/wp-json\/wp\/v2\/media\/94676"}],"wp:attachment":[{"href":"https:\/\/lucacastelli.com\/de\/wp-json\/wp\/v2\/media?parent=472085"}],"wp:term":[{"taxonomy":"product_brand","embeddable":true,"href":"https:\/\/lucacastelli.com\/de\/wp-json\/wp\/v2\/product_brand?post=472085"},{"taxonomy":"product_cat","embeddable":true,"href":"https:\/\/lucacastelli.com\/de\/wp-json\/wp\/v2\/product_cat?post=472085"},{"taxonomy":"product_tag","embeddable":true,"href":"https:\/\/lucacastelli.com\/de\/wp-json\/wp\/v2\/product_tag?post=472085"}],"curies":[{"name":"wp","href":"https:\/\/api.w.org\/{rel}","templated":true}]}}