{"id":472082,"date":"2023-06-13T08:39:21","date_gmt":"2023-06-13T06:39:21","guid":{"rendered":"https:\/\/lucacastelli.com\/prodotto\/petzl-dual-canyon-guide\/"},"modified":"2023-06-13T08:39:21","modified_gmt":"2023-06-13T06:39:21","slug":"petzl-dual-canyon-guide","status":"publish","type":"product","link":"https:\/\/lucacastelli.com\/de\/produkt\/petzl-dual-canyon-guide\/","title":{"rendered":"PETZL DUAL CANYON GUIDE"},"content":{"rendered":"<p>Verstellbares Doppel-Lanyard f\u00fcr Canyoning<\/p>\n<p>Der DUAL CANYON GUIDE wurde f\u00fcr das Canyoning entwickelt und ist ein einfach zu bedienendes Schl\u00fcsselband, das f\u00fcr unabh\u00e4ngige Praktizierende und Betreuer gedacht ist. Er erm\u00f6glicht das Fortkommen an einem Handlauf mit \u00dcberwindung von Spagat und optimaler Positionierung am Standplatz. Er wird direkt auf der Achse des \u00f6ffnenden Befestigungspunktes des CANYON GUIDE Gurtzeugs installiert. Die ADJUST-Seilklemme sorgt dank ihrer ergonomischen Form f\u00fcr eine schnelle und einfache Anpassung. Kunststoffh\u00fcllen halten die Karabiner in der richtigen Position und sch\u00fctzen die N\u00e4hte vor Abrieb.    <\/p>\n<p>Detaillierte Beschreibung<br \/>\nEinfach zu bedienendes Verbindungsmittel f\u00fcr Selbstst\u00e4ndige und Canyoning-Betreuer<br \/>\n:- Wird direkt an der Achse des \u00d6ffnungsbefestigungspunktes des CANYON GUIDE-Gurts installiert, um einen geringen Platzbedarf zu gew\u00e4hrleisten,<br \/>\n&#8211; Schnelle und einfache einh\u00e4ndige verstellbare Kopfverstellung dank der ADJUST-Seilklemme,<br \/>\n&#8211; Das Scheren wird durch die korrekte Positionierung der Verbinder erleichtert, dank des TANGA-Rings am verstellbaren Kleidungsst\u00fcck und der Kunststoffh\u00fclle am festen Kleidungsst\u00fcck.<br \/>\nVielseitigkeit des Einsatzes:<br \/>\n&#8211; am Standplatz: verstellbares Kleidungsst\u00fcck, um die L\u00e4nge des Verbindungsmittels f\u00fcr optimale Stabilit\u00e4t anzupassen,<br \/>\n&#8211; im Verlauf auf einem Handlauf: festes Kleidungsst\u00fcck und verstellbares Kleidungsst\u00fcck gleicher L\u00e4nge f\u00fcr eine leichtere Sicherung bei der \u00dcberwindung von Br\u00fcchen.<br \/>\nWiderstandsf\u00e4higkeit:<br \/>\n&#8211; Kunststoffh\u00fcllen an den Enden der Kleidungsst\u00fccke, um die N\u00e4hte vor Abrieb zu sch\u00fctzen,- individuelle Kennzeichnungsmarkierung auf der Kunststoffscheide,<br \/>\n um die Ausr\u00fcstung w\u00e4hrend ihrer gesamten Lebensdauer zu \u00fcberpr\u00fcfen.<br \/>\nDynamisches Seilverbindungsmittel, um die auf den Benutzer \u00fcbertragene Kraft im Falle eines Sturzes aus geringer H\u00f6he zu reduzieren (1).<\/p>\n<p>(1) Verwendung unterhalb des Anschlagpunkts: Die Verbindungsmittel zur Positionierung haben keinen Falld\u00e4mpfer. Diese Verbindungsmittel sollten daher nur verwendet werden, wenn die Sturzgefahr mit einem Sturzfaktor von weniger als 1 verbunden ist. <\/p>\n<p>Spezifikationen<br \/>\nMaterialien: Polyamidseil, \u00c4rmel aus thermoplastischem Polyurethan (TPU), ADJUST-Seilklemme aus Aluminium, TANGA Ring aus thermoplastischem Elastomer (TPE<br \/>\n)Feste L\u00e4nge des Kleidungsst\u00fccks: 65 cm<br \/>\nVerstellbare L\u00e4nge des Kleidungsst\u00fccks: 15 bis 80 cm<br \/>\nGewicht: 175 g<br \/>\nZertifizierung(en): CE, UKCA, UIAA 109<\/p>\n<p>3 Jahre Garantie<\/p>\n","protected":false},"excerpt":{"rendered":"<p>Verstellbares Doppel-Lanyard f\u00fcr Canyoning Der DUAL CANYON GUIDE wurde f\u00fcr das Canyoning entwickelt und ist ein einfach zu bedienendes Schl\u00fcsselband,<\/p>\n","protected":false},"featured_media":91762,"template":"","meta":{"_seopress_robots_primary_cat":"","_seopress_titles_title":"","_seopress_titles_desc":"","_seopress_robots_index":""},"product_brand":[3446],"product_cat":[33,537,814,211,818],"product_tag":[],"class_list":{"0":"post-472082","1":"product","2":"type-product","3":"status-publish","4":"has-post-thumbnail","6":"product_brand-petzl","7":"product_cat-attrezzature","8":"product_cat-attrezzatura-da-lavoro","9":"product_cat-imbraghi-e-materiale-di-sicurezza","10":"product_cat-attrezzatura-per-il-tempo-libero","11":"product_cat-imbraghi-e-materiale-di-sicurezza-attrezzatura-per-il-tempo-libero","13":"first","14":"instock","15":"shipping-taxable","16":"purchasable","17":"product-type-simple"},"_links":{"self":[{"href":"https:\/\/lucacastelli.com\/de\/wp-json\/wp\/v2\/product\/472082","targetHints":{"allow":["GET"]}}],"collection":[{"href":"https:\/\/lucacastelli.com\/de\/wp-json\/wp\/v2\/product"}],"about":[{"href":"https:\/\/lucacastelli.com\/de\/wp-json\/wp\/v2\/types\/product"}],"wp:featuredmedia":[{"embeddable":true,"href":"https:\/\/lucacastelli.com\/de\/wp-json\/wp\/v2\/media\/91762"}],"wp:attachment":[{"href":"https:\/\/lucacastelli.com\/de\/wp-json\/wp\/v2\/media?parent=472082"}],"wp:term":[{"taxonomy":"product_brand","embeddable":true,"href":"https:\/\/lucacastelli.com\/de\/wp-json\/wp\/v2\/product_brand?post=472082"},{"taxonomy":"product_cat","embeddable":true,"href":"https:\/\/lucacastelli.com\/de\/wp-json\/wp\/v2\/product_cat?post=472082"},{"taxonomy":"product_tag","embeddable":true,"href":"https:\/\/lucacastelli.com\/de\/wp-json\/wp\/v2\/product_tag?post=472082"}],"curies":[{"name":"wp","href":"https:\/\/api.w.org\/{rel}","templated":true}]}}