{"id":472072,"date":"2023-10-27T07:39:09","date_gmt":"2023-10-27T05:39:09","guid":{"rendered":"https:\/\/lucacastelli.com\/prodotto\/petzl-toolink-l\/"},"modified":"2023-10-27T07:39:09","modified_gmt":"2023-10-27T05:39:09","slug":"petzl-toolink-l","status":"publish","type":"product","link":"https:\/\/lucacastelli.com\/de\/produkt\/petzl-toolink-l\/","title":{"rendered":"PETZL TOOLINK L"},"content":{"rendered":"<p>Anschlussschnittstelle f\u00fcr ein Werkzeug bis 5 kg (5er-Pack)<\/p>\n<p>TOOLINK L ist eine Schnittstelle, mit der Sie ein schweres Werkzeug bis zu 5 kg bei Arbeiten in der H\u00f6he anschlie\u00dfen und sichern k\u00f6nnen. Sein ergonomischer Verbindungspunkt erm\u00f6glicht ein schnelles An- und Abkoppeln und erm\u00f6glicht so ein einfaches Man\u00f6vrieren. <\/p>\n<p>Beschreibung<br \/>\nVerbindungsschnittstelle f\u00fcr die Sicherheit eines Werkzeugs:<br \/>\n&#8211; hochfestes Gurtband zur Befestigung eines Werkzeugs mit einem Gewicht von bis zu 5 kg,<br \/>\n&#8211; sichere Verbindung durch einen Aufbewahrungsknoten mit Anti-Rutsch-Element f\u00fcr optimale Stabilit\u00e4t.<br \/>\nErgonomischer Verbindungspunkt zum schnellen Anbringen und L\u00f6sen des Karabiners des TOOLEASH Ausziehgurtbandes.<br \/>\nGeliefert in einer 5er-Packung.<br \/>\nSpezifikationen<br \/>\nZertifizierungen: ANSI\/ISEA 121-2018 (Norm zur Verhinderung herabfallender Gegenst\u00e4nde)<br \/>\nMaximale zul\u00e4ssige Belastung: 5 kg<br \/>\nSt\u00fcckgewicht: 16 g<br \/>\nMaterialien: Polyester, TPU<br \/>\nReferenzen<\/p>\n<table>\n<tbody>\n<tr>\n<th class=\"rowTitle\">Referenzen<\/th>\n<th>S050CA00<\/th>\n<\/tr>\n<tr>\n<td class=\"rowTitle\">Garantie<\/td>\n<td>3 Jahre<\/td>\n<\/tr>\n<tr>\n<td class=\"rowTitle\">Verpackung<\/td>\n<td>5 <\/td>\n<\/tr>\n<\/tbody>\n<\/table>\n","protected":false},"excerpt":{"rendered":"<p>Anschlussschnittstelle f\u00fcr ein Werkzeug bis 5 kg (5er-Pack) TOOLINK L ist eine Schnittstelle, mit der Sie ein schweres Werkzeug bis<\/p>\n","protected":false},"featured_media":94666,"template":"","meta":{"_seopress_robots_primary_cat":"","_seopress_titles_title":"","_seopress_titles_desc":"","_seopress_robots_index":""},"product_brand":[3446],"product_cat":[33,537,814],"product_tag":[],"class_list":{"0":"post-472072","1":"product","2":"type-product","3":"status-publish","4":"has-post-thumbnail","6":"product_brand-petzl","7":"product_cat-attrezzature","8":"product_cat-attrezzatura-da-lavoro","9":"product_cat-imbraghi-e-materiale-di-sicurezza","11":"first","12":"onbackorder","13":"shipping-taxable","14":"purchasable","15":"product-type-simple"},"_links":{"self":[{"href":"https:\/\/lucacastelli.com\/de\/wp-json\/wp\/v2\/product\/472072","targetHints":{"allow":["GET"]}}],"collection":[{"href":"https:\/\/lucacastelli.com\/de\/wp-json\/wp\/v2\/product"}],"about":[{"href":"https:\/\/lucacastelli.com\/de\/wp-json\/wp\/v2\/types\/product"}],"wp:featuredmedia":[{"embeddable":true,"href":"https:\/\/lucacastelli.com\/de\/wp-json\/wp\/v2\/media\/94666"}],"wp:attachment":[{"href":"https:\/\/lucacastelli.com\/de\/wp-json\/wp\/v2\/media?parent=472072"}],"wp:term":[{"taxonomy":"product_brand","embeddable":true,"href":"https:\/\/lucacastelli.com\/de\/wp-json\/wp\/v2\/product_brand?post=472072"},{"taxonomy":"product_cat","embeddable":true,"href":"https:\/\/lucacastelli.com\/de\/wp-json\/wp\/v2\/product_cat?post=472072"},{"taxonomy":"product_tag","embeddable":true,"href":"https:\/\/lucacastelli.com\/de\/wp-json\/wp\/v2\/product_tag?post=472072"}],"curies":[{"name":"wp","href":"https:\/\/api.w.org\/{rel}","templated":true}]}}