{"id":472055,"date":"2023-05-08T18:03:02","date_gmt":"2023-05-08T16:03:02","guid":{"rendered":"https:\/\/lucacastelli.com\/?post_type=product&#038;p=472055"},"modified":"2025-07-28T08:42:26","modified_gmt":"2025-07-28T06:42:26","slug":"petzl-volta-fuhrung-9-mm","status":"publish","type":"product","link":"https:\/\/lucacastelli.com\/de\/produkt\/petzl-volta-fuhrung-9-mm\/","title":{"rendered":"PETZL VOLTA F\u00dcHRUNG 9 mm"},"content":{"rendered":"<p>Ultraleichtes Mehrzweckseil mit 9 mm Durchmesser und Guide UIAA Dry-Behandlung f\u00fcr extreme Leistung beim Klettern oder Bergsteigen<\/p>\n<p>Das 9-mm-Seil VOLTA GUIDE bietet die extreme Leichtigkeit und Kompaktheit, die f\u00fcr extreme Leistungen am Fels erforderlich sind, sowie die Flexibilit\u00e4t und die vollst\u00e4ndigste hydrophobe Behandlung f\u00fcr das Bergsteigen. Es profitiert von der Guide UIAA Dry-Behandlung, die ihm eine hervorragende Feuchtigkeitsbest\u00e4ndigkeit verleiht, die sich besonders f\u00fcr den t\u00e4glichen Gebrauch unter extremen Bedingungen eignet. Dank seiner Griffigkeit und Wendigkeit werden Man\u00f6ver erleichtert. Er ist je nach Einsatzzweck in verschiedenen L\u00e4ngen erh\u00e4ltlich, von 30 Metern f\u00fcr klassisches Bergsteigen bis hin zu 100 Metern f\u00fcr Mehrseill\u00e4ngenrouten am Fels.   <\/p>\n<p>Beschreibung<br \/>\nKompakt und ultraleicht f\u00fcr extreme Kletterleistungen:<br \/>\n&#8211; ultraleicht mit nur 54 g\/m<br \/>\n,- kompakt, dank des d\u00fcnnen Durchmessers von 9 mm,<br \/>\n&#8211; ClimbReady-Wicklung: spezielle Wicklung, um das Seil einsatzbereit zu machen. Es verhindert falsche Abrollman\u00f6ver durch den Benutzer und erh\u00f6ht die Langlebigkeit.<br \/>\nPerfekt f\u00fcr technisches Bergsteigen und Eisklettern, dank seiner hervorragenden Feuchtigkeitsbest\u00e4ndigkeit<br \/>\n:- Guide UIAA Dry-Behandlung: vollst\u00e4ndige hydrophobe Behandlung, die es Ihnen erm\u00f6glicht, ein Seil trocken zu halten, unter allen Bedingungen und Tag f\u00fcr Tag. Es erf\u00fcllt die Anforderungen des UIAA Water Repellent Tests (Wasseraufnahme weniger als 2%),<br \/>\n&#8211; verst\u00e4rkte Widerstandsf\u00e4higkeit dank der UIAA Dry Guide-Behandlung,<br \/>\n&#8211; UltraSonic Finish: Der Kern und der Mantel sind an ihren Enden dank einer Ultraschallbeschichtung namens UltraSonic Finish verbunden. Es erm\u00f6glicht eine l\u00e4ngere Lebensdauer und verhindert, dass das Ende des Seils bricht.<br \/>\nBenutzerkomfort:<br \/>\n&#8211; flexibles Seil, das das Aufwickeln, die Verwaltung der Ringe und das Einsetzen des Seils in Sicherungsger\u00e4ten erleichtert,<br \/>\n&#8211; Griff von 40 Spindeln f\u00fcr eine bessere Kontrolle,<br \/>\n&#8211; EverFlex-Behandlung: spezifische W\u00e4rmebehandlung, die die Dr\u00e4hte stabilisiert und das Seil homogener macht.    Es garantiert einen hervorragenden Grip und eine konstante Handhabung im Laufe der Zeit.<br \/>\nSpezifikationen<br \/>\nDurchmesser: 9 mm<br \/>\nZertifizierung(en): CE EN 892, UKCA, UIAA<br \/>\nSeiltyp: Multityp: Einfachseile, Halbseile und Zwillingsseile<br \/>\nGewicht pro Meter: 54 g<br \/>\nProzentsatz des Mantels: 39 %<br \/>\n Anzahl der St\u00fcrze Faktor 1,77: 5 (einfach), &gt; 20 (halb), &gt; 25 (zwilling)<br \/>\nStatische Dehnung: 7,6 % (einfach), 7,6 % (halb), 4,4 % (zwilling)<br \/>\nDynamische Dehnung: 34 % (einfach), 30 % (halb),  27 % (Zwilling)<br \/>\nSchlagkraft: 8,5 kN (einfach), 6,6 kN (halb), 10,4 kN (zwei)<br \/>\nKonstruktion: 40 Spindeln Werkstoffe<br \/>\n: Polyamid<\/p>\n<table>\n<tbody>\n<tr>\n<th class=\"rowTitle\">Referenzen<\/th>\n<th>Nr. R36AO 030<\/th>\n<th>Nr. R36AO 040<\/th>\n<th>Nr. R36AO 050<\/th>\n<th>Nr. R36AO 060<\/th>\n<th>Nr. R36AO 080<\/th>\n<th>Nr. R36AO 100<\/th>\n<\/tr>\n<tr>\n<td class=\"rowTitle\">Farbe(n)<\/td>\n<td>Orange  <\/td>\n<td>Orange  <\/td>\n<td>Orange  <\/td>\n<td>Orange  <\/td>\n<td>Orange  <\/td>\n<td>Orange  <\/td>\n<\/tr>\n<tr>\n<td class=\"rowTitle\">L\u00e4nge<\/td>\n<td>ca. 30 m<\/td>\n<td>ca. 40 m<\/td>\n<td>ca. 50 m<\/td>\n<td>ca. 60 m<\/td>\n<td>ca. 80 m<\/td>\n<td>ca. 100 m<\/td>\n<\/tr>\n<tr>\n<td class=\"rowTitle\">Garantie<\/td>\n<td>3 Jahre<\/td>\n<td>3 Jahre<\/td>\n<td>3 Jahre<\/td>\n<td>3 Jahre<\/td>\n<td>3 Jahre<\/td>\n<td>3 Jahre<\/td>\n<\/tr>\n<tr>\n<td class=\"rowTitle\">Verpackung<\/td>\n<td>1  <\/td>\n<td>1  <\/td>\n<td>1  <\/td>\n<td>1  <\/td>\n<td>1  <\/td>\n<td>1  <\/td>\n<\/tr>\n<\/tbody>\n<\/table>\n","protected":false},"excerpt":{"rendered":"<p>Ultraleichtes Mehrzweckseil mit 9 mm Durchmesser und Guide UIAA Dry-Behandlung f\u00fcr extreme Leistung beim Klettern oder Bergsteigen Das 9-mm-Seil VOLTA<\/p>\n","protected":false},"featured_media":90022,"template":"","meta":{"_seopress_robots_primary_cat":"","_seopress_titles_title":"","_seopress_titles_desc":"","_seopress_robots_index":""},"product_brand":[3666],"product_cat":[1396,1403,150,1409],"product_tag":[],"class_list":{"0":"post-472055","1":"product","2":"type-product","3":"status-publish","4":"has-post-thumbnail","6":"product_brand-petzl-de","7":"product_cat-arbeitsausrustung","8":"product_cat-auffanggurte-und-sicherheitsausrustung","9":"product_cat-ausrustung","10":"product_cat-freizeitausrustung","12":"first","13":"onbackorder","14":"shipping-taxable","15":"purchasable","16":"product-type-variable"},"_links":{"self":[{"href":"https:\/\/lucacastelli.com\/de\/wp-json\/wp\/v2\/product\/472055","targetHints":{"allow":["GET"]}}],"collection":[{"href":"https:\/\/lucacastelli.com\/de\/wp-json\/wp\/v2\/product"}],"about":[{"href":"https:\/\/lucacastelli.com\/de\/wp-json\/wp\/v2\/types\/product"}],"wp:featuredmedia":[{"embeddable":true,"href":"https:\/\/lucacastelli.com\/de\/wp-json\/wp\/v2\/media\/90022"}],"wp:attachment":[{"href":"https:\/\/lucacastelli.com\/de\/wp-json\/wp\/v2\/media?parent=472055"}],"wp:term":[{"taxonomy":"product_brand","embeddable":true,"href":"https:\/\/lucacastelli.com\/de\/wp-json\/wp\/v2\/product_brand?post=472055"},{"taxonomy":"product_cat","embeddable":true,"href":"https:\/\/lucacastelli.com\/de\/wp-json\/wp\/v2\/product_cat?post=472055"},{"taxonomy":"product_tag","embeddable":true,"href":"https:\/\/lucacastelli.com\/de\/wp-json\/wp\/v2\/product_tag?post=472055"}],"curies":[{"name":"wp","href":"https:\/\/api.w.org\/{rel}","templated":true}]}}