{"id":472054,"date":"2023-05-08T18:49:02","date_gmt":"2023-05-08T16:49:02","guid":{"rendered":"https:\/\/lucacastelli.com\/?post_type=product&#038;p=472054"},"modified":"2025-07-27T10:34:34","modified_gmt":"2025-07-27T08:34:34","slug":"petzl-contact-98-mm","status":"publish","type":"product","link":"https:\/\/lucacastelli.com\/de\/produkt\/petzl-contact-98-mm\/","title":{"rendered":"PETZL CONTACT 9,8 mm"},"content":{"rendered":"<p>Leichtes Einfachseil mit 9,8 mm Durchmesser zum Klettern in der Halle und im Fels<\/p>\n<p>CONTACT 9,8 mm ist ein Einfachseil, das f\u00fcr das Klettern in der Halle und im Fels entwickelt wurde. Es profitiert von einem hervorragenden Kompromiss zwischen Leichtigkeit und Widerstandsf\u00e4higkeit f\u00fcr eine gr\u00f6\u00dfere Vielseitigkeit. Dank seiner hervorragenden Griffigkeit und Man\u00f6vrierf\u00e4higkeit wird das Man\u00f6vrieren und die Verwendung von Sicherungsger\u00e4ten erleichtert. Auch die Dicke der Socke tr\u00e4gt zu ihrer Widerstandsf\u00e4higkeit bei.   <\/p>\n<p>Beschreibung<br \/>\nBenutzerkomfort:<br \/>\n&#8211; flexibles Seil, das das Zuf\u00fchren des Seils in Sicherungsger\u00e4te erleichtert,<br \/>\n&#8211; EverFlex-Behandlung: spezifische W\u00e4rmebehandlung, die die Dr\u00e4hte stabilisiert und das Seil homogener macht. Es garantiert einen hervorragenden Grip und eine konstante Handhabung im Laufe der Zeit,<br \/>\n&#8211; ClimbReady-Rollreffanlage: spezielle Rollreffanlage, um das Seil einsatzbereit zu machen. Es verhindert falsche Abrollman\u00f6ver durch den Benutzer und erh\u00f6ht die Langlebigkeit.<br \/>\nGriff, der Man\u00f6ver erleichtert:<br \/>\n&#8211; hervorragendes Verh\u00e4ltnis von Leichtigkeit\/Durchmesser\/Griffigkeit,<br \/>\n&#8211; Griff von 40 Spindeln f\u00fcr bessere Kontrolle,<br \/>\n&#8211; Mittlere Markierung: Unterscheidung des halben Seils zur Erleichterung von Man\u00f6vern.<br \/>\nBest\u00e4ndigkeit:<br \/>\n&#8211; dicker Mantel, der eine hervorragende Abriebfestigkeit garantiert,<br \/>\n&#8211; UltraSonic Finish: Der Kern und der Mantel sind an ihren Enden dank einer Ultraschallbeschichtung namens UltraSonic Finish verbunden.   Es erm\u00f6glicht eine l\u00e4ngere Lebensdauer und verhindert, dass das Ende des Seils bricht.<br \/>\nSpezifikationen<br \/>\nZertifizierung(en): CE EN 892, UKCA, UIAA<br \/>\nDurchmesser: 9,8 mm<br \/>\nSeiltyp: Einfachseil<br \/>\nGewicht pro Meter: 60 g<br \/>\nProzentsatz des Mantels: 41 %<br \/>\nAnzahl der St\u00fcrze Faktor 1,77: 7<br \/>\nStatische Dehnung: 9,0 %<br \/>\nDynamische Dehnung: 35 %<br \/>\nSchlagkraft: 8,4 kN<br \/>\nKonstruktion: 40 Spindeln<br \/>\nMaterialien: Polyamid<\/p>\n<table>\n<tbody>\n<tr>\n<th class=\"rowTitle\">Referenzen<\/th>\n<th>Nr. R33AC 060<\/th>\n<th>Nr. R33AC 070<\/th>\n<th>Nr. R33AC 080<\/th>\n<th>Nr. R33AD 060<\/th>\n<th>Nr. R33AD 070<\/th>\n<th>Nr. R33AD 080<\/th>\n<\/tr>\n<tr>\n<td class=\"rowTitle\">Farbe(n)<\/td>\n<td>blau  <\/td>\n<td>blau  <\/td>\n<td>blau  <\/td>\n<td>gr\u00fcn  <\/td>\n<td>gr\u00fcn  <\/td>\n<td>gr\u00fcn  <\/td>\n<\/tr>\n<tr>\n<td class=\"rowTitle\">L\u00e4nge<\/td>\n<td>ca. 60 m<\/td>\n<td>ca. 70 m<\/td>\n<td>ca. 80 m<\/td>\n<td>ca. 60 m<\/td>\n<td>ca. 70 m<\/td>\n<td>ca. 80 m<\/td>\n<\/tr>\n<tr>\n<td class=\"rowTitle\">Garantie<\/td>\n<td>3 Jahre<\/td>\n<td>3 Jahre<\/td>\n<td>3 Jahre<\/td>\n<td>3 Jahre<\/td>\n<td>3 Jahre<\/td>\n<td>3 Jahre<\/td>\n<\/tr>\n<tr>\n<td class=\"rowTitle\">Verpackung<\/td>\n<td>1  <\/td>\n<td>1  <\/td>\n<td>1  <\/td>\n<td>1  <\/td>\n<td>1  <\/td>\n<td>1  <\/td>\n<\/tr>\n<\/tbody>\n<\/table>\n","protected":false},"excerpt":{"rendered":"<p>Leichtes Einfachseil mit 9,8 mm Durchmesser zum Klettern in der Halle und im Fels CONTACT 9,8 mm ist ein Einfachseil,<\/p>\n","protected":false},"featured_media":90093,"template":"","meta":{"_seopress_robots_primary_cat":"","_seopress_titles_title":"","_seopress_titles_desc":"","_seopress_robots_index":""},"product_brand":[3666],"product_cat":[1410,150,1409],"product_tag":[],"class_list":{"0":"post-472054","1":"product","2":"type-product","3":"status-publish","4":"has-post-thumbnail","6":"product_brand-petzl-de","7":"product_cat-auffanggurte-und-sicherheitsausrustung-de","8":"product_cat-ausrustung","9":"product_cat-freizeitausrustung","11":"first","12":"onbackorder","13":"shipping-taxable","14":"purchasable","15":"product-type-variable"},"_links":{"self":[{"href":"https:\/\/lucacastelli.com\/de\/wp-json\/wp\/v2\/product\/472054","targetHints":{"allow":["GET"]}}],"collection":[{"href":"https:\/\/lucacastelli.com\/de\/wp-json\/wp\/v2\/product"}],"about":[{"href":"https:\/\/lucacastelli.com\/de\/wp-json\/wp\/v2\/types\/product"}],"wp:featuredmedia":[{"embeddable":true,"href":"https:\/\/lucacastelli.com\/de\/wp-json\/wp\/v2\/media\/90093"}],"wp:attachment":[{"href":"https:\/\/lucacastelli.com\/de\/wp-json\/wp\/v2\/media?parent=472054"}],"wp:term":[{"taxonomy":"product_brand","embeddable":true,"href":"https:\/\/lucacastelli.com\/de\/wp-json\/wp\/v2\/product_brand?post=472054"},{"taxonomy":"product_cat","embeddable":true,"href":"https:\/\/lucacastelli.com\/de\/wp-json\/wp\/v2\/product_cat?post=472054"},{"taxonomy":"product_tag","embeddable":true,"href":"https:\/\/lucacastelli.com\/de\/wp-json\/wp\/v2\/product_tag?post=472054"}],"curies":[{"name":"wp","href":"https:\/\/api.w.org\/{rel}","templated":true}]}}