{"id":472036,"date":"2023-05-08T18:18:47","date_gmt":"2023-05-08T16:18:47","guid":{"rendered":"https:\/\/lucacastelli.com\/?post_type=product&#038;p=472036"},"modified":"2025-07-27T10:45:59","modified_gmt":"2025-07-27T08:45:59","slug":"petzl-arial-95-mm","status":"publish","type":"product","link":"https:\/\/lucacastelli.com\/de\/produkt\/petzl-arial-95-mm\/","title":{"rendered":"PETZL ARIAL 9,5 mm"},"content":{"rendered":"<p>Leichtes und langlebiges Einfachseil mit 9,5 mm Durchmesser mit Duratec Dry-Behandlung zum Klettern und Bergsteigen<\/p>\n<p>Das leichte und robuste ARIAL 9,5 mm ist ein Einfachseil, das zum Klettern und Bergsteigen entwickelt wurde. Dieses Seil profitiert von der Duratec Dry-Behandlung, um maximale Langlebigkeit und Leistung unter allen Bedingungen zu gew\u00e4hrleisten. Mit einem sehr guten Verh\u00e4ltnis von Durchmesser zu Festigkeit ist es perfekt f\u00fcr Kletterer geeignet, die ein starkes Seil zum Arbeiten und Anketten von Routen suchen. Dank seiner hervorragenden Griffigkeit und seines hervorragenden Handlings wird das Man\u00f6vrieren erleichtert.   <\/p>\n<p>Beschreibung<br \/>\nWiderstandsf\u00e4higes Seil, das f\u00fcr die Arbeit an Routen geeignet ist:<br \/>\n&#8211; dicker Mantel, der eine hervorragende Abriebfestigkeit garantiert,<br \/>\n&#8211; hervorragendes Verh\u00e4ltnis von Durchmesser zu Festigkeit,<br \/>\n&#8211; verst\u00e4rkte Widerstandsf\u00e4higkeit dank der Duratec Dry-Behandlung,<br \/>\n&#8211; UltraSonic Finish: Der Kern und der Mantel sind an ihren Enden dank einer Ultraschallbeschichtung namens UltraSonic Finish verbunden. Es erm\u00f6glicht eine l\u00e4ngere Lebensdauer und verhindert, dass das Ende des Seils bricht.<br \/>\nBenutzerkomfort:<br \/>\n&#8211; flexibles Seil, das das Geben des Seils in Sicherungsger\u00e4ten erleichtert,<br \/>\n&#8211; EverFlex-Behandlung: spezifische W\u00e4rmebehandlung, die die Dr\u00e4hte stabilisiert und das Seil homogener macht. Es garantiert einen hervorragenden Grip und eine konstante Handhabung im Laufe der Zeit,<br \/>\n &#8211; Duratec Dry-Behandlung f\u00fcr den Einsatz auf Fels, Mischgewebe, Schnee oder Eis: hydrophobe Behandlung, die es dem Seil erm\u00f6glicht, widerstandsf\u00e4higer gegen Wasser, Schmutz und Abrieb zu sein. Handhabung, Grip und Eigenschaften bleiben bei K\u00e4lte und N\u00e4sse l\u00e4nger erhalten,<br \/>\n&#8211; ClimbReady-Rollreffanlage: spezielle Rollreffanlage, um das Seil einsatzbereit zu machen.    Es verhindert falsche Abrollman\u00f6ver durch den Benutzer und erh\u00f6ht die Langlebigkeit.<br \/>\nGriff, der Man\u00f6ver erleichtert:<br \/>\n&#8211; Griff von 40 Spindeln f\u00fcr bessere Kontrolle,<br \/>\n&#8211; Mittlere Markierung: Unterscheidung des halben Seils, um Man\u00f6ver zu erleichtern.<br \/>\nSpezifikationen<br \/>\nZertifizierung(en): CE EN 892, UKCA, UIAA<br \/>\nDurchmesser: 9,5 mm<br \/>\nSeiltyp: Einfachseil<br \/>\nGewicht pro Meter: 58 g<br \/>\nProzentsatz des Mantels: 40 %<br \/>\nAnzahl der St\u00fcrze Faktor 1,77: 7<br \/>\nStatische Dehnung: 7,6 %<br \/>\nDynamische Dehnung: 32 %<br \/>\nSchlagkraft: 8,8 kN<br \/>\nKonstruktion: 40 Spindeln<br \/>\nMaterialien: Polyamid<\/p>\n<table>\n<tbody>\n<tr>\n<th class=\"rowTitle\">Referenzen<\/th>\n<th>Nr. R34AC 060<\/th>\n<th>Nr. R34AC 070<\/th>\n<th>Nr. R34AC 080<\/th>\n<th>Nr. R34AD 060<\/th>\n<th>Nr. R34AD 070<\/th>\n<th>Nr. R34AD 080<\/th>\n<\/tr>\n<tr>\n<td class=\"rowTitle\">Farbe(n)<\/td>\n<td>rot  <\/td>\n<td>rot  <\/td>\n<td>rot  <\/td>\n<td>blau  <\/td>\n<td>blau  <\/td>\n<td>blau  <\/td>\n<\/tr>\n<tr>\n<td class=\"rowTitle\">L\u00e4nge<\/td>\n<td>ca. 60 m<\/td>\n<td>ca. 70 m<\/td>\n<td>ca. 80 m<\/td>\n<td>ca. 60 m<\/td>\n<td>ca. 70 m<\/td>\n<td>ca. 80 m<\/td>\n<\/tr>\n<tr>\n<td class=\"rowTitle\">Garantie<\/td>\n<td>3 Jahre<\/td>\n<td>3 Jahre<\/td>\n<td>3 Jahre<\/td>\n<td>3 Jahre<\/td>\n<td>3 Jahre<\/td>\n<td>3 Jahre<\/td>\n<\/tr>\n<tr>\n<td class=\"rowTitle\">Verpackung<\/td>\n<td>1  <\/td>\n<td>1  <\/td>\n<td>1  <\/td>\n<td>1  <\/td>\n<td>1  <\/td>\n<td>1  <\/td>\n<\/tr>\n<\/tbody>\n<\/table>\n","protected":false},"excerpt":{"rendered":"<p>Leichtes und langlebiges Einfachseil mit 9,5 mm Durchmesser mit Duratec Dry-Behandlung zum Klettern und Bergsteigen Das leichte und robuste ARIAL<\/p>\n","protected":false},"featured_media":90057,"template":"","meta":{"_seopress_robots_primary_cat":"","_seopress_titles_title":"","_seopress_titles_desc":"","_seopress_robots_index":""},"product_brand":[3666],"product_cat":[1410,150,1409],"product_tag":[],"class_list":{"0":"post-472036","1":"product","2":"type-product","3":"status-publish","4":"has-post-thumbnail","6":"product_brand-petzl-de","7":"product_cat-auffanggurte-und-sicherheitsausrustung-de","8":"product_cat-ausrustung","9":"product_cat-freizeitausrustung","11":"first","12":"onbackorder","13":"shipping-taxable","14":"purchasable","15":"product-type-variable"},"_links":{"self":[{"href":"https:\/\/lucacastelli.com\/de\/wp-json\/wp\/v2\/product\/472036","targetHints":{"allow":["GET"]}}],"collection":[{"href":"https:\/\/lucacastelli.com\/de\/wp-json\/wp\/v2\/product"}],"about":[{"href":"https:\/\/lucacastelli.com\/de\/wp-json\/wp\/v2\/types\/product"}],"wp:featuredmedia":[{"embeddable":true,"href":"https:\/\/lucacastelli.com\/de\/wp-json\/wp\/v2\/media\/90057"}],"wp:attachment":[{"href":"https:\/\/lucacastelli.com\/de\/wp-json\/wp\/v2\/media?parent=472036"}],"wp:term":[{"taxonomy":"product_brand","embeddable":true,"href":"https:\/\/lucacastelli.com\/de\/wp-json\/wp\/v2\/product_brand?post=472036"},{"taxonomy":"product_cat","embeddable":true,"href":"https:\/\/lucacastelli.com\/de\/wp-json\/wp\/v2\/product_cat?post=472036"},{"taxonomy":"product_tag","embeddable":true,"href":"https:\/\/lucacastelli.com\/de\/wp-json\/wp\/v2\/product_tag?post=472036"}],"curies":[{"name":"wp","href":"https:\/\/api.w.org\/{rel}","templated":true}]}}