{"id":472027,"date":"2023-05-07T16:28:01","date_gmt":"2023-05-07T14:28:01","guid":{"rendered":"https:\/\/lucacastelli.com\/prodotto\/petzl-pirana-club\/"},"modified":"2023-05-07T16:28:01","modified_gmt":"2023-05-07T14:28:01","slug":"petzl-pirana-club","status":"publish","type":"product","link":"https:\/\/lucacastelli.com\/de\/produkt\/petzl-pirana-club\/","title":{"rendered":"PETZL PIRANA CLUB"},"content":{"rendered":"<p>Abseilger\u00e4t mit modularem Bremssystem f\u00fcr Canyoning<\/p>\n<p>F\u00fcr die ersten Canyoning-Abseilvorg\u00e4nge! Der PIRANA CLUB wurde f\u00fcr den kollektiven Gebrauch oder f\u00fcr die Entdeckung von Aktivit\u00e4ten entwickelt und ist ein Canyoning-Abseilger\u00e4t mit einem einfach zu bedienenden modularen Bremssystem. Dank ihm sind drei Seilinstallationsm\u00f6glichkeiten garantiert, mit denen Sie das gew\u00fcnschte Bremsniveau vor dem Abseilen anpassen k\u00f6nnen. Es passt sich sowohl Rechts- als auch Linksh\u00e4ndern gut an. Der Kunststoffring erleichtert die Installation des Seils und h\u00e4lt das Ger\u00e4t mit dem Gurt verbunden, um das Risiko eines Auslaufens zu verringern.    <\/p>\n<p>Beschreibung<br \/>\nAbseilger\u00e4t mit modularem Bremssystem, das f\u00fcr den kollektiven Gebrauch oder zur Entdeckung des Canyonings entwickelt wurde:<br \/>\n&#8211; drei verschiedene Seilpositionen, um das ideale Bremsniveau vor dem Abseilen zu modulieren,<br \/>\n&#8211; n\u00fcchternes Design, um Anweisungen und Sichtkontrollen zu vereinfachen.<br \/>\nEinfach zu bedienen:- Kunststoffring,<br \/>\n der es erm\u00f6glicht, den Verbinder in der richtigen Position zu halten, um die Installation des Seils zu erleichtern und das Ger\u00e4t mit dem Gurt verbunden zu halten, um das Verlustrisiko zu verringern,<br \/>\n&#8211; Montage f\u00fcr Rechts- und Linksh\u00e4nder m\u00f6glich.<br \/>\nErh\u00e4ltlich in zwei Farben: schwarz und gr\u00fcn.<br \/>\nSpezifikationen<br \/>\nMaterialien: Aluminiumk\u00f6rper, Positionierring aus thermoplastischem Elastomer (TPE)<br \/>\nGewicht: 90 g<br \/>\nSeilkompatibilit\u00e4t: 8 &#8211; 13 mm<br \/>\nErf\u00fcllt die Anforderungen der EN 15151-2, mit Ausnahme der Anforderung an die Mindestgr\u00f6\u00dfe des Befestigungspunkts.<\/p>\n<table>\n<tbody>\n<tr>\n<th class=\"rowTitle\">Referenzen<\/th>\n<th>\n D005BA00<\/th>\n<th>D005BA01<\/th>\n<\/tr>\n<tr>\n<td class=\"rowTitle\">Farbe(n)<\/td>\n<td>Gr\u00fcn <\/td>\n<td>Schwarz <\/td>\n<\/tr>\n<tr>\n<td class=\"rowTitle\">Garantie<\/td>\n<td>3 Jahre<\/td>\n<td>3 Jahre<\/td>\n<\/tr>\n<tr>\n<td class=\"rowTitle\">Verpackung<\/td>\n<td> <\/td>\n<p> 1<\/p>\n<td>1 <\/td>\n<\/tr>\n<\/tbody>\n<\/table>\n","protected":false},"excerpt":{"rendered":"<p>Abseilger\u00e4t mit modularem Bremssystem f\u00fcr Canyoning F\u00fcr die ersten Canyoning-Abseilvorg\u00e4nge! Der PIRANA CLUB wurde f\u00fcr den kollektiven Gebrauch oder f\u00fcr<\/p>\n","protected":false},"featured_media":90000,"template":"","meta":{"_seopress_robots_primary_cat":"","_seopress_titles_title":"","_seopress_titles_desc":"","_seopress_robots_index":""},"product_brand":[3666],"product_cat":[150,1409,1703],"product_tag":[],"class_list":{"0":"post-472027","1":"product","2":"type-product","3":"status-publish","4":"has-post-thumbnail","6":"product_brand-petzl-de","7":"product_cat-ausrustung","8":"product_cat-freizeitausrustung","9":"product_cat-sonstiges","11":"first","12":"onbackorder","13":"shipping-taxable","14":"purchasable","15":"product-type-variable"},"_links":{"self":[{"href":"https:\/\/lucacastelli.com\/de\/wp-json\/wp\/v2\/product\/472027","targetHints":{"allow":["GET"]}}],"collection":[{"href":"https:\/\/lucacastelli.com\/de\/wp-json\/wp\/v2\/product"}],"about":[{"href":"https:\/\/lucacastelli.com\/de\/wp-json\/wp\/v2\/types\/product"}],"wp:featuredmedia":[{"embeddable":true,"href":"https:\/\/lucacastelli.com\/de\/wp-json\/wp\/v2\/media\/90000"}],"wp:attachment":[{"href":"https:\/\/lucacastelli.com\/de\/wp-json\/wp\/v2\/media?parent=472027"}],"wp:term":[{"taxonomy":"product_brand","embeddable":true,"href":"https:\/\/lucacastelli.com\/de\/wp-json\/wp\/v2\/product_brand?post=472027"},{"taxonomy":"product_cat","embeddable":true,"href":"https:\/\/lucacastelli.com\/de\/wp-json\/wp\/v2\/product_cat?post=472027"},{"taxonomy":"product_tag","embeddable":true,"href":"https:\/\/lucacastelli.com\/de\/wp-json\/wp\/v2\/product_tag?post=472027"}],"curies":[{"name":"wp","href":"https:\/\/api.w.org\/{rel}","templated":true}]}}