{"id":472019,"date":"2023-05-07T16:15:55","date_gmt":"2023-05-07T14:15:55","guid":{"rendered":"https:\/\/lucacastelli.com\/prodotto\/petzl-eloxierter-fester-bremsbuegel-fuer-rack\/"},"modified":"2023-05-07T16:15:55","modified_gmt":"2023-05-07T14:15:55","slug":"petzl-eloxierter-fester-bremsbuegel-fuer-rack","status":"publish","type":"product","link":"https:\/\/lucacastelli.com\/de\/produkt\/petzl-eloxierter-fester-bremsbuegel-fuer-rack\/","title":{"rendered":"PETZL Eloxierter, fester Bremsb\u00fcgel f\u00fcr RACK"},"content":{"rendered":"<p>Feste Winkelstange eloxiert f\u00fcr RACK<\/p>\n","protected":false},"excerpt":{"rendered":"<p>Feste Winkelstange eloxiert f\u00fcr RACK<\/p>\n","protected":false},"featured_media":94463,"template":"","meta":{"_seopress_robots_primary_cat":"","_seopress_titles_title":"","_seopress_titles_desc":"","_seopress_robots_index":""},"product_brand":[3446],"product_cat":[33,211,212],"product_tag":[],"class_list":{"0":"post-472019","1":"product","2":"type-product","3":"status-publish","4":"has-post-thumbnail","6":"product_brand-petzl","7":"product_cat-attrezzature","8":"product_cat-attrezzatura-per-il-tempo-libero","9":"product_cat-altro","11":"first","12":"onbackorder","13":"shipping-taxable","14":"purchasable","15":"product-type-simple"},"_links":{"self":[{"href":"https:\/\/lucacastelli.com\/de\/wp-json\/wp\/v2\/product\/472019","targetHints":{"allow":["GET"]}}],"collection":[{"href":"https:\/\/lucacastelli.com\/de\/wp-json\/wp\/v2\/product"}],"about":[{"href":"https:\/\/lucacastelli.com\/de\/wp-json\/wp\/v2\/types\/product"}],"wp:featuredmedia":[{"embeddable":true,"href":"https:\/\/lucacastelli.com\/de\/wp-json\/wp\/v2\/media\/94463"}],"wp:attachment":[{"href":"https:\/\/lucacastelli.com\/de\/wp-json\/wp\/v2\/media?parent=472019"}],"wp:term":[{"taxonomy":"product_brand","embeddable":true,"href":"https:\/\/lucacastelli.com\/de\/wp-json\/wp\/v2\/product_brand?post=472019"},{"taxonomy":"product_cat","embeddable":true,"href":"https:\/\/lucacastelli.com\/de\/wp-json\/wp\/v2\/product_cat?post=472019"},{"taxonomy":"product_tag","embeddable":true,"href":"https:\/\/lucacastelli.com\/de\/wp-json\/wp\/v2\/product_tag?post=472019"}],"curies":[{"name":"wp","href":"https:\/\/api.w.org\/{rel}","templated":true}]}}