{"id":471956,"date":"2023-05-07T15:34:11","date_gmt":"2023-05-07T13:34:11","guid":{"rendered":"https:\/\/lucacastelli.com\/prodotto\/petzl-achse-11-mm\/"},"modified":"2023-05-07T15:34:11","modified_gmt":"2023-05-07T13:34:11","slug":"petzl-achse-11-mm","status":"publish","type":"product","link":"https:\/\/lucacastelli.com\/de\/produkt\/petzl-achse-11-mm\/","title":{"rendered":"PETZL ACHSE 11 mm"},"content":{"rendered":"<p>Halbstatisches Seil mit gutem Halt f\u00fcr Arbeiten in der H\u00f6he<\/p>\n<p>Das halbstatische Seil AXIS 11 mm ist f\u00fcr Arbeiten in der H\u00f6he vorgesehen. Der Standarddurchmesser sorgt f\u00fcr einen guten Halt und erleichtert das Man\u00f6vrieren. Die EverFlex-Technologie garantiert gro\u00dfe Flexibilit\u00e4t und konstante Leistung \u00fcber die Zeit. Das Seil ist in sechs Farben und vier L\u00e4ngen erh\u00e4ltlich.   <\/p>\n<p>Beschreibung<br \/>\nStandarddurchmesser, der einen guten Halt f\u00fcr einfaches Man\u00f6vrieren garantiert.<br \/>\nKonstante Leistung im Laufe der Zeit:<br \/>\n&#8211; Konstruktion mit einem Polyamidkern und einer Polyesterh\u00fclle mit einer speziellen Webart,- EverFlex-Technologie,<br \/>\n die eine gro\u00dfe Flexibilit\u00e4t im Laufe der Zeit garantiert, unabh\u00e4ngig von den Bedingungen (Wasser, Staub, Schlamm&#8230;), um eine hervorragende Handhabung und einen optimalen Betrieb mit den Ger\u00e4ten zu gew\u00e4hrleisten.<br \/>\nErh\u00e4ltlich in sechs Farben: Wei\u00df, Gelb, Schwarz, Blau, Rot und Orange.<br \/>\nStandardl\u00e4ngen: 50, 100, 200 und 500 m.<br \/>\nAnpassung auf Anfrage:<br \/>\n&#8211; M\u00f6glichkeit, ein Seil in der gew\u00fcnschten L\u00e4nge (bis zu 700 m) zu bestellen,<br \/>\n&#8211; Hinzuf\u00fcgen von gen\u00e4hten Enden, die an einem oder zwei Enden hergestellt werden, um ein Seil einsatzbereit zu haben. Diese Anschl\u00fcsse verf\u00fcgen \u00fcber einen Schutzmantel, um den Steckverbinder an Ort und Stelle zu halten und den Betrieb zu erleichtern. Die Endverschl\u00fcsse garantieren auch eine \u00fcberlegene Festigkeit bis zu einem Achterknoten.<br \/>\nSpezifikationen<br \/>\nDurchmesser: 11 mm<br \/>\nMaterialien: Polyester, Polyamid<br \/>\nZertifizierung(en): CE EN 1891 Typ A, UKCA, EAC, NFPA 2500 Technische Verwendung<br \/>\nGewicht pro Meter: 82 g<br \/>\nAchterfestigkeit: 19 kN<br \/>\nEingen\u00e4hte Anschlussfestigkeit: 22 kN<br \/>\nSchlagkraft (Faktor 0,3): 5,2 kN<br \/>\nAnzahl der Tropfen Faktor 1: 12<br \/>\nKonstruktion: 32 Spindeln Prozentsatz der Socke<br \/>\n:  41 %<br \/>\nStatische Dehnung: 3 %  <\/p>\n<table>\n<tbody>\n<tr>\n<th class=\"rowTitle\">Referenzen<\/th>\n<th>R074AA28<\/th>\n<\/tr>\n<tr>\n<td class=\"rowTitle\">L\u00e4nge<\/td>\n<td>ca. 500 m<\/td>\n<\/tr>\n<tr>\n<td class=\"rowTitle\">Farbe(n)<\/td>\n<td>wei\u00df <\/td>\n<\/tr>\n<tr>\n<td class=\"rowTitle\">Garantie<\/td>\n<td>3 Jahre<\/td>\n<\/tr>\n<tr>\n<td class=\"rowTitle\">Verpackung<\/td>\n<td>1 <\/td>\n<\/tr>\n<\/tbody>\n<\/table>\n","protected":false},"excerpt":{"rendered":"<p>Halbstatisches Seil mit gutem Halt f\u00fcr Arbeiten in der H\u00f6he Das halbstatische Seil AXIS 11 mm ist f\u00fcr Arbeiten in<\/p>\n","protected":false},"featured_media":94333,"template":"","meta":{"_seopress_robots_primary_cat":"","_seopress_titles_title":"","_seopress_titles_desc":"","_seopress_robots_index":""},"product_brand":[3446],"product_cat":[33,537,822],"product_tag":[],"class_list":{"0":"post-471956","1":"product","2":"type-product","3":"status-publish","4":"has-post-thumbnail","6":"product_brand-petzl","7":"product_cat-attrezzature","8":"product_cat-attrezzatura-da-lavoro","9":"product_cat-altro-attrezzatura-da-lavoro","11":"first","12":"onbackorder","13":"shipping-taxable","14":"purchasable","15":"product-type-variable"},"_links":{"self":[{"href":"https:\/\/lucacastelli.com\/de\/wp-json\/wp\/v2\/product\/471956","targetHints":{"allow":["GET"]}}],"collection":[{"href":"https:\/\/lucacastelli.com\/de\/wp-json\/wp\/v2\/product"}],"about":[{"href":"https:\/\/lucacastelli.com\/de\/wp-json\/wp\/v2\/types\/product"}],"wp:featuredmedia":[{"embeddable":true,"href":"https:\/\/lucacastelli.com\/de\/wp-json\/wp\/v2\/media\/94333"}],"wp:attachment":[{"href":"https:\/\/lucacastelli.com\/de\/wp-json\/wp\/v2\/media?parent=471956"}],"wp:term":[{"taxonomy":"product_brand","embeddable":true,"href":"https:\/\/lucacastelli.com\/de\/wp-json\/wp\/v2\/product_brand?post=471956"},{"taxonomy":"product_cat","embeddable":true,"href":"https:\/\/lucacastelli.com\/de\/wp-json\/wp\/v2\/product_cat?post=471956"},{"taxonomy":"product_tag","embeddable":true,"href":"https:\/\/lucacastelli.com\/de\/wp-json\/wp\/v2\/product_tag?post=471956"}],"curies":[{"name":"wp","href":"https:\/\/api.w.org\/{rel}","templated":true}]}}