{"id":471947,"date":"2023-05-06T06:55:59","date_gmt":"2023-05-06T04:55:59","guid":{"rendered":"https:\/\/lucacastelli.com\/prodotto\/petzl-mindereder\/"},"modified":"2023-05-06T06:55:59","modified_gmt":"2023-05-06T04:55:59","slug":"petzl-mindereder","status":"publish","type":"product","link":"https:\/\/lucacastelli.com\/de\/produkt\/petzl-mindereder\/","title":{"rendered":"PETZL MINDEReder"},"content":{"rendered":"<p>Hochfeste Prusik-Riemenscheibe mit sehr hohem Wirkungsgrad<\/p>\n<p>MINDER ist eine hochfeste Umlenkrolle, die f\u00fcr Rettungskr\u00e4fte zur Herstellung von R\u00fccklaufsperrsystemen bestimmt ist.<\/p>\n<p>Beschreibung<br \/>\nSpezifische Flansche, die f\u00fcr die Verwendung des selbstsichernden Prusik-Knotens in R\u00fccklaufsperrsystemen geeignet sind.<br \/>\nRiemenscheibe mit gro\u00dfem Durchmesser, die auf einem abgedichteten Kugellager montiert ist, um eine hervorragende Leistung zu gew\u00e4hrleisten.<br \/>\nEr bietet Platz f\u00fcr bis zu drei Karabiner f\u00fcr ein einfaches Man\u00f6vrieren.<br \/>\nSpezifikationen<br \/>\nKompatibilit\u00e4t des Seils: 7 bis 13 mm<br \/>\nDurchmesser der Umlenkrolle: 51 mm<br \/>\nKugellager: ja<br \/>\nWirkungsgrad: 97 %<br \/>\nMaximale Betriebslast: 4 kN x 2 = 8 kN<br \/>\nGewicht: 295 g<br \/>\nZertifizierung(en): CE EN 12278, NFPA 2500 Allgemeine Verwendung, UKCA<\/p>\n<table>\n<tbody>\n<tr>\n<th class=\"rowTitle\">Referenzen<\/th>\n<th>P60A<\/th>\n<\/tr>\n<tr>\n<td class=\"rowTitle\">Garantie<\/td>\n<td>3 Jahre<\/td>\n<\/tr>\n<tr>\n<td class=\"rowTitle\">Verpackung<\/td>\n<td>1 <\/td>\n<\/tr>\n<\/tbody>\n<\/table>\n","protected":false},"excerpt":{"rendered":"<p>Hochfeste Prusik-Riemenscheibe mit sehr hohem Wirkungsgrad MINDER ist eine hochfeste Umlenkrolle, die f\u00fcr Rettungskr\u00e4fte zur Herstellung von R\u00fccklaufsperrsystemen bestimmt ist.<\/p>\n","protected":false},"featured_media":94328,"template":"","meta":{"_seopress_robots_primary_cat":"","_seopress_titles_title":"","_seopress_titles_desc":"","_seopress_robots_index":""},"product_brand":[3666],"product_cat":[150,1396,1494],"product_tag":[],"class_list":{"0":"post-471947","1":"product","2":"type-product","3":"status-publish","4":"has-post-thumbnail","6":"product_brand-petzl-de","7":"product_cat-ausrustung","8":"product_cat-arbeitsausrustung","9":"product_cat-sonstige-arbeitsausrustung","11":"first","12":"onbackorder","13":"shipping-taxable","14":"purchasable","15":"product-type-simple"},"_links":{"self":[{"href":"https:\/\/lucacastelli.com\/de\/wp-json\/wp\/v2\/product\/471947","targetHints":{"allow":["GET"]}}],"collection":[{"href":"https:\/\/lucacastelli.com\/de\/wp-json\/wp\/v2\/product"}],"about":[{"href":"https:\/\/lucacastelli.com\/de\/wp-json\/wp\/v2\/types\/product"}],"wp:featuredmedia":[{"embeddable":true,"href":"https:\/\/lucacastelli.com\/de\/wp-json\/wp\/v2\/media\/94328"}],"wp:attachment":[{"href":"https:\/\/lucacastelli.com\/de\/wp-json\/wp\/v2\/media?parent=471947"}],"wp:term":[{"taxonomy":"product_brand","embeddable":true,"href":"https:\/\/lucacastelli.com\/de\/wp-json\/wp\/v2\/product_brand?post=471947"},{"taxonomy":"product_cat","embeddable":true,"href":"https:\/\/lucacastelli.com\/de\/wp-json\/wp\/v2\/product_cat?post=471947"},{"taxonomy":"product_tag","embeddable":true,"href":"https:\/\/lucacastelli.com\/de\/wp-json\/wp\/v2\/product_tag?post=471947"}],"curies":[{"name":"wp","href":"https:\/\/api.w.org\/{rel}","templated":true}]}}