{"id":471939,"date":"2023-05-05T19:32:16","date_gmt":"2023-05-05T17:32:16","guid":{"rendered":"https:\/\/lucacastelli.com\/prodotto\/petzl-djinn-axess\/"},"modified":"2023-05-05T19:32:16","modified_gmt":"2023-05-05T17:32:16","slug":"petzl-djinn-axess","status":"publish","type":"product","link":"https:\/\/lucacastelli.com\/de\/produkt\/petzl-djinn-axess\/","title":{"rendered":"PETZL DJINN AXESS"},"content":{"rendered":"<p>Robuste Expressschlinge zum Klettern am Fels<\/p>\n<p>Zuverl\u00e4ssig und robust eignet sich die DJINN AXESS Expressschlinge besonders gut zum Klettern im Fels. DJINN-Karabiner haben eine gro\u00dfe Seilreibungszone, um die Zugkraft zu verringern und einen gr\u00f6\u00dferen Widerstand des Karabiners und des Seils zu gew\u00e4hrleisten. Das gebogene Hebeldesign erm\u00f6glicht es Ihnen, das Seil zu stabilisieren und effektiv zu clipsen. Das Keylock-System verhindert, dass der Karabiner bei Man\u00f6vern unbeabsichtigt festgeschnallt wird. Er ist in zwei L\u00e4ngen und zwei Farben erh\u00e4ltlich.    <\/p>\n<p>Beschreibung<br \/>\nZuverl\u00e4ssiger und robuster Antrieb:<br \/>\n&#8211; gro\u00dfe Zuverl\u00e4ssigkeit des DJINN-Karabinerhebelmechanismus,- H-f\u00f6rmiger Abschnitt,<br \/>\n um das beste Verh\u00e4ltnis von Festigkeit zu Leichtigkeit zu bieten,<br \/>\n&#8211; gro\u00dfe Kontaktfl\u00e4chen mit dem Seil und dem Anker, um den Seildurchgang zu erleichtern und den Verschlei\u00df des Karabiners zu reduzieren,<br \/>\n&#8211; robustes AXESS-Gurtband,<br \/>\n&#8211; STRING-Gurtbandschutz zur Stabilisierung des Karabiners und zum Schutz des Gurtbandes vor Verschlei\u00df.<br \/>\nEinfaches Ein- und Aush\u00e4ngen:<br \/>\n&#8211; gro\u00dfe \u00d6ffnung des Hebels, um Man\u00f6ver zu erleichtern,<br \/>\n&#8211; Keylock-System, das verhindert, dass sich der Karabiner w\u00e4hrend der Man\u00f6ver unbeabsichtigt einhakt,<br \/>\n&#8211; Einfacher Griff dank der gro\u00dfen Gr\u00f6\u00dfe des Karabiners.<br \/>\nErh\u00e4ltlich in verschiedenen L\u00e4ngen und Farben:<br \/>\n &#8211; 12 cm Gurtband und blau gebogener DJINN-Karabiner,<br \/>\n &#8211; 12 cm Gurtband und lila gebogener DJINN-Karabiner, &#8211; 17 cm Gurtband und blau gebogener DJINN-Karabiner,<br \/>\n um die Traktion zu verwalten.<br \/>\nSpezifisch<br \/>\nFestigkeit der Hauptachse: 23 kN<br \/>\nKleiner Achswiderstand: 8 kN<br \/>\nWiderstand des offenen Hebels: 9 kN<br \/>\n\u00d6ffnung: 24 mm<br \/>\n\u00d6ffnung des gebogenen Hebelkarabiners: 27 mm<br \/>\nKapazit\u00e4t: 24 mm<br \/>\nMaterialien: Aluminium-Karabiner, Polyester-Gurtband, Gummi STRING<br \/>\nZertifizierung(en): &#8211; Karabiner: CE EN 12275 Typ B, UIAA, &#8211; Gurtband: CE EN 566, UIAA<\/p>\n<table>\n<tbody>\n<tr>\n<th class=\"rowTitle\">Referenzen<\/th>\n<th>\n M060CA00<\/th>\n<th>\n M060CA01<\/th>\n<th>M060CA02<\/th>\n<\/tr>\n<tr>\n                                                        L\u00e4nge <\/p>\n<td class=\"rowTitle\">des Gurtbandes<\/td>\n<td>ca. 12 cm<\/td>\n<td>ca. 12 cm<\/td>\n<td>ca. 17 cm<\/td>\n<\/tr>\n<tr>\n<td class=\"rowTitle\">Farbe(n)<\/td>\n<td>blau <\/td>\n<td>violett <\/td>\n<td>blau <\/td>\n<\/tr>\n<tr>\n<td class=\"rowTitle\">Widerstand<\/td>\n<td>22 kN<\/td>\n<td>22 kN<\/td>\n<td>22 kN<\/td>\n<\/tr>\n<tr>\n<td class=\"rowTitle\">Gewicht<\/td>\n<td>ca. 107 Gramm<\/td>\n<td>ca. 107 Gramm<\/td>\n<td>ca. 113 Gramm<\/td>\n<\/tr>\n<tr>\n<td class=\"rowTitle\">Garantie<\/td>\n<td>3 Jahre<\/td>\n<td>3 Jahre<\/td>\n<td>3 Jahre<\/td>\n<\/tr>\n<tr>\n<td class=\"rowTitle\">Verpackung<\/td>\n<td> <\/td>\n<p> 1<\/p>\n<td> <\/td>\n<p> 1<\/p>\n<td>1 <\/td>\n<\/tr>\n<\/tbody>\n<\/table>\n","protected":false},"excerpt":{"rendered":"<p>Robuste Expressschlinge zum Klettern am Fels Zuverl\u00e4ssig und robust eignet sich die DJINN AXESS Expressschlinge besonders gut zum Klettern im<\/p>\n","protected":false},"featured_media":94291,"template":"","meta":{"_seopress_robots_primary_cat":"","_seopress_titles_title":"","_seopress_titles_desc":"","_seopress_robots_index":""},"product_brand":[3666],"product_cat":[150,1409,1410],"product_tag":[],"class_list":{"0":"post-471939","1":"product","2":"type-product","3":"status-publish","4":"has-post-thumbnail","6":"product_brand-petzl-de","7":"product_cat-ausrustung","8":"product_cat-freizeitausrustung","9":"product_cat-auffanggurte-und-sicherheitsausrustung-de","11":"first","12":"instock","13":"shipping-taxable","14":"purchasable","15":"product-type-variable"},"_links":{"self":[{"href":"https:\/\/lucacastelli.com\/de\/wp-json\/wp\/v2\/product\/471939","targetHints":{"allow":["GET"]}}],"collection":[{"href":"https:\/\/lucacastelli.com\/de\/wp-json\/wp\/v2\/product"}],"about":[{"href":"https:\/\/lucacastelli.com\/de\/wp-json\/wp\/v2\/types\/product"}],"wp:featuredmedia":[{"embeddable":true,"href":"https:\/\/lucacastelli.com\/de\/wp-json\/wp\/v2\/media\/94291"}],"wp:attachment":[{"href":"https:\/\/lucacastelli.com\/de\/wp-json\/wp\/v2\/media?parent=471939"}],"wp:term":[{"taxonomy":"product_brand","embeddable":true,"href":"https:\/\/lucacastelli.com\/de\/wp-json\/wp\/v2\/product_brand?post=471939"},{"taxonomy":"product_cat","embeddable":true,"href":"https:\/\/lucacastelli.com\/de\/wp-json\/wp\/v2\/product_cat?post=471939"},{"taxonomy":"product_tag","embeddable":true,"href":"https:\/\/lucacastelli.com\/de\/wp-json\/wp\/v2\/product_tag?post=471939"}],"curies":[{"name":"wp","href":"https:\/\/api.w.org\/{rel}","templated":true}]}}