{"id":471934,"date":"2023-05-04T17:49:15","date_gmt":"2023-05-04T15:49:15","guid":{"rendered":"https:\/\/lucacastelli.com\/prodotto\/petzl-grillen\/"},"modified":"2025-11-18T19:17:44","modified_gmt":"2025-11-18T18:17:44","slug":"petzl-grillen","status":"publish","type":"product","link":"https:\/\/lucacastelli.com\/de\/produkt\/petzl-grillen\/","title":{"rendered":"PETZL Grillen"},"content":{"rendered":"<p>Sch\u00e4kel, mit denen Sie den Sitz befestigen k\u00f6nnen (2er-Pack)<\/p>\n<p>Sch\u00e4kel, mit denen Sie den Sitz verbinden k\u00f6nnen. Die Verbindung am \u00f6ffnenden Befestigungspunkt der Kabelb\u00e4ume sorgt f\u00fcr eine optimale Integration der Ger\u00e4te. <\/p>\n<p>Beschreibung<br \/>\nErm\u00f6glicht das Verbinden eines Sitzes mit einem zu \u00f6ffnenden Befestigungspunkt des Gurts.<br \/>\nSpezifikationen<br \/>\nMaterialien: Edelstahl<br \/>\nGewicht: 20 g<\/p>\n","protected":false},"excerpt":{"rendered":"<p>Sch\u00e4kel, mit denen Sie den Sitz befestigen k\u00f6nnen (2er-Pack) Sch\u00e4kel, mit denen Sie den Sitz verbinden k\u00f6nnen. Die Verbindung am<\/p>\n","protected":false},"featured_media":94270,"template":"","meta":{"_seopress_robots_primary_cat":"","_seopress_titles_title":"","_seopress_titles_desc":"","_seopress_robots_index":""},"product_brand":[3446],"product_cat":[33,537,814],"product_tag":[],"class_list":{"0":"post-471934","1":"product","2":"type-product","3":"status-publish","4":"has-post-thumbnail","6":"product_brand-petzl","7":"product_cat-attrezzature","8":"product_cat-attrezzatura-da-lavoro","9":"product_cat-imbraghi-e-materiale-di-sicurezza","11":"first","12":"onbackorder","13":"shipping-taxable","14":"purchasable","15":"product-type-simple"},"_links":{"self":[{"href":"https:\/\/lucacastelli.com\/de\/wp-json\/wp\/v2\/product\/471934","targetHints":{"allow":["GET"]}}],"collection":[{"href":"https:\/\/lucacastelli.com\/de\/wp-json\/wp\/v2\/product"}],"about":[{"href":"https:\/\/lucacastelli.com\/de\/wp-json\/wp\/v2\/types\/product"}],"wp:featuredmedia":[{"embeddable":true,"href":"https:\/\/lucacastelli.com\/de\/wp-json\/wp\/v2\/media\/94270"}],"wp:attachment":[{"href":"https:\/\/lucacastelli.com\/de\/wp-json\/wp\/v2\/media?parent=471934"}],"wp:term":[{"taxonomy":"product_brand","embeddable":true,"href":"https:\/\/lucacastelli.com\/de\/wp-json\/wp\/v2\/product_brand?post=471934"},{"taxonomy":"product_cat","embeddable":true,"href":"https:\/\/lucacastelli.com\/de\/wp-json\/wp\/v2\/product_cat?post=471934"},{"taxonomy":"product_tag","embeddable":true,"href":"https:\/\/lucacastelli.com\/de\/wp-json\/wp\/v2\/product_tag?post=471934"}],"curies":[{"name":"wp","href":"https:\/\/api.w.org\/{rel}","templated":true}]}}