{"id":471918,"date":"2023-04-27T11:40:02","date_gmt":"2023-04-27T09:40:02","guid":{"rendered":"https:\/\/lucacastelli.com\/prodotto\/petzl-freino-z\/"},"modified":"2023-04-27T11:40:02","modified_gmt":"2023-04-27T09:40:02","slug":"petzl-freino-z","status":"publish","type":"product","link":"https:\/\/lucacastelli.com\/de\/produkt\/petzl-freino-z\/","title":{"rendered":"PETZL FREINO Z"},"content":{"rendered":"<p>Karabiner mit automatischem Sicherungsring mit Bremsreferenz f\u00fcr STOP- und SIMPLE-Abseilger\u00e4te<\/p>\n<p>FREINO Z ist ein Karabiner mit automatischem Sicherungsring mit Bremsreferenz, der f\u00fcr die Abseilger\u00e4te STOP (D009AA00) und SIMPLE (D004AA00) entwickelt wurde. Es erm\u00f6glicht Ihnen, die Bremswirkung w\u00e4hrend der Abfahrt zu erh\u00f6hen oder zu modulieren. Es erleichtert die Erstellung von Schlie\u00dfschl\u00fcsseln. FREINO Z kann gedreht werden, um das Abseilger\u00e4t beim Transfer vom Ger\u00e4tetr\u00e4ger in den Halbmondkarabiner unverlierbar zu machen.   <\/p>\n<p>Beschreibung<br \/>\nKontrolle der Bremswirkung:<br \/>\n&#8211; eine Referenz, die es Ihnen erm\u00f6glicht, die Bremswirkung beim Abstieg zu erh\u00f6hen,<br \/>\n&#8211; einfache und modulare Verwendung. Das Seil kann mit einer Hand schnell durch die Bremsfelge hindurch oder aus ihr herausgef\u00fchrt werden.<br \/>\nEinfaches Man\u00f6vrieren:<br \/>\n&#8211; erleichtert das Erstellen von Schlie\u00dfschl\u00fcsseln,<br \/>\n&#8211; Keylock-System, um ein unbeabsichtigtes Einhaken des Karabiners zu verhindern,<br \/>\n&#8211; TWIST-LOCK automatisches Verriegelungssystem f\u00fcr schnelles \u00d6ffnen.<br \/>\nEr kann gedreht werden, um das Abseilger\u00e4t STOP oder SIMPLE beim Transfer von der Materialschlaufe zum Halbmondkarabiner un\u00fcbersehbar zu machen,<br \/>\n Kompatibel nur mit den Abseilger\u00e4ten<br \/>\n STOP (D009AA00) und SIMPLE (D004AA00).Spezifikationen<br \/>\nMaterialien: Aluminium<br \/>\nZertifizierung(en): CE EN 12275 Typ B, UIAA, UKCA, NFPA 2500 Technische Verwendung<br \/>\nHebel\u00f6ffnung f\u00fcr R\u00fcckstellung: 12 mm <\/p>\n<table>\n<tbody>\n<tr>\n<th class=\"rowTitle\">Referenzen<\/th>\n<th>M042AA00<\/th>\n<\/tr>\n<tr>\n<td class=\"rowTitle\">Gewicht<\/td>\n<td>ca. 75 g<\/td>\n<\/tr>\n<tr>\n<td class=\"rowTitle\">Schlie\u00dfsystem<\/td>\n<td>DREHVERSCHLUSS <\/td>\n<\/tr>\n<tr>\n                                                        Widerstand <\/p>\n<td class=\"rowTitle\">der Hauptachse<\/td>\n<td>23 kN<\/td>\n<\/tr>\n<tr>\n<td class=\"rowTitle\">Widerstand der kleinen<\/td>\n<p> Achse<\/p>\n<td>8 kN<\/td>\n<\/tr>\n<tr>\n                                                        Offener <\/p>\n<td class=\"rowTitle\">Hebelwiderstand<\/td>\n<td>8 kN<\/td>\n<\/tr>\n<tr>\n<td class=\"rowTitle\">\u00d6ffnung<\/td>\n<td>ca. 18 mm<\/td>\n<\/tr>\n<tr>\n<td class=\"rowTitle\">Garantie<\/td>\n<td>3 Jahre<\/td>\n<\/tr>\n<tr>\n<td class=\"rowTitle\">Verpackung<\/td>\n<td>1 <\/td>\n<\/tr>\n<\/tbody>\n<\/table>\n","protected":false},"excerpt":{"rendered":"<p>Karabiner mit automatischem Sicherungsring mit Bremsreferenz f\u00fcr STOP- und SIMPLE-Abseilger\u00e4te FREINO Z ist ein Karabiner mit automatischem Sicherungsring mit Bremsreferenz,<\/p>\n","protected":false},"featured_media":94232,"template":"","meta":{"_seopress_robots_primary_cat":"","_seopress_titles_title":"","_seopress_titles_desc":"","_seopress_robots_index":""},"product_brand":[3666],"product_cat":[150,1409],"product_tag":[],"class_list":{"0":"post-471918","1":"product","2":"type-product","3":"status-publish","4":"has-post-thumbnail","6":"product_brand-petzl-de","7":"product_cat-ausrustung","8":"product_cat-freizeitausrustung","10":"first","11":"instock","12":"shipping-taxable","13":"purchasable","14":"product-type-variable"},"_links":{"self":[{"href":"https:\/\/lucacastelli.com\/de\/wp-json\/wp\/v2\/product\/471918","targetHints":{"allow":["GET"]}}],"collection":[{"href":"https:\/\/lucacastelli.com\/de\/wp-json\/wp\/v2\/product"}],"about":[{"href":"https:\/\/lucacastelli.com\/de\/wp-json\/wp\/v2\/types\/product"}],"wp:featuredmedia":[{"embeddable":true,"href":"https:\/\/lucacastelli.com\/de\/wp-json\/wp\/v2\/media\/94232"}],"wp:attachment":[{"href":"https:\/\/lucacastelli.com\/de\/wp-json\/wp\/v2\/media?parent=471918"}],"wp:term":[{"taxonomy":"product_brand","embeddable":true,"href":"https:\/\/lucacastelli.com\/de\/wp-json\/wp\/v2\/product_brand?post=471918"},{"taxonomy":"product_cat","embeddable":true,"href":"https:\/\/lucacastelli.com\/de\/wp-json\/wp\/v2\/product_cat?post=471918"},{"taxonomy":"product_tag","embeddable":true,"href":"https:\/\/lucacastelli.com\/de\/wp-json\/wp\/v2\/product_tag?post=471918"}],"curies":[{"name":"wp","href":"https:\/\/api.w.org\/{rel}","templated":true}]}}