{"id":471917,"date":"2023-04-27T10:02:52","date_gmt":"2023-04-27T08:02:52","guid":{"rendered":"https:\/\/lucacastelli.com\/prodotto\/petzl-gepaecktraeger\/"},"modified":"2023-04-27T10:02:52","modified_gmt":"2023-04-27T08:02:52","slug":"petzl-gepaecktraeger","status":"publish","type":"product","link":"https:\/\/lucacastelli.com\/de\/produkt\/petzl-gepaecktraeger\/","title":{"rendered":"PETZL GEP\u00c4CKTR\u00c4GER"},"content":{"rendered":"<p>Stangenabseilger\u00e4t, geeignet f\u00fcr lange Abfahrten<\/p>\n<p>RACK ist ein einfach zu bedienendes Abseilger\u00e4t f\u00fcr die H\u00f6hlenforschung. Es wird mit halbstatischen Seilen mit einem Durchmesser von 9 bis 13 mm (an einem Ende) oder von 8 bis 11 mm Durchmesser (an zwei Str\u00e4ngen) verwendet, um die Realisierung langer Abfahrten von \u00fcber 80 Metern zu erleichtern. Die Stangen sind austauschbar, um die Nutzungsdauer im Laufe der Zeit zu verl\u00e4ngern.  <\/p>\n<p>Beschreibung<br \/>\nBenutzerfreundlichkeit:<br \/>\n &#8211; gro\u00dfe Benutzerfreundlichkeit. Die Stangen k\u00f6nnen je nach gew\u00fcnschter Haltekraft jederzeit einfach am Seil montiert werden &#8211;<br \/>\n kompatibel mit halbstatischen Seilen mit einem Durchmesser von 9 bis 13 mm.<br \/>\nGeeignet f\u00fcr lange Abfahrten (\u00fcber 80 Meter):<br \/>\n&#8211; Es kann an beiden Enden mit halbstatischen Seilen mit einem Durchmesser von 8 bis 11 mm verwendet werden,<br \/>\n&#8211; Hervorragende Verteilung von Reibung und W\u00e4rme, um das Seil zu erhalten,<br \/>\n&#8211; Es verdreht die Seile nicht.<br \/>\nOptimierte Ger\u00e4telebensdauer durch Austausch der St\u00e4be (D11300, D11250 und D11200).<br \/>\nSpezifikationen<br \/>\nMaterialien: Struktur aus rostfreiem Stahl, Aluminiumstangen.<br \/>\nGewicht: 470 g<br \/>\nSeilkompatibilit\u00e4t: 9 bis 13 mm halbstatisches Seil auf einem Strang, 8 bis 11 mm auf zwei Litzen<\/p>\n<table>\n<tbody>\n<tr>\n<th class=\"rowTitle\">Referenzen<\/th>\n<th>Frage 11<\/th>\n<\/tr>\n<tr>\n<td class=\"rowTitle\">Garantie<\/td>\n<td>3 Jahre<\/td>\n<\/tr>\n<tr>\n<td class=\"rowTitle\">Verpackung<\/td>\n<td>1 <\/td>\n<\/tr>\n<\/tbody>\n<\/table>\n","protected":false},"excerpt":{"rendered":"<p>Stangenabseilger\u00e4t, geeignet f\u00fcr lange Abfahrten RACK ist ein einfach zu bedienendes Abseilger\u00e4t f\u00fcr die H\u00f6hlenforschung. Es wird mit halbstatischen Seilen<\/p>\n","protected":false},"featured_media":94222,"template":"","meta":{"_seopress_robots_primary_cat":"","_seopress_titles_title":"","_seopress_titles_desc":"","_seopress_robots_index":""},"product_brand":[3666],"product_cat":[1410,150,1409],"product_tag":[],"class_list":{"0":"post-471917","1":"product","2":"type-product","3":"status-publish","4":"has-post-thumbnail","6":"product_brand-petzl-de","7":"product_cat-auffanggurte-und-sicherheitsausrustung-de","8":"product_cat-ausrustung","9":"product_cat-freizeitausrustung","11":"first","12":"onbackorder","13":"shipping-taxable","14":"purchasable","15":"product-type-simple"},"_links":{"self":[{"href":"https:\/\/lucacastelli.com\/de\/wp-json\/wp\/v2\/product\/471917","targetHints":{"allow":["GET"]}}],"collection":[{"href":"https:\/\/lucacastelli.com\/de\/wp-json\/wp\/v2\/product"}],"about":[{"href":"https:\/\/lucacastelli.com\/de\/wp-json\/wp\/v2\/types\/product"}],"wp:featuredmedia":[{"embeddable":true,"href":"https:\/\/lucacastelli.com\/de\/wp-json\/wp\/v2\/media\/94222"}],"wp:attachment":[{"href":"https:\/\/lucacastelli.com\/de\/wp-json\/wp\/v2\/media?parent=471917"}],"wp:term":[{"taxonomy":"product_brand","embeddable":true,"href":"https:\/\/lucacastelli.com\/de\/wp-json\/wp\/v2\/product_brand?post=471917"},{"taxonomy":"product_cat","embeddable":true,"href":"https:\/\/lucacastelli.com\/de\/wp-json\/wp\/v2\/product_cat?post=471917"},{"taxonomy":"product_tag","embeddable":true,"href":"https:\/\/lucacastelli.com\/de\/wp-json\/wp\/v2\/product_tag?post=471917"}],"curies":[{"name":"wp","href":"https:\/\/api.w.org\/{rel}","templated":true}]}}