{"id":471912,"date":"2023-04-27T11:26:56","date_gmt":"2023-04-27T09:26:56","guid":{"rendered":"https:\/\/lucacastelli.com\/prodotto\/petzl-umlenkrolle-fuer-simple\/"},"modified":"2023-04-27T11:26:56","modified_gmt":"2023-04-27T09:26:56","slug":"petzl-umlenkrolle-fuer-simple","status":"publish","type":"product","link":"https:\/\/lucacastelli.com\/de\/produkt\/petzl-umlenkrolle-fuer-simple\/","title":{"rendered":"PETZL Umlenkrolle f\u00fcr SIMPLE"},"content":{"rendered":"<p>Spel\u00e4ologische Abseilrolle SIMPLE<\/p>\n<p>Mit der Ersatzumlenkrolle k\u00f6nnen Sie die Lebensdauer Ihrer SIMPLE-Abseilger\u00e4te verl\u00e4ngern. Es ist kompatibel mit der oberen und unteren Umlenkrolle des Abseilger\u00e4ts mit dem SIMPLE-Code D004AA00 und nur mit der unteren Umlenkrolle des Abseilger\u00e4ts mit dem SIMPLE-Code D04. <\/p>\n<p>Beschreibung<br \/>\nErm\u00f6glicht die Verl\u00e4ngerung der Lebensdauer der SIMPLE-Abseilger\u00e4te:<br \/>\n&#8211; obere oder untere Umlenkrolle des SIMPLE-Abseilger\u00e4ts (D004AA00),<br \/>\n&#8211; untere Umlenkrolle des SIMPLE-Abseilger\u00e4ts (D04).<br \/>\nSpezifikationen<br \/>\nGewicht: 52 g<\/p>\n<table>\n<tbody>\n<tr>\n<th class=\"rowTitle\">Referenzen<\/th>\n<th>D004CA00<\/th>\n<\/tr>\n<tr>\n<td class=\"rowTitle\">Garantie<\/td>\n<td>3 Jahre<\/td>\n<\/tr>\n<tr>\n<td class=\"rowTitle\">Verpackung<\/td>\n<td>1 <\/td>\n<\/tr>\n<\/tbody>\n<\/table>\n","protected":false},"excerpt":{"rendered":"<p>Spel\u00e4ologische Abseilrolle SIMPLE Mit der Ersatzumlenkrolle k\u00f6nnen Sie die Lebensdauer Ihrer SIMPLE-Abseilger\u00e4te verl\u00e4ngern. Es ist kompatibel mit der oberen und<\/p>\n","protected":false},"featured_media":94227,"template":"","meta":{"_seopress_robots_primary_cat":"","_seopress_titles_title":"","_seopress_titles_desc":"","_seopress_robots_index":""},"product_brand":[3446],"product_cat":[33,211,818],"product_tag":[],"class_list":{"0":"post-471912","1":"product","2":"type-product","3":"status-publish","4":"has-post-thumbnail","6":"product_brand-petzl","7":"product_cat-attrezzature","8":"product_cat-attrezzatura-per-il-tempo-libero","9":"product_cat-imbraghi-e-materiale-di-sicurezza-attrezzatura-per-il-tempo-libero","11":"first","12":"onbackorder","13":"shipping-taxable","14":"purchasable","15":"product-type-simple"},"_links":{"self":[{"href":"https:\/\/lucacastelli.com\/de\/wp-json\/wp\/v2\/product\/471912","targetHints":{"allow":["GET"]}}],"collection":[{"href":"https:\/\/lucacastelli.com\/de\/wp-json\/wp\/v2\/product"}],"about":[{"href":"https:\/\/lucacastelli.com\/de\/wp-json\/wp\/v2\/types\/product"}],"wp:featuredmedia":[{"embeddable":true,"href":"https:\/\/lucacastelli.com\/de\/wp-json\/wp\/v2\/media\/94227"}],"wp:attachment":[{"href":"https:\/\/lucacastelli.com\/de\/wp-json\/wp\/v2\/media?parent=471912"}],"wp:term":[{"taxonomy":"product_brand","embeddable":true,"href":"https:\/\/lucacastelli.com\/de\/wp-json\/wp\/v2\/product_brand?post=471912"},{"taxonomy":"product_cat","embeddable":true,"href":"https:\/\/lucacastelli.com\/de\/wp-json\/wp\/v2\/product_cat?post=471912"},{"taxonomy":"product_tag","embeddable":true,"href":"https:\/\/lucacastelli.com\/de\/wp-json\/wp\/v2\/product_tag?post=471912"}],"curies":[{"name":"wp","href":"https:\/\/api.w.org\/{rel}","templated":true}]}}