{"id":471911,"date":"2023-04-27T09:48:34","date_gmt":"2023-04-27T07:48:34","guid":{"rendered":"https:\/\/lucacastelli.com\/prodotto\/petzl-einfach\/"},"modified":"2023-04-27T09:48:34","modified_gmt":"2023-04-27T07:48:34","slug":"petzl-einfach","status":"publish","type":"product","link":"https:\/\/lucacastelli.com\/de\/produkt\/petzl-einfach\/","title":{"rendered":"PETZL EINFACH"},"content":{"rendered":"<p>Einfacher und leichter Abseilger\u00e4t f\u00fcr H\u00f6hlen<\/p>\n<p>SIMPLE ist, wie der Name schon sagt, ein einfach zu bedienendes Abseilger\u00e4t. Es wird mit halbstatischen Seilen mit einem Durchmesser von 8,5 bis 11 mm verwendet. Mit einem geringen Gewicht und Platzbedarf macht es es einfach, in engen Passagen voranzukommen. Die Riemenscheiben k\u00f6nnen eingeklappt oder ausgetauscht werden, um die Lebensdauer im Laufe der Zeit zu verl\u00e4ngern.   <\/p>\n<p>Beschreibung<br \/>\nBenutzerfreundlichkeit:<br \/>\n &#8211; gro\u00dfe Benutzerfreundlichkeit. Die Abseilgeschwindigkeit kann eingestellt werden, indem das freie Ende des Seils mehr oder weniger festgezogen wird,<br \/>\n&#8211; das Installationsdiagramm des Seils ist auf dem Abseilger\u00e4t eingraviert,<br \/>\n&#8211; der \u00d6ffnungsklick auf dem \u00d6ffnungsflansch, mit dem das Seil leicht eingef\u00fchrt werden kann, wodurch das Ger\u00e4t mit dem Gurt verbunden bleibt und die \u00dcberwindung von Rissen erleichtert wird,<br \/>\n&#8211; langes Verbindungsloch, das das Umklappen des FREINO Z-Karabiners erm\u00f6glicht und das Abseilger\u00e4t beim Transfer von der Ger\u00e4tehalterung zum Befestigungspunkt unverlierbar macht.<br \/>\n&#8211; Kompatibel mit semistatischen Saiten mit einem Durchmesser von 8,5 bis 11 mm.<br \/>\nLeichtigkeit und geringer Platzbedarf:<br \/>\n&#8211; nur 240 g,<br \/>\n&#8211; bestehend aus zwei Aluminiumrollen, um die Leichtigkeit zu beg\u00fcnstigen,<br \/>\n&#8211; n\u00fcchternes Design, um das Risiko des Verklemmens in engen Passagen zu verringern.<br \/>\nOptimierte Lebensdauer des Ger\u00e4ts durch Drehen oder Austauschen von Riemenscheiben (D004CA00).<br \/>\nSpezifisch<br \/>\nMaterialien: Aluminium<br \/>\nGewicht: 240 g<br \/>\nSeilkompatibilit\u00e4t: 8,5 bis 11 mm halbstatisches Seil<\/p>\n<table>\n<tbody>\n<tr>\n<th class=\"rowTitle\">Referenzen<\/th>\n<th>D004AA00<\/th>\n<\/tr>\n<tr>\n<td class=\"rowTitle\">Farbe(n)<\/td>\n<td>Rot <\/td>\n<\/tr>\n<tr>\n<td class=\"rowTitle\">Garantie<\/td>\n<td>3 Jahre<\/td>\n<\/tr>\n<tr>\n<td class=\"rowTitle\">Verpackung<\/td>\n<td>1 <\/td>\n<\/tr>\n<\/tbody>\n<\/table>\n","protected":false},"excerpt":{"rendered":"<p>Einfacher und leichter Abseilger\u00e4t f\u00fcr H\u00f6hlen SIMPLE ist, wie der Name schon sagt, ein einfach zu bedienendes Abseilger\u00e4t. Es wird<\/p>\n","protected":false},"featured_media":94217,"template":"","meta":{"_seopress_robots_primary_cat":"","_seopress_titles_title":"","_seopress_titles_desc":"","_seopress_robots_index":""},"product_brand":[3446],"product_cat":[33,211,818],"product_tag":[],"class_list":{"0":"post-471911","1":"product","2":"type-product","3":"status-publish","4":"has-post-thumbnail","6":"product_brand-petzl","7":"product_cat-attrezzature","8":"product_cat-attrezzatura-per-il-tempo-libero","9":"product_cat-imbraghi-e-materiale-di-sicurezza-attrezzatura-per-il-tempo-libero","11":"first","12":"onbackorder","13":"shipping-taxable","14":"purchasable","15":"product-type-simple"},"_links":{"self":[{"href":"https:\/\/lucacastelli.com\/de\/wp-json\/wp\/v2\/product\/471911","targetHints":{"allow":["GET"]}}],"collection":[{"href":"https:\/\/lucacastelli.com\/de\/wp-json\/wp\/v2\/product"}],"about":[{"href":"https:\/\/lucacastelli.com\/de\/wp-json\/wp\/v2\/types\/product"}],"wp:featuredmedia":[{"embeddable":true,"href":"https:\/\/lucacastelli.com\/de\/wp-json\/wp\/v2\/media\/94217"}],"wp:attachment":[{"href":"https:\/\/lucacastelli.com\/de\/wp-json\/wp\/v2\/media?parent=471911"}],"wp:term":[{"taxonomy":"product_brand","embeddable":true,"href":"https:\/\/lucacastelli.com\/de\/wp-json\/wp\/v2\/product_brand?post=471911"},{"taxonomy":"product_cat","embeddable":true,"href":"https:\/\/lucacastelli.com\/de\/wp-json\/wp\/v2\/product_cat?post=471911"},{"taxonomy":"product_tag","embeddable":true,"href":"https:\/\/lucacastelli.com\/de\/wp-json\/wp\/v2\/product_tag?post=471911"}],"curies":[{"name":"wp","href":"https:\/\/api.w.org\/{rel}","templated":true}]}}