{"id":471898,"date":"2023-04-27T09:32:33","date_gmt":"2023-04-27T07:32:33","guid":{"rendered":"https:\/\/lucacastelli.com\/prodotto\/petzl-in-richtung\/"},"modified":"2023-04-27T09:32:33","modified_gmt":"2023-04-27T07:32:33","slug":"petzl-in-richtung","status":"publish","type":"product","link":"https:\/\/lucacastelli.com\/de\/produkt\/petzl-in-richtung\/","title":{"rendered":"PETZL IN RICHTUNG"},"content":{"rendered":"<p>Kompaktes und leichtes Sicherungsger\u00e4t f\u00fcr den Einsatz mit einem oder zwei Seilstr\u00e4ngen und zum Abseilen<\/p>\n<p>Das leichteste Ger\u00e4t der Petzl-Reihe! VERSO ist ein einfach zu bedienendes Sicherungsger\u00e4t. Dank ihm ist es m\u00f6glich, einen Kletterer zu sichern oder abzuseilen. Das spezielle Design macht es einfach, dass das Seil durch das Ger\u00e4t gleitet und es vor Verschlei\u00df sch\u00fctzt. Es ist f\u00fcr die meisten Seildurchmesser geeignet: einfach 8,5 bis 10,5 mm, halb 7,1 bis 9,2 mm und doppelt 6,9 bis 9,2 mm.    <\/p>\n<p>Beschreibung<br \/>\nGeeignet f\u00fcr alle Seildurchmesser<br \/>\n: &#8211; Kompatibel mit dynamischen Einfachseilen mit Durchmessern zwischen 8,5 und 11 mm.<br \/>\n&#8211; Kompatibel mit dynamischen Halbsaiten mit einem Durchmesser von 7,1 bis 9,2 mm.<br \/>\n&#8211; Kompatibel mit dynamischen Zwillingsseilen mit Durchmessern zwischen 6,9 und 9,2 mm.<br \/>\nBenutzerfreundlichkeit:<br \/>\n&#8211; g\u00e4ngige Technik, die auf der Begleitung des Seils im Ger\u00e4t und dem st\u00e4ndigen Halten einer Hand am Seil auf der Bremsseite basiert,<br \/>\n&#8211; Kontrolle der Bremswirkung dank der gerillten V-f\u00f6rmigen Bremsrillen,<br \/>\n&#8211; Fluidit\u00e4t des Gleitens des Seils im Ger\u00e4t,<br \/>\n&#8211; erm\u00f6glicht das Sichern und Abseilen eines Kletterers,<br \/>\n&#8211; Installationszeichnungen auf dem Sicherungsger\u00e4t eingraviert (zum Sichern und Abseilen).<br \/>\nLeichtigkeit und Festigkeit:<br \/>\n&#8211; kompakt und ultraleicht: nur 55 g.<br \/>\n&#8211; L\u00e4ngere Lebensdauer dank des abgerundeten Designs der T\u00fclle, das den Verschlei\u00df des Ger\u00e4ts reduziert.<br \/>\nSpezifisch<br \/>\nGewicht: 55 g<br \/>\nSeilkompatibilit\u00e4t: Einfachseil 8,5 bis 11 mm, Halbseil 7,1 bis 9,2 mm und Zwillingsseil 6,9 bis 9,2 mm<br \/>\nMaterialien: Aluminiumgeh\u00e4use<br \/>\nZertifizierung(en): EN 15151-2, UIAA<\/p>\n<table>\n<tbody>\n<tr>\n<th class=\"rowTitle\">Referenzen<\/th>\n<th>\n D019AA00<\/th>\n<th>D019AA01<\/th>\n<\/tr>\n<tr>\n<td class=\"rowTitle\">Farbe(n)<\/td>\n<td>Grau <\/td>\n<td>Gr\u00fcn <\/td>\n<\/tr>\n<tr>\n<td class=\"rowTitle\">Garantie<\/td>\n<td>3 Jahre<\/td>\n<td>3 Jahre<\/td>\n<\/tr>\n<tr>\n<td class=\"rowTitle\">Verpackung<\/td>\n<td> <\/td>\n<p> 1<\/p>\n<td>1 <\/td>\n<\/tr>\n<\/tbody>\n<\/table>\n","protected":false},"excerpt":{"rendered":"<p>Kompaktes und leichtes Sicherungsger\u00e4t f\u00fcr den Einsatz mit einem oder zwei Seilstr\u00e4ngen und zum Abseilen Das leichteste Ger\u00e4t der Petzl-Reihe!<\/p>\n","protected":false},"featured_media":94188,"template":"","meta":{"_seopress_robots_primary_cat":"","_seopress_titles_title":"","_seopress_titles_desc":"","_seopress_robots_index":""},"product_brand":[3666],"product_cat":[1410,150,1409],"product_tag":[],"class_list":{"0":"post-471898","1":"product","2":"type-product","3":"status-publish","4":"has-post-thumbnail","6":"product_brand-petzl-de","7":"product_cat-auffanggurte-und-sicherheitsausrustung-de","8":"product_cat-ausrustung","9":"product_cat-freizeitausrustung","11":"first","12":"onbackorder","13":"shipping-taxable","14":"purchasable","15":"product-type-variable"},"_links":{"self":[{"href":"https:\/\/lucacastelli.com\/de\/wp-json\/wp\/v2\/product\/471898","targetHints":{"allow":["GET"]}}],"collection":[{"href":"https:\/\/lucacastelli.com\/de\/wp-json\/wp\/v2\/product"}],"about":[{"href":"https:\/\/lucacastelli.com\/de\/wp-json\/wp\/v2\/types\/product"}],"wp:featuredmedia":[{"embeddable":true,"href":"https:\/\/lucacastelli.com\/de\/wp-json\/wp\/v2\/media\/94188"}],"wp:attachment":[{"href":"https:\/\/lucacastelli.com\/de\/wp-json\/wp\/v2\/media?parent=471898"}],"wp:term":[{"taxonomy":"product_brand","embeddable":true,"href":"https:\/\/lucacastelli.com\/de\/wp-json\/wp\/v2\/product_brand?post=471898"},{"taxonomy":"product_cat","embeddable":true,"href":"https:\/\/lucacastelli.com\/de\/wp-json\/wp\/v2\/product_cat?post=471898"},{"taxonomy":"product_tag","embeddable":true,"href":"https:\/\/lucacastelli.com\/de\/wp-json\/wp\/v2\/product_tag?post=471898"}],"curies":[{"name":"wp","href":"https:\/\/api.w.org\/{rel}","templated":true}]}}