{"id":471897,"date":"2023-04-27T09:48:05","date_gmt":"2023-04-27T07:48:05","guid":{"rendered":"https:\/\/lucacastelli.com\/prodotto\/petzl-stopp\/"},"modified":"2023-04-27T09:48:05","modified_gmt":"2023-04-27T07:48:05","slug":"petzl-stopp","status":"publish","type":"product","link":"https:\/\/lucacastelli.com\/de\/produkt\/petzl-stopp\/","title":{"rendered":"PETZL STOPP"},"content":{"rendered":"<p>Abseilger\u00e4te f\u00fcr die H\u00f6hle mit Bremsunterst\u00fctzung<\/p>\n<p>Die Abfahrt mit Bremsunterst\u00fctzung f\u00fcr Ihre Felserkundungen! STOP ist ein Abseilger\u00e4t mit Bremsunterst\u00fctzung, das f\u00fcr halbstatische Seile mit einem Durchmesser von 8,5 bis 11 mm verwendet wird. Es erm\u00f6glicht eine bessere Kontrolle des Abstiegs und erleichtert Seilman\u00f6ver. Griff und Handhabung sind dank des ergonomischen Griffs besonders komfortabel. Entworfen aus Edelstahl an den Scheuerzonen, folgt es Ihnen solide auf all Ihren Ausfl\u00fcgen!    <\/p>\n<p>Beschreibung<br \/>\nKontrolle des Abseilens:<br \/>\n&#8211; unterst\u00fctztes Bremssystem, das eine bessere Kontrolle des Abseilens erm\u00f6glicht,<br \/>\n&#8211; Man\u00f6ver an Seilen, die den Durchgang von Sicherungen erleichtern,<br \/>\n&#8211; kompatibel mit halbstatischen Seilen mit einem Durchmesser von 8,5 bis 11 mm.<br \/>\nKomfort der Nutzung:<br \/>\n&#8211; bequemer Griff und einfaches L\u00f6sen des Seils dank des ergonomischen Griffs<br \/>\n&#8211; auf den Benutzer ausgerichteter Griff f\u00fcr eine bessere Kontrolle des Gleitens des Seils,<br \/>\n&#8211; Reduzierung des Griffs f\u00fcr bequemen Abstieg,<br \/>\n&#8211; Seilinstallationsdiagramm auf dem Abseilger\u00e4t eingraviert,<br \/>\n&#8211; \u00d6ffnungsklick auf dem \u00d6ffnungsflansch, mit dem das Seil leicht eingef\u00fchrt werden kann, wodurch das Ger\u00e4t mit dem Gurt verbunden bleibt,<br \/>\n&#8211; langes Verbindungsloch, das das Umklappen des FREINO Z-Karabiners erm\u00f6glicht und das Abseilger\u00e4t beim Transfer von der Ger\u00e4tehalterung zum Befestigungspunkt unverlierbar macht.<br \/>\nHervorragende Widerstandsf\u00e4higkeit dank der Riemenscheibe und des Nockens aus Edelstahl.<br \/>\nSpezifisch<br \/>\nMaterialien: Aluminiumflansche, Riemenscheibe und Nocken aus Edelstahl<br \/>\nGewicht: 350 g<br \/>\nSeilkompatibilit\u00e4t: 8,5 bis 11 mm halbstatisches Seil<br \/>\nZertifizierung(en): CE EN 15151-1, UKCA<\/p>\n<table>\n<tbody>\n<tr>\n<th class=\"rowTitle\">Referenzen<\/th>\n<th>D009AA00<\/th>\n<\/tr>\n<tr>\n<td class=\"rowTitle\">Farbe(n)<\/td>\n<td>Blau <\/td>\n<\/tr>\n<tr>\n<td class=\"rowTitle\">Garantie<\/td>\n<td>3 Jahre<\/td>\n<\/tr>\n<tr>\n<td class=\"rowTitle\">Verpackung<\/td>\n<td>1 <\/td>\n<\/tr>\n<\/tbody>\n<\/table>\n","protected":false},"excerpt":{"rendered":"<p>Abseilger\u00e4te f\u00fcr die H\u00f6hle mit Bremsunterst\u00fctzung Die Abfahrt mit Bremsunterst\u00fctzung f\u00fcr Ihre Felserkundungen! STOP ist ein Abseilger\u00e4t mit Bremsunterst\u00fctzung, das<\/p>\n","protected":false},"featured_media":94212,"template":"","meta":{"_seopress_robots_primary_cat":"","_seopress_titles_title":"","_seopress_titles_desc":"","_seopress_robots_index":""},"product_brand":[3666],"product_cat":[1410,150,1409],"product_tag":[],"class_list":{"0":"post-471897","1":"product","2":"type-product","3":"status-publish","4":"has-post-thumbnail","6":"product_brand-petzl-de","7":"product_cat-auffanggurte-und-sicherheitsausrustung-de","8":"product_cat-ausrustung","9":"product_cat-freizeitausrustung","11":"first","12":"onbackorder","13":"shipping-taxable","14":"purchasable","15":"product-type-simple"},"_links":{"self":[{"href":"https:\/\/lucacastelli.com\/de\/wp-json\/wp\/v2\/product\/471897","targetHints":{"allow":["GET"]}}],"collection":[{"href":"https:\/\/lucacastelli.com\/de\/wp-json\/wp\/v2\/product"}],"about":[{"href":"https:\/\/lucacastelli.com\/de\/wp-json\/wp\/v2\/types\/product"}],"wp:featuredmedia":[{"embeddable":true,"href":"https:\/\/lucacastelli.com\/de\/wp-json\/wp\/v2\/media\/94212"}],"wp:attachment":[{"href":"https:\/\/lucacastelli.com\/de\/wp-json\/wp\/v2\/media?parent=471897"}],"wp:term":[{"taxonomy":"product_brand","embeddable":true,"href":"https:\/\/lucacastelli.com\/de\/wp-json\/wp\/v2\/product_brand?post=471897"},{"taxonomy":"product_cat","embeddable":true,"href":"https:\/\/lucacastelli.com\/de\/wp-json\/wp\/v2\/product_cat?post=471897"},{"taxonomy":"product_tag","embeddable":true,"href":"https:\/\/lucacastelli.com\/de\/wp-json\/wp\/v2\/product_tag?post=471897"}],"curies":[{"name":"wp","href":"https:\/\/api.w.org\/{rel}","templated":true}]}}