{"id":471886,"date":"2023-04-27T09:35:49","date_gmt":"2023-04-27T07:35:49","guid":{"rendered":"https:\/\/lucacastelli.com\/prodotto\/petzl-huit-antibrulure\/"},"modified":"2023-04-27T09:35:49","modified_gmt":"2023-04-27T07:35:49","slug":"petzl-huit-antibrulure","status":"publish","type":"product","link":"https:\/\/lucacastelli.com\/de\/produkt\/petzl-huit-antibrulure\/","title":{"rendered":"PETZL HUIT ANTIBRULURE"},"content":{"rendered":"<p>Achter-Abseilger\u00e4t mit Verbr\u00fchungsschutz<\/p>\n<p>Die eloxierte Version des HUIT mit Verbr\u00fchungsschutz, um das beheizte Ger\u00e4t bei einem langen oder schnellen Abstieg ohne Risiko zu greifen.<\/p>\n<p>Beschreibung<br \/>\nQuadratische Form, um das Abknicken der Seile und die Bildung von Open-Air-Knoten zu reduzieren.<br \/>\nHochfestes geschmiedetes Aluminium.<br \/>\nKleines Loch, das im Notfall mit einem d\u00fcnnen Seil oder als Sicherungsplatte verwendet werden kann.<br \/>\nSpezifikationen<br \/>\nMaterialien: Aluminium<br \/>\nGewicht: 110 g<br \/>\nKompatibilit\u00e4t des Seils: Es wird f\u00fcr Seile mit einem Durchmesser von 8 bis 13 mm verwendet<\/p>\n<table>\n<tbody>\n<tr>\n<th class=\"rowTitle\">Referenzen<\/th>\n<th>Nr. D01<\/th>\n<\/tr>\n<tr>\n<td class=\"rowTitle\">Garantie<\/td>\n<td>3 Jahre<\/td>\n<\/tr>\n<tr>\n<td class=\"rowTitle\">Verpackung<\/td>\n<td>1 <\/td>\n<\/tr>\n<\/tbody>\n<\/table>\n","protected":false},"excerpt":{"rendered":"<p>Achter-Abseilger\u00e4t mit Verbr\u00fchungsschutz Die eloxierte Version des HUIT mit Verbr\u00fchungsschutz, um das beheizte Ger\u00e4t bei einem langen oder schnellen Abstieg<\/p>\n","protected":false},"featured_media":94207,"template":"","meta":{"_seopress_robots_primary_cat":"","_seopress_titles_title":"","_seopress_titles_desc":"","_seopress_robots_index":""},"product_brand":[3666],"product_cat":[1410,150,1409],"product_tag":[],"class_list":{"0":"post-471886","1":"product","2":"type-product","3":"status-publish","4":"has-post-thumbnail","6":"product_brand-petzl-de","7":"product_cat-auffanggurte-und-sicherheitsausrustung-de","8":"product_cat-ausrustung","9":"product_cat-freizeitausrustung","11":"first","12":"onbackorder","13":"shipping-taxable","14":"purchasable","15":"product-type-simple"},"_links":{"self":[{"href":"https:\/\/lucacastelli.com\/de\/wp-json\/wp\/v2\/product\/471886","targetHints":{"allow":["GET"]}}],"collection":[{"href":"https:\/\/lucacastelli.com\/de\/wp-json\/wp\/v2\/product"}],"about":[{"href":"https:\/\/lucacastelli.com\/de\/wp-json\/wp\/v2\/types\/product"}],"wp:featuredmedia":[{"embeddable":true,"href":"https:\/\/lucacastelli.com\/de\/wp-json\/wp\/v2\/media\/94207"}],"wp:attachment":[{"href":"https:\/\/lucacastelli.com\/de\/wp-json\/wp\/v2\/media?parent=471886"}],"wp:term":[{"taxonomy":"product_brand","embeddable":true,"href":"https:\/\/lucacastelli.com\/de\/wp-json\/wp\/v2\/product_brand?post=471886"},{"taxonomy":"product_cat","embeddable":true,"href":"https:\/\/lucacastelli.com\/de\/wp-json\/wp\/v2\/product_cat?post=471886"},{"taxonomy":"product_tag","embeddable":true,"href":"https:\/\/lucacastelli.com\/de\/wp-json\/wp\/v2\/product_tag?post=471886"}],"curies":[{"name":"wp","href":"https:\/\/api.w.org\/{rel}","templated":true}]}}