{"id":471878,"date":"2023-04-27T09:16:16","date_gmt":"2023-04-27T07:16:16","guid":{"rendered":"https:\/\/lucacastelli.com\/prodotto\/petzl-grigri-2\/"},"modified":"2023-04-27T09:16:16","modified_gmt":"2023-04-27T07:16:16","slug":"petzl-grigri-2","status":"publish","type":"product","link":"https:\/\/lucacastelli.com\/de\/produkt\/petzl-grigri-2\/","title":{"rendered":"PETZL GRIGRI"},"content":{"rendered":"<p>Sicherungsger\u00e4t mit Nockenverriegelung<\/p>\n<p>Er braucht nicht vorgestellt zu werden. GRIGRI ist der Referenzversicherer. Egal, ob Sie in der Halle oder am Fels sind, dank der nockengest\u00fctzten Verriegelung ist das Sichern einfach. Er verf\u00fcgt \u00fcber einen ergonomischen Griff, der eine einfache Kontrolle f\u00fcr einen reibungslosen und bequemen Abstieg gew\u00e4hrleistet. Kompakt und leicht, kann es mit allen Einfachseilen mit einem Durchmesser zwischen 8,5 und 11 mm verwendet werden. Perfekt f\u00fcr Arbeitsrouten!    <\/p>\n<p>Beschreibung<br \/>\nSicherungsger\u00e4t mit Nockenunterst\u00fctzung f\u00fcr das \u00dcben am Fels und in der Halle:<br \/>\n&#8211; g\u00e4ngige Technik, die darauf basiert, das Seil im Ger\u00e4t zu begleiten und st\u00e4ndig eine Hand am Seil auf der Bremsseite zu halten,<br \/>\n&#8211; Komfort beim Sichern dank der nockenunterst\u00fctzten Verriegelung: Im Falle eines Sturzes oder einer Pause wird das Seil gespannt, der Nocken dreht sich und spannt das Seil, um es zu verriegeln,<br \/>\n&#8211; Nockenverriegelung, die eine hohe Toleranz der Hand auf der Bremsseite garantiert, unabh\u00e4ngig vom Winkel zwischen dem Seil des Kletterers und der Bremsseite,<br \/>\n &#8211; Installationszeichnung auf dem Seil, das auf dem Sicherungsger\u00e4t eingraviert ist (innen und au\u00dfen).<br \/>\nAu\u00dfergew\u00f6hnlicher Komfort beim Abstieg:<br \/>\n&#8211; bequemer Griff und einfaches L\u00f6sen des Seils dank des ergonomischen Griffs,<br \/>\n&#8211; sehr progressive Kontrolle des Seilgleitens, um einen reibungslosen und bequemen Abstieg zu gew\u00e4hrleisten,<br \/>\n&#8211; Reduzierung des Griffs um 3 f\u00fcr eine bessere Kontrolle des Seilgleitens bei kleinen Durchmessern und weniger Kraftaufwand am Griff bei gro\u00dfen Seildurchmessern.<br \/>\nF\u00fcr alle Benutzer bestimmt:<br \/>\n&#8211; einfache Handhabung, die das Sichern am oberen oder oberen Seil erm\u00f6glicht,<br \/>\n&#8211; optimiertes Verh\u00e4ltnis zwischen Leichtigkeit (175 g), Kompaktheit und Festigkeit,<br \/>\n&#8211; kompatibel mit allen dynamischen Einfachseilen von 8,5 bis 11 mm und optimiert f\u00fcr Seile mit einem Durchmesser zwischen 8,9 und 10,5 mm.<\/p>\n<p>Spezifikationen<br \/>\nGewicht: 175 g<br \/>\nSeilkompatibilit\u00e4t: 8,5 bis 11 mm<br \/>\nEinfachseil Materialien: Aluminiumflansche, Edelstahlbremse und Nockenhalterung, verst\u00e4rkter<br \/>\nNylongriff Zertifizierung(en): CE EN 15151-1, UIAA<\/p>\n<table>\n<tbody>\n<tr>\n<th class=\"rowTitle\">Referenzen<\/th>\n<th>\n D014BA00<\/th>\n<th>\n D014BA01<\/th>\n<th>D014BA02<\/th>\n<\/tr>\n<tr>\n<td class=\"rowTitle\">Farbe(n)<\/td>\n<td>Grau <\/td>\n<td>Rot\/Orange <\/td>\n<td>Blau <\/td>\n<\/tr>\n<tr>\n<td class=\"rowTitle\">Garantie<\/td>\n<td>3 Jahre<\/td>\n<td>3 Jahre<\/td>\n<td>3 Jahre<\/td>\n<\/tr>\n<tr>\n<td class=\"rowTitle\">Verpackung<\/td>\n<td> <\/td>\n<p> 1<\/p>\n<td> <\/td>\n<p> 1<\/p>\n<td>1 <\/td>\n<\/tr>\n<\/tbody>\n<\/table>\n","protected":false},"excerpt":{"rendered":"<p>Sicherungsger\u00e4t mit Nockenverriegelung Er braucht nicht vorgestellt zu werden. GRIGRI ist der Referenzversicherer. Egal, ob Sie in der Halle oder<\/p>\n","protected":false},"featured_media":94148,"template":"","meta":{"_seopress_robots_primary_cat":"","_seopress_titles_title":"","_seopress_titles_desc":"","_seopress_robots_index":""},"product_brand":[3446],"product_cat":[33,537,814,211,818],"product_tag":[],"class_list":{"0":"post-471878","1":"product","2":"type-product","3":"status-publish","4":"has-post-thumbnail","6":"product_brand-petzl","7":"product_cat-attrezzature","8":"product_cat-attrezzatura-da-lavoro","9":"product_cat-imbraghi-e-materiale-di-sicurezza","10":"product_cat-attrezzatura-per-il-tempo-libero","11":"product_cat-imbraghi-e-materiale-di-sicurezza-attrezzatura-per-il-tempo-libero","13":"first","14":"onbackorder","15":"shipping-taxable","16":"purchasable","17":"product-type-variable"},"_links":{"self":[{"href":"https:\/\/lucacastelli.com\/de\/wp-json\/wp\/v2\/product\/471878","targetHints":{"allow":["GET"]}}],"collection":[{"href":"https:\/\/lucacastelli.com\/de\/wp-json\/wp\/v2\/product"}],"about":[{"href":"https:\/\/lucacastelli.com\/de\/wp-json\/wp\/v2\/types\/product"}],"wp:featuredmedia":[{"embeddable":true,"href":"https:\/\/lucacastelli.com\/de\/wp-json\/wp\/v2\/media\/94148"}],"wp:attachment":[{"href":"https:\/\/lucacastelli.com\/de\/wp-json\/wp\/v2\/media?parent=471878"}],"wp:term":[{"taxonomy":"product_brand","embeddable":true,"href":"https:\/\/lucacastelli.com\/de\/wp-json\/wp\/v2\/product_brand?post=471878"},{"taxonomy":"product_cat","embeddable":true,"href":"https:\/\/lucacastelli.com\/de\/wp-json\/wp\/v2\/product_cat?post=471878"},{"taxonomy":"product_tag","embeddable":true,"href":"https:\/\/lucacastelli.com\/de\/wp-json\/wp\/v2\/product_tag?post=471878"}],"curies":[{"name":"wp","href":"https:\/\/api.w.org\/{rel}","templated":true}]}}