{"id":471865,"date":"2023-04-22T15:39:36","date_gmt":"2023-04-22T13:39:36","guid":{"rendered":"https:\/\/lucacastelli.com\/prodotto\/petzl-oxan\/"},"modified":"2026-03-10T23:54:11","modified_gmt":"2026-03-10T22:54:11","slug":"petzl-oxan","status":"publish","type":"product","link":"https:\/\/lucacastelli.com\/de\/produkt\/petzl-oxan\/","title":{"rendered":"PETZL OXAN"},"content":{"rendered":"<p>Hochfester ovaler Karabiner<\/p>\n<p>OXAN ist ein hochfester Stahlkarabiner, der f\u00fcr den Einsatz in rauen Umgebungen bestimmt ist. Die ovale und symmetrische Form erm\u00f6glicht eine optimale Positionierung des Karabiners beim Herstellen von Verankerungen oder beim Verbinden mit Metallkonstruktionen. Er ist in zwei Schlie\u00dfsystemen erh\u00e4ltlich: dem automatischen TRIACT-LOCK-System und dem manuellen SCREW-LOCK-System. OXAN TRIACT-LOCK ist in europ\u00e4ischer und internationaler Ausf\u00fchrung erh\u00e4ltlich. OXAN kann mit der CAPTIV-Stange kombiniert werden, um die Belastung des Karabiners auf der L\u00e4ngsachse zu erleichtern, sein Umkippen zu reduzieren und ihn in das Ger\u00e4t zu integrieren.    <\/p>\n<p>Beschreibung<\/p>\n<p>Detaillierte Beschreibung<br \/>\nKarabiner aus hochfestem Stahl f\u00fcr den Einsatz in rauen Umgebungen und besonders geeignet f\u00fcr die Herstellung von Ankern oder die Verbindung mit Metallkonstruktionen.<br \/>\nOvale und symmetrische Form, um den Karabiner optimal zu positionieren.<br \/>\nEr kann mit der CAPTIV-Stange kombiniert werden, um die Belastung des Karabiners auf der L\u00e4ngsachse zu erleichtern, ihn in das Ger\u00e4t zu integrieren und die Gefahr des Umkippens zu verringern.<br \/>\nErleichtert Man\u00f6ver:- flie\u00dfendes Innendesign,<br \/>\n um das Risiko stabiler N\u00e4hte zu verringern und die Drehung des Karabiners zu erleichtern,- Keylock-System,<br \/>\n um ein unbeabsichtigtes Einhaken des Karabiners zu verhindern.<br \/>\nH-Profil:<br \/>\n&#8211; garantiert ein optimales Verh\u00e4ltnis von Festigkeit zu Helligkeit,<br \/>\n&#8211; sch\u00fctzt die Markierungen vor Abrieb.<br \/>\nErh\u00e4ltlich in zwei Versionen des Verriegelungssystems:<br \/>\n &#8211; TRIACT-LOCK: automatische Verriegelung mit dreifacher \u00d6ffnung, &#8211; SCREW-LOCK: manuelle Schraubenverriegelung mit roter optischer Anzeige,<br \/>\n wenn der Karabiner nicht verriegelt ist.<br \/>\nErh\u00e4ltlich in europ\u00e4ischen und internationalen Versionen.<br \/>\nAuch in der schwarzen Version erh\u00e4ltlich.<\/p>\n<p>Spezifikationen<br \/>\nMaterialien: Stahl<\/p>\n<table>\n<tbody>\n<tr>\n<th class=\"rowTitle\">Referenzen<\/th>\n<th>M72A TL<\/th>\n<th>M72A SL<\/th>\n<th>M72A TLA<\/th>\n<th>M72A TLN<\/th>\n<th>M72A SLN<\/th>\n<\/tr>\n<tr>\n<td class=\"rowTitle\">Schlie\u00dfanlage<\/td>\n<td>TRIACT-LOCK  <\/td>\n<td>SCHRAUBVERSCHLUSS  <\/td>\n<td>TRIACT-LOCK  <\/td>\n<td>TRIACT-LOCK  <\/td>\n<td>SCHRAUBVERSCHLUSS  <\/td>\n<\/tr>\n<tr>\n<td class=\"rowTitle\">Zertifizierung(en)<\/td>\n<td>CE EN 362, NFPA<br \/>\n 2500 Technische Verwendung, EAC<br \/>\n, UKCA  <\/td>\n<td>CE EN 362, NFPA<br \/>\n 2500 Technische Verwendung, EAC<br \/>\n, UKCA  <\/td>\n<td>CE EN 362, ANSI<br \/>\n Z359.12, NFPA<br \/>\n 2500 Technische Verwendung, CSA<br \/>\n Z259.12, EAC<br \/>\n, UKCA  <\/td>\n<td>CE EN 362, ANSI<br \/>\n Z359.12, NFPA<br \/>\n 2500 Technische Verwendung, CSA<br \/>\n Z259.12, EAC<br \/>\n, UKCA  <\/td>\n<td>CE EN 362, NFPA<br \/>\n 2500 Technische Verwendung, EAC<br \/>\n, UKCA  <\/td>\n<\/tr>\n<tr>\n<td class=\"rowTitle\">Farbe(n)<\/td>\n<td>Gold  <\/td>\n<td>Gold  <\/td>\n<td>Gold  <\/td>\n<td>schwarz  <\/td>\n<td>schwarz  <\/td>\n<\/tr>\n<tr>\n<td class=\"rowTitle\">Widerstand der Hauptachse<\/td>\n<td>38 kN<\/td>\n<td>38 kN<\/td>\n<td>38 kN<\/td>\n<td>38 kN<\/td>\n<td>38 kN<\/td>\n<\/tr>\n<tr>\n<td class=\"rowTitle\">Widerstand der kleinen Achse<\/td>\n<td>16 kN<\/td>\n<td>16 kN<\/td>\n<td>16 kN<\/td>\n<td>16 kN<\/td>\n<td>16 kN<\/td>\n<\/tr>\n<tr>\n<td class=\"rowTitle\">Offener Hebelwiderstand<\/td>\n<td>15 kN<\/td>\n<td>15 kN<\/td>\n<td>15 kN<\/td>\n<td>15 kN<\/td>\n<td>15 kN<\/td>\n<\/tr>\n<tr>\n<td class=\"rowTitle\">\u00d6ffnung<\/td>\n<td>ca. 22 mm<\/td>\n<td>ca. 22 mm<\/td>\n<td>ca. 20 mm<\/td>\n<td>ca. 20 mm<\/td>\n<td>ca. 22 mm<\/td>\n<\/tr>\n<tr>\n<td class=\"rowTitle\">Gewicht<\/td>\n<td>ca. 195 Gramm<\/td>\n<td>ca. 185 Gramm<\/td>\n<td>ca. 230 Gramm<\/td>\n<td>ca. 230 Gramm<\/td>\n<td>ca. 185 Gramm<\/td>\n<\/tr>\n<tr>\n<td class=\"rowTitle\">Garantie<\/td>\n<td>3 Jahre<\/td>\n<td>3 Jahre<\/td>\n<td>3 Jahre<\/td>\n<td>3 Jahre<\/td>\n<td>3 Jahre<\/td>\n<\/tr>\n<tr>\n<td class=\"rowTitle\">Verpackung<\/td>\n<td>1  <\/td>\n<td>1  <\/td>\n<td>1  <\/td>\n<td>1  <\/td>\n<td>1  <\/td>\n<\/tr>\n<\/tbody>\n<\/table>\n","protected":false},"excerpt":{"rendered":"<p>Hochfester ovaler Karabiner OXAN ist ein hochfester Stahlkarabiner, der f\u00fcr den Einsatz in rauen Umgebungen bestimmt ist. Die ovale und<\/p>\n","protected":false},"featured_media":94051,"template":"","meta":{"_seopress_robots_primary_cat":"","_seopress_titles_title":"","_seopress_titles_desc":"","_seopress_robots_index":""},"product_brand":[3666],"product_cat":[1396,1410,1403,150,1409],"product_tag":[],"class_list":{"0":"post-471865","1":"product","2":"type-product","3":"status-publish","4":"has-post-thumbnail","6":"product_brand-petzl-de","7":"product_cat-arbeitsausrustung","8":"product_cat-auffanggurte-und-sicherheitsausrustung-de","9":"product_cat-auffanggurte-und-sicherheitsausrustung","10":"product_cat-ausrustung","11":"product_cat-freizeitausrustung","13":"first","14":"instock","15":"shipping-taxable","16":"purchasable","17":"product-type-variable"},"_links":{"self":[{"href":"https:\/\/lucacastelli.com\/de\/wp-json\/wp\/v2\/product\/471865","targetHints":{"allow":["GET"]}}],"collection":[{"href":"https:\/\/lucacastelli.com\/de\/wp-json\/wp\/v2\/product"}],"about":[{"href":"https:\/\/lucacastelli.com\/de\/wp-json\/wp\/v2\/types\/product"}],"wp:featuredmedia":[{"embeddable":true,"href":"https:\/\/lucacastelli.com\/de\/wp-json\/wp\/v2\/media\/94051"}],"wp:attachment":[{"href":"https:\/\/lucacastelli.com\/de\/wp-json\/wp\/v2\/media?parent=471865"}],"wp:term":[{"taxonomy":"product_brand","embeddable":true,"href":"https:\/\/lucacastelli.com\/de\/wp-json\/wp\/v2\/product_brand?post=471865"},{"taxonomy":"product_cat","embeddable":true,"href":"https:\/\/lucacastelli.com\/de\/wp-json\/wp\/v2\/product_cat?post=471865"},{"taxonomy":"product_tag","embeddable":true,"href":"https:\/\/lucacastelli.com\/de\/wp-json\/wp\/v2\/product_tag?post=471865"}],"curies":[{"name":"wp","href":"https:\/\/api.w.org\/{rel}","templated":true}]}}