{"id":471859,"date":"2023-04-27T08:59:22","date_gmt":"2023-04-27T06:59:22","guid":{"rendered":"https:\/\/lucacastelli.com\/prodotto\/petzl-grigri\/"},"modified":"2023-04-27T08:59:22","modified_gmt":"2023-04-27T06:59:22","slug":"petzl-grigri","status":"publish","type":"product","link":"https:\/\/lucacastelli.com\/de\/produkt\/petzl-grigri\/","title":{"rendered":"PETZL GRIGRI +"},"content":{"rendered":"<p>Sicherungsger\u00e4t mit Nockenverriegelung und Anti-Panik-Griff, besonders geeignet f\u00fcr Training und intensive Nutzung<\/p>\n<p>Die volle optionale Versicherung! Dank des Anti-Panik-Griffs eignet sich GRIGRI + besonders f\u00fcr das Training und ist ein Sicherungsger\u00e4t mit unterst\u00fctzter Verriegelung f\u00fcr das Klettern in der Halle und am Fels. Mit einer Wahltaste k\u00f6nnen Sie zwischen zwei Sicherungsmodi w\u00e4hlen: Top-Rope-Klettern oder Vorstiegsklettern. Verst\u00e4rkt f\u00fcr den intensiven Einsatz, kann es mit allen Einfachseilen mit einem Durchmesser zwischen 8,5 und 11 mm verwendet werden.   <\/p>\n<p>Beschreibung<br \/>\nSicherungsger\u00e4t mit Nockenunterst\u00fctzung f\u00fcr das \u00dcben am Fels und in der Halle:<br \/>\n&#8211; g\u00e4ngige Technik, die auf der Begleitung des Seils im Ger\u00e4t und dem dauerhaften Halten einer Hand am Seil auf der Bremsseite basiert,<br \/>\n&#8211; Komfort beim Sichern, dank der nockenunterst\u00fctzten Verriegelung: Im Falle eines Sturzes oder einer Pause des Kletterers wird das Seil gespannt, der Nocken dreht sich und spannt das Seil, um es zu verriegeln,<br \/>\n&#8211; Nockenverriegelung, die eine hohe Toleranz der Hand auf der Bremsseite garantiert, unabh\u00e4ngig vom Winkel zwischen dem Seil des Kletterers und der Bremsseite,<br \/>\n &#8211; Installationszeichnung auf dem Seil, das auf dem Sicherungsger\u00e4t eingraviert ist (innen und au\u00dfen).<br \/>\nAu\u00dfergew\u00f6hnlicher Komfort beim Abstieg:<br \/>\n&#8211; bequemer Griff und einfaches L\u00f6sen des Seils dank des ergonomischen Griffs,<br \/>\n&#8211; sehr progressive Kontrolle des Seilgleitens, um einen reibungslosen und bequemen Abstieg zu gew\u00e4hrleisten,<br \/>\n&#8211; Reduzierung des Griffs um 3 f\u00fcr eine bessere Kontrolle des Seilgleitens bei kleinen Durchmessern und weniger Kraftaufwand am Griff bei gro\u00dfen Seildurchmessern.<br \/>\nBesonders geeignet f\u00fcr Training und intensive Nutzung:<br \/>\n&#8211; Panikgriff: Wenn der Sichernde zu stark am Griff zieht, wird die Panikfunktion aktiviert,<br \/>\n&#8211; Wahl des Sicherungsmodus, Top-Rope-Klettern oder Klettern von vorne, dank der arretierbaren Auswahltaste: Der Top-Rope-Sicherungsmodus erleichtert das Einholen des Seils und sorgt f\u00fcr ein komfortableres Sichern,<br \/>\n&#8211; Kompatibel mit allen dynamischen Einzelsaiten von 8,5 bis 11 mm und optimiert f\u00fcr Seile mit einem Durchmesser von 8,9 bis 10,5 mm,<br \/>\n&#8211; Hervorragende Festigkeit, f\u00fcr den intensiven Gebrauch, dank der Verst\u00e4rkungsplatte aus Edelstahl.<br \/>\nSpezifisch<br \/>\nGewicht: 200 g<br \/>\nSeilkompatibilit\u00e4t: Einfachseil von 8,5 bis 11 mm<br \/>\nMaterialien: Aluminiumflansche, Bremsaufnahme, Nocken und Verst\u00e4rkungsplatte aus Edelstahl, verst\u00e4rkter Nylongriff<br \/>\nZertifizierung(en): CE EN 15151-1, UKCA, UIAA<\/p>\n<table>\n<tbody>\n<tr>\n<th class=\"rowTitle\">Referenzen<\/th>\n<th>D13A G<\/th>\n<th>D13A AG<\/th>\n<th>D13A VI<\/th>\n<\/tr>\n<tr>\n<td class=\"rowTitle\">Farbe(n)<\/td>\n<td>Grau <\/td>\n<td>Orange <\/td>\n<td>Violett <\/td>\n<\/tr>\n<tr>\n<td class=\"rowTitle\">Garantie<\/td>\n<td>3 Jahre<\/td>\n<td>3 Jahre<\/td>\n<td>3 Jahre<\/td>\n<\/tr>\n<tr>\n<td class=\"rowTitle\">Verpackung<\/td>\n<td> <\/td>\n<p> 1<\/p>\n<td> <\/td>\n<p> 1<\/p>\n<td>1 <\/td>\n<\/tr>\n<\/tbody>\n<\/table>\n","protected":false},"excerpt":{"rendered":"<p>Sicherungsger\u00e4t mit Nockenverriegelung und Anti-Panik-Griff, besonders geeignet f\u00fcr Training und intensive Nutzung Die volle optionale Versicherung! Dank des Anti-Panik-Griffs eignet<\/p>\n","protected":false},"featured_media":94120,"template":"","meta":{"_seopress_robots_primary_cat":"","_seopress_titles_title":"","_seopress_titles_desc":"","_seopress_robots_index":""},"product_brand":[3446],"product_cat":[33,211,818],"product_tag":[],"class_list":{"0":"post-471859","1":"product","2":"type-product","3":"status-publish","4":"has-post-thumbnail","6":"product_brand-petzl","7":"product_cat-attrezzature","8":"product_cat-attrezzatura-per-il-tempo-libero","9":"product_cat-imbraghi-e-materiale-di-sicurezza-attrezzatura-per-il-tempo-libero","11":"first","12":"onbackorder","13":"shipping-taxable","14":"purchasable","15":"product-type-variable"},"_links":{"self":[{"href":"https:\/\/lucacastelli.com\/de\/wp-json\/wp\/v2\/product\/471859","targetHints":{"allow":["GET"]}}],"collection":[{"href":"https:\/\/lucacastelli.com\/de\/wp-json\/wp\/v2\/product"}],"about":[{"href":"https:\/\/lucacastelli.com\/de\/wp-json\/wp\/v2\/types\/product"}],"wp:featuredmedia":[{"embeddable":true,"href":"https:\/\/lucacastelli.com\/de\/wp-json\/wp\/v2\/media\/94120"}],"wp:attachment":[{"href":"https:\/\/lucacastelli.com\/de\/wp-json\/wp\/v2\/media?parent=471859"}],"wp:term":[{"taxonomy":"product_brand","embeddable":true,"href":"https:\/\/lucacastelli.com\/de\/wp-json\/wp\/v2\/product_brand?post=471859"},{"taxonomy":"product_cat","embeddable":true,"href":"https:\/\/lucacastelli.com\/de\/wp-json\/wp\/v2\/product_cat?post=471859"},{"taxonomy":"product_tag","embeddable":true,"href":"https:\/\/lucacastelli.com\/de\/wp-json\/wp\/v2\/product_tag?post=471859"}],"curies":[{"name":"wp","href":"https:\/\/api.w.org\/{rel}","templated":true}]}}