{"id":471852,"date":"2023-04-22T09:04:58","date_gmt":"2023-04-22T07:04:58","guid":{"rendered":"https:\/\/lucacastelli.com\/prodotto\/petzl-so-schnell-wie-moeglich-schloss\/"},"modified":"2023-04-22T09:04:58","modified_gmt":"2023-04-22T07:04:58","slug":"petzl-so-schnell-wie-moeglich-schloss","status":"publish","type":"product","link":"https:\/\/lucacastelli.com\/de\/produkt\/petzl-so-schnell-wie-moeglich-schloss\/","title":{"rendered":"PETZL SO SCHNELL WIE M\u00d6GLICH SCHLOSS"},"content":{"rendered":"<p>Mobiles Seilauffangger\u00e4t mit Verriegelungsfunktion<\/p>\n<p>Das mobile Auffangger\u00e4t ASAP LOCK wurde entwickelt, um dem Benutzer die Man\u00f6ver beim Aufstieg an Seilen zu erleichtern. Unter normalen Einsatzbedingungen gleitet das Ger\u00e4t frei auf dem Seil, ohne dass ein manueller Eingriff erforderlich ist, um den Benutzer bei seinen Bewegungen zu begleiten. Im Falle eines Aufpralls oder einer pl\u00f6tzlichen Beschleunigung rastet das Auffangger\u00e4t am Seil ein und stoppt den Benutzer. Die integrierte Verriegelungsfunktion erm\u00f6glicht es dem Benutzer, das Ger\u00e4t zu stoppen, um die H\u00f6he des Sturzes zu verringern. Der Verbindungshebel macht das System bei der \u00dcberwindung von Br\u00fcchen un\u00fcbersehbar. Der ASAP LOCK wird mit einem ASAP&#8217;SORBER oder ASAP&#8217;SORBER AXESS Falld\u00e4mpfer verwendet, um vom Seil weg zu arbeiten.     <\/p>\n<p>Beschreibung<\/p>\n<p>Dauerhafte<br \/>\nAbsturzsicherung:<br \/>\n&#8211; stoppt St\u00fcrze, Ausrutschen und unkontrolliertes Absinken,<br \/>\n&#8211; funktioniert an senkrechten oder geneigten Seilen,<br \/>\n&#8211; rastet am Seil ein, auch wenn Sie das Ger\u00e4t w\u00e4hrend des Sturzes greifen.<br \/>\nIn das Auffangger\u00e4t integrierte Verriegelungsfunktion, die es dem Benutzer erm\u00f6glicht, das Ger\u00e4t anzuhalten, um die H\u00f6he des Sturzes zu verringern. Bei starkem Wind verhindert diese Funktion auch, dass das Seil nach oben gezogen wird.<br \/>\nEinfach zu bedienen und effektiv:<br \/>\n&#8211; es gleitet das Seil auf und ab, ohne manuellen Eingriff,<br \/>\n&#8211; es l\u00e4sst sich an jeder Stelle des Seils leicht installieren und deinstallieren,<br \/>\n&#8211; Der Verbindungshebel macht das System bei der \u00dcberwindung von Rissen un\u00fcbersehbar,- Es wird mit einem Falld\u00e4mpfer verwendet,<br \/>\n um weit vom Seil entfernt zu arbeiten: ASAP&#8217;SORBER oder ASAP&#8217;SORBER AXESS. Letzteres erm\u00f6glicht den Einsatz von bis zu 250 kg im Rahmen einer Zwei-Personen-Rettung.  <\/p>\n<p>Spezifikationen<br \/>\nMaterialien: Aluminium, Edelstahl, Polyamid<br \/>\nGewicht: 425 g<br \/>\nZertifizierung(en): CE EN 12841 Typ A zur Verwendung mit einem ASAP&#8217;SORBER oder ASAP&#8217;SORBER AXESS Falld\u00e4mpfer und einem EN 1891 Typ A 10 bis 13 mm<br \/>\nSeil Zertifizierung(en): CE EN 353-2 zur Verwendung mit einem ASAP&#8217;SORBER oder ASAP&#8217;SORBER AXESS Falld\u00e4mpfer und einem AXIS 11 mm Seil mit gen\u00e4hter Endverbindung.<br \/>\nZertifizierung(en): EAC wird mit einem ASAP&#8217;SORBER oder ASAP&#8217;SORBER AXESS Falld\u00e4mpfer und einem Seil EN 1891 Typ A von 10 bis 13 mm verwendet.<br \/>\nZertifizierung(en): ANSI Z359.15 in Verbindung mit einem ASAP&#8217;SORBER oder ASAP&#8217;SORBER AXESS Falld\u00e4mpfer, einem Bm&#8217;D oder OXAN TRIACT-LOCK Karabiner (internationale Version), einer CAPTIV Positionierungsstange und einem RAY 11 mm Seil mit vern\u00e4hter Endverbindung<\/p>\n<p>Garantie3 Jahre<\/p>\n","protected":false},"excerpt":{"rendered":"<p>Mobiles Seilauffangger\u00e4t mit Verriegelungsfunktion Das mobile Auffangger\u00e4t ASAP LOCK wurde entwickelt, um dem Benutzer die Man\u00f6ver beim Aufstieg an Seilen<\/p>\n","protected":false},"featured_media":94030,"template":"","meta":{"_seopress_robots_primary_cat":"","_seopress_titles_title":"","_seopress_titles_desc":"","_seopress_robots_index":""},"product_brand":[3666],"product_cat":[1396,1403,1410,150,1409],"product_tag":[],"class_list":{"0":"post-471852","1":"product","2":"type-product","3":"status-publish","4":"has-post-thumbnail","6":"product_brand-petzl-de","7":"product_cat-arbeitsausrustung","8":"product_cat-auffanggurte-und-sicherheitsausrustung","9":"product_cat-auffanggurte-und-sicherheitsausrustung-de","10":"product_cat-ausrustung","11":"product_cat-freizeitausrustung","13":"first","14":"onbackorder","15":"shipping-taxable","16":"purchasable","17":"product-type-simple"},"_links":{"self":[{"href":"https:\/\/lucacastelli.com\/de\/wp-json\/wp\/v2\/product\/471852","targetHints":{"allow":["GET"]}}],"collection":[{"href":"https:\/\/lucacastelli.com\/de\/wp-json\/wp\/v2\/product"}],"about":[{"href":"https:\/\/lucacastelli.com\/de\/wp-json\/wp\/v2\/types\/product"}],"wp:featuredmedia":[{"embeddable":true,"href":"https:\/\/lucacastelli.com\/de\/wp-json\/wp\/v2\/media\/94030"}],"wp:attachment":[{"href":"https:\/\/lucacastelli.com\/de\/wp-json\/wp\/v2\/media?parent=471852"}],"wp:term":[{"taxonomy":"product_brand","embeddable":true,"href":"https:\/\/lucacastelli.com\/de\/wp-json\/wp\/v2\/product_brand?post=471852"},{"taxonomy":"product_cat","embeddable":true,"href":"https:\/\/lucacastelli.com\/de\/wp-json\/wp\/v2\/product_cat?post=471852"},{"taxonomy":"product_tag","embeddable":true,"href":"https:\/\/lucacastelli.com\/de\/wp-json\/wp\/v2\/product_tag?post=471852"}],"curies":[{"name":"wp","href":"https:\/\/api.w.org\/{rel}","templated":true}]}}